{"id":4435,"date":"2017-10-03T17:21:28","date_gmt":"2017-10-03T16:21:28","guid":{"rendered":"https:\/\/palmadelrio.salesianos.edu\/colegio\/pastoral-escolar\/"},"modified":"2024-05-08T08:49:11","modified_gmt":"2024-05-08T07:49:11","slug":"pastoral-escolar","status":"publish","type":"page","link":"https:\/\/palmadelrio.salesianos.edu\/colegio\/pastoral-escolar\/","title":{"rendered":"Pastoral Escolar"},"content":{"rendered":"<div id=\"fb-root\"><\/div>\n<p>[et_pb_section fb_built=\u00bb1&#8243; fullwidth=\u00bbon\u00bb admin_label=\u00bbSecci\u00f3n\u00bb _builder_version=\u00bb4.16&#8243; global_colors_info=\u00bb{}\u00bb][et_pb_fullwidth_header title=\u00bbPastoral Escolar\u00bb content_max_width=\u00bbnone\u00bb admin_label=\u00bbT\u00edtulo de anchura completa\u00bb module_class=\u00bbpagina-imagen-cabecera\u00bb _builder_version=\u00bb4.16&#8243; background_color=\u00bbrgba(255, 255, 255, 0)\u00bb background_image=\u00bbhttps:\/\/palmadelrio.salesianos.edu\/wp-content\/uploads\/2017\/09\/fondo.jpg\u00bb background_layout=\u00bblight\u00bb button_one_letter_spacing_hover=\u00bb0&#8243; button_two_letter_spacing_hover=\u00bb0&#8243; global_colors_info=\u00bb{}\u00bb button_one_text_size__hover_enabled=\u00bboff\u00bb button_two_text_size__hover_enabled=\u00bboff\u00bb button_one_text_color__hover_enabled=\u00bboff\u00bb button_two_text_color__hover_enabled=\u00bboff\u00bb button_one_border_width__hover_enabled=\u00bboff\u00bb button_two_border_width__hover_enabled=\u00bboff\u00bb button_one_border_color__hover_enabled=\u00bboff\u00bb button_two_border_color__hover_enabled=\u00bboff\u00bb button_one_border_radius__hover_enabled=\u00bboff\u00bb button_two_border_radius__hover_enabled=\u00bboff\u00bb button_one_letter_spacing__hover_enabled=\u00bbon\u00bb button_one_letter_spacing__hover=\u00bb0&#8243; button_two_letter_spacing__hover_enabled=\u00bbon\u00bb button_two_letter_spacing__hover=\u00bb0&#8243; button_one_bg_color__hover_enabled=\u00bboff\u00bb button_two_bg_color__hover_enabled=\u00bboff\u00bb][\/et_pb_fullwidth_header][\/et_pb_section][et_pb_section fb_built=\u00bb1&#8243; admin_label=\u00bbsection\u00bb _builder_version=\u00bb4.16&#8243; global_colors_info=\u00bb{}\u00bb][et_pb_row admin_label=\u00bbrow\u00bb _builder_version=\u00bb4.16&#8243; background_size=\u00bbinitial\u00bb background_position=\u00bbtop_left\u00bb background_repeat=\u00bbrepeat\u00bb global_colors_info=\u00bb{}\u00bb][et_pb_column type=\u00bb4_4&#8243; _builder_version=\u00bb4.16&#8243; custom_padding=\u00bb|||\u00bb global_colors_info=\u00bb{}\u00bb custom_padding__hover=\u00bb|||\u00bb][et_pb_text admin_label=\u00bbText\u00bb _builder_version=\u00bb4.25.0&#8243; header_font_size=\u00bb40px\u00bb background_size=\u00bbinitial\u00bb background_position=\u00bbtop_left\u00bb background_repeat=\u00bbrepeat\u00bb hover_enabled=\u00bb0&#8243; border_style=\u00bbsolid\u00bb global_colors_info=\u00bb{}\u00bb sticky_enabled=\u00bb0&#8243;]<\/p>\n<p style=\"text-align: justify;\">Como Colegio Cristiano, ofertamos a nuestros alumnos una serie de actividades de pastoral como son: \u201cBuenos D\u00edas\u201d todas las ma\u00f1anas, Campa\u00f1as misioneras y solidarias, Celebraciones y Fiestas Religiosas (en especial Don Bosco y Mar\u00eda Auxiliadora), Animaci\u00f3n Vocacional, Convivencias y Retiros, Intervenci\u00f3n en las Tutor\u00edas de Ciclos Formativos, Di\u00e1logo personal con alumnado, Sensibilizaci\u00f3n del Profesorado,\u2026 todo ello enfocado a que sus hijos sean como dec\u00eda D. Bosco \u201cbuenos cristianos y honrados ciudadanos\u201d.<\/p>\n<p style=\"text-align: justify;\">Adem\u00e1s, en nuestra gran Casa tambi\u00e9n contamos con la <strong>Asociaci\u00f3n Juvenil EMEJOTAESE <\/strong>que abre todas las tardes sus puertas en horario no escolar a todos los chicos y chicas de Palma del R\u00edo. Los \u201cTalleres\u201d tanto para padres y madres como para j\u00f3venes, entre ellos nuestro exitoso musical; los\u00a0<strong>g<\/strong><strong>rupos de educaci\u00f3n en la fe \u201cCristo Vive\u201d<\/strong>\u00a0los viernes; y el\u00a0<strong>\u201cOratorio Don Bosco Colega\u201d<\/strong> los viernes, hacen posible la educaci\u00f3n integral de nuestros adolescentes y j\u00f3venes remarcando nuestra identidad salesiana.<\/p>\n<p>&nbsp;<\/p>\n<p>[\/et_pb_text][\/et_pb_column][\/et_pb_row][\/et_pb_section]<\/p>\n","protected":false},"excerpt":{"rendered":"<p>Como Colegio Cristiano, ofertamos a nuestros alumnos una serie de actividades de pastoral como son: \u201cBuenos D\u00edas\u201d todas las ma\u00f1anas, Campa\u00f1as misioneras y solidarias, Celebraciones y Fiestas Religiosas (en especial Don Bosco y Mar\u00eda Auxiliadora), Animaci\u00f3n Vocacional, Convivencias y Retiros, Intervenci\u00f3n en las Tutor\u00edas de Ciclos Formativos, Di\u00e1logo personal con alumnado, Sensibilizaci\u00f3n del Profesorado,\u2026 todo [&hellip;]<\/p>\n","protected":false},"author":2,"featured_media":0,"parent":0,"menu_order":0,"comment_status":"closed","ping_status":"closed","template":"","meta":{"_et_pb_use_builder":"on","_et_pb_old_content":"","_et_gb_content_width":"","footnotes":""},"class_list":["post-4435","page","type-page","status-publish","hentry"],"yoast_head":"<!-- This site is optimized with the Yoast SEO plugin v27.4 - https:\/\/yoast.com\/product\/yoast-seo-wordpress\/ -->\n<title>Pastoral Escolar - Colegio<\/title>\n<meta name=\"robots\" content=\"index, follow, max-snippet:-1, max-image-preview:large, max-video-preview:-1\" \/>\n<link rel=\"canonical\" href=\"https:\/\/palmadelrio.salesianos.edu\/colegio\/pastoral-escolar\/\" \/>\n<meta property=\"og:locale\" content=\"es_ES\" \/>\n<meta property=\"og:type\" content=\"article\" \/>\n<meta property=\"og:title\" content=\"Pastoral Escolar - Colegio\" \/>\n<meta property=\"og:description\" content=\"Como Colegio Cristiano, ofertamos a nuestros alumnos una serie de actividades de pastoral como son: \u201cBuenos D\u00edas\u201d todas las ma\u00f1anas, Campa\u00f1as misioneras y solidarias, Celebraciones y Fiestas Religiosas (en especial Don Bosco y Mar\u00eda Auxiliadora), Animaci\u00f3n Vocacional, Convivencias y Retiros, Intervenci\u00f3n en las Tutor\u00edas de Ciclos Formativos, Di\u00e1logo personal con alumnado, Sensibilizaci\u00f3n del Profesorado,\u2026 todo [&hellip;]\" \/>\n<meta property=\"og:url\" content=\"https:\/\/palmadelrio.salesianos.edu\/colegio\/pastoral-escolar\/\" \/>\n<meta property=\"og:site_name\" content=\"Colegio\" \/>\n<meta property=\"article:modified_time\" content=\"2024-05-08T07:49:11+00:00\" \/>\n<meta name=\"twitter:card\" content=\"summary_large_image\" \/>\n<meta name=\"twitter:label1\" content=\"Tiempo de lectura\" \/>\n\t<meta name=\"twitter:data1\" content=\"1 minuto\" \/>\n<script type=\"application\/ld+json\" class=\"yoast-schema-graph\">{\"@context\":\"https:\\\/\\\/schema.org\",\"@graph\":[{\"@type\":\"WebPage\",\"@id\":\"https:\\\/\\\/palmadelrio.salesianos.edu\\\/colegio\\\/pastoral-escolar\\\/\",\"url\":\"https:\\\/\\\/palmadelrio.salesianos.edu\\\/colegio\\\/pastoral-escolar\\\/\",\"name\":\"Pastoral Escolar - Colegio\",\"isPartOf\":{\"@id\":\"https:\\\/\\\/palmadelrio.salesianos.edu\\\/colegio\\\/#website\"},\"datePublished\":\"2017-10-03T16:21:28+00:00\",\"dateModified\":\"2024-05-08T07:49:11+00:00\",\"breadcrumb\":{\"@id\":\"https:\\\/\\\/palmadelrio.salesianos.edu\\\/colegio\\\/pastoral-escolar\\\/#breadcrumb\"},\"inLanguage\":\"es\",\"potentialAction\":[{\"@type\":\"ReadAction\",\"target\":[\"https:\\\/\\\/palmadelrio.salesianos.edu\\\/colegio\\\/pastoral-escolar\\\/\"]}]},{\"@type\":\"BreadcrumbList\",\"@id\":\"https:\\\/\\\/palmadelrio.salesianos.edu\\\/colegio\\\/pastoral-escolar\\\/#breadcrumb\",\"itemListElement\":[{\"@type\":\"ListItem\",\"position\":1,\"name\":\"Portada\",\"item\":\"https:\\\/\\\/palmadelrio.salesianos.edu\\\/colegio\\\/\"},{\"@type\":\"ListItem\",\"position\":2,\"name\":\"Pastoral Escolar\"}]},{\"@type\":\"WebSite\",\"@id\":\"https:\\\/\\\/palmadelrio.salesianos.edu\\\/colegio\\\/#website\",\"url\":\"https:\\\/\\\/palmadelrio.salesianos.edu\\\/colegio\\\/\",\"name\":\"Colegio\",\"description\":\"P\u00e1gina oficial Salesianos Palma del R\u00edo\",\"potentialAction\":[{\"@type\":\"SearchAction\",\"target\":{\"@type\":\"EntryPoint\",\"urlTemplate\":\"https:\\\/\\\/palmadelrio.salesianos.edu\\\/colegio\\\/?s={search_term_string}\"},\"query-input\":{\"@type\":\"PropertyValueSpecification\",\"valueRequired\":true,\"valueName\":\"search_term_string\"}}],\"inLanguage\":\"es\"}]}<\/script>\n<!-- \/ Yoast SEO plugin. -->","yoast_head_json":{"title":"Pastoral Escolar - Colegio","robots":{"index":"index","follow":"follow","max-snippet":"max-snippet:-1","max-image-preview":"max-image-preview:large","max-video-preview":"max-video-preview:-1"},"canonical":"https:\/\/palmadelrio.salesianos.edu\/colegio\/pastoral-escolar\/","og_locale":"es_ES","og_type":"article","og_title":"Pastoral Escolar - Colegio","og_description":"Como Colegio Cristiano, ofertamos a nuestros alumnos una serie de actividades de pastoral como son: \u201cBuenos D\u00edas\u201d todas las ma\u00f1anas, Campa\u00f1as misioneras y solidarias, Celebraciones y Fiestas Religiosas (en especial Don Bosco y Mar\u00eda Auxiliadora), Animaci\u00f3n Vocacional, Convivencias y Retiros, Intervenci\u00f3n en las Tutor\u00edas de Ciclos Formativos, Di\u00e1logo personal con alumnado, Sensibilizaci\u00f3n del Profesorado,\u2026 todo [&hellip;]","og_url":"https:\/\/palmadelrio.salesianos.edu\/colegio\/pastoral-escolar\/","og_site_name":"Colegio","article_modified_time":"2024-05-08T07:49:11+00:00","twitter_card":"summary_large_image","twitter_misc":{"Tiempo de lectura":"1 minuto"},"schema":{"@context":"https:\/\/schema.org","@graph":[{"@type":"WebPage","@id":"https:\/\/palmadelrio.salesianos.edu\/colegio\/pastoral-escolar\/","url":"https:\/\/palmadelrio.salesianos.edu\/colegio\/pastoral-escolar\/","name":"Pastoral Escolar - Colegio","isPartOf":{"@id":"https:\/\/palmadelrio.salesianos.edu\/colegio\/#website"},"datePublished":"2017-10-03T16:21:28+00:00","dateModified":"2024-05-08T07:49:11+00:00","breadcrumb":{"@id":"https:\/\/palmadelrio.salesianos.edu\/colegio\/pastoral-escolar\/#breadcrumb"},"inLanguage":"es","potentialAction":[{"@type":"ReadAction","target":["https:\/\/palmadelrio.salesianos.edu\/colegio\/pastoral-escolar\/"]}]},{"@type":"BreadcrumbList","@id":"https:\/\/palmadelrio.salesianos.edu\/colegio\/pastoral-escolar\/#breadcrumb","itemListElement":[{"@type":"ListItem","position":1,"name":"Portada","item":"https:\/\/palmadelrio.salesianos.edu\/colegio\/"},{"@type":"ListItem","position":2,"name":"Pastoral Escolar"}]},{"@type":"WebSite","@id":"https:\/\/palmadelrio.salesianos.edu\/colegio\/#website","url":"https:\/\/palmadelrio.salesianos.edu\/colegio\/","name":"Colegio","description":"P\u00e1gina oficial Salesianos Palma del R\u00edo","potentialAction":[{"@type":"SearchAction","target":{"@type":"EntryPoint","urlTemplate":"https:\/\/palmadelrio.salesianos.edu\/colegio\/?s={search_term_string}"},"query-input":{"@type":"PropertyValueSpecification","valueRequired":true,"valueName":"search_term_string"}}],"inLanguage":"es"}]}},"_links":{"self":[{"href":"https:\/\/palmadelrio.salesianos.edu\/colegio\/wp-json\/wp\/v2\/pages\/4435","targetHints":{"allow":["GET"]}}],"collection":[{"href":"https:\/\/palmadelrio.salesianos.edu\/colegio\/wp-json\/wp\/v2\/pages"}],"about":[{"href":"https:\/\/palmadelrio.salesianos.edu\/colegio\/wp-json\/wp\/v2\/types\/page"}],"author":[{"embeddable":true,"href":"https:\/\/palmadelrio.salesianos.edu\/colegio\/wp-json\/wp\/v2\/users\/2"}],"replies":[{"embeddable":true,"href":"https:\/\/palmadelrio.salesianos.edu\/colegio\/wp-json\/wp\/v2\/comments?post=4435"}],"version-history":[{"count":1,"href":"https:\/\/palmadelrio.salesianos.edu\/colegio\/wp-json\/wp\/v2\/pages\/4435\/revisions"}],"predecessor-version":[{"id":6039,"href":"https:\/\/palmadelrio.salesianos.edu\/colegio\/wp-json\/wp\/v2\/pages\/4435\/revisions\/6039"}],"wp:attachment":[{"href":"https:\/\/palmadelrio.salesianos.edu\/colegio\/wp-json\/wp\/v2\/media?parent=4435"}],"curies":[{"name":"wp","href":"https:\/\/api.w.org\/{rel}","templated":true}]}}