{"id":4437,"date":"2017-10-03T17:22:59","date_gmt":"2017-10-03T16:22:59","guid":{"rendered":"https:\/\/palmadelrio.salesianos.edu\/colegio\/orientacion\/"},"modified":"2026-01-08T19:53:23","modified_gmt":"2026-01-08T18:53:23","slug":"orientacion","status":"publish","type":"page","link":"https:\/\/palmadelrio.salesianos.edu\/colegio\/orientacion\/","title":{"rendered":"Orientaci\u00f3n"},"content":{"rendered":"<div id=\"fb-root\"><\/div>\n<p>[et_pb_section fb_built=\u00bb1&#8243; fullwidth=\u00bbon\u00bb _builder_version=\u00bb4.16&#8243; global_colors_info=\u00bb{}\u00bb][et_pb_fullwidth_header title=\u00bbOrientaci\u00f3n\u00bb content_max_width=\u00bbnone\u00bb module_class=\u00bbpagina-imagen-cabecera\u00bb _builder_version=\u00bb4.16&#8243; background_color=\u00bbrgba(255, 255, 255, 0)\u00bb background_image=\u00bbhttps:\/\/palmadelrio.salesianos.edu\/wp-content\/uploads\/2017\/09\/fondo.jpg\u00bb background_layout=\u00bblight\u00bb button_one_letter_spacing_hover=\u00bb0&#8243; button_two_letter_spacing_hover=\u00bb0&#8243; global_colors_info=\u00bb{}\u00bb button_one_text_size__hover_enabled=\u00bboff\u00bb button_two_text_size__hover_enabled=\u00bboff\u00bb button_one_text_color__hover_enabled=\u00bboff\u00bb button_two_text_color__hover_enabled=\u00bboff\u00bb button_one_border_width__hover_enabled=\u00bboff\u00bb button_two_border_width__hover_enabled=\u00bboff\u00bb button_one_border_color__hover_enabled=\u00bboff\u00bb button_two_border_color__hover_enabled=\u00bboff\u00bb button_one_border_radius__hover_enabled=\u00bboff\u00bb button_two_border_radius__hover_enabled=\u00bboff\u00bb button_one_letter_spacing__hover_enabled=\u00bbon\u00bb button_one_letter_spacing__hover=\u00bb0&#8243; button_two_letter_spacing__hover_enabled=\u00bbon\u00bb button_two_letter_spacing__hover=\u00bb0&#8243; button_one_bg_color__hover_enabled=\u00bboff\u00bb button_two_bg_color__hover_enabled=\u00bboff\u00bb][\/et_pb_fullwidth_header][\/et_pb_section][et_pb_section fb_built=\u00bb1&#8243; admin_label=\u00bbsection\u00bb _builder_version=\u00bb4.16&#8243; global_colors_info=\u00bb{}\u00bb][et_pb_row admin_label=\u00bbrow\u00bb _builder_version=\u00bb4.16&#8243; background_size=\u00bbinitial\u00bb background_position=\u00bbtop_left\u00bb background_repeat=\u00bbrepeat\u00bb global_colors_info=\u00bb{}\u00bb][et_pb_column type=\u00bb4_4&#8243; _builder_version=\u00bb4.16&#8243; custom_padding=\u00bb|||\u00bb global_colors_info=\u00bb{}\u00bb custom_padding__hover=\u00bb|||\u00bb][et_pb_text admin_label=\u00bbTexto Principal\u00bb _builder_version=\u00bb4.27.4&#8243; header_font_size=\u00bb40px\u00bb background_size=\u00bbinitial\u00bb background_position=\u00bbtop_left\u00bb background_repeat=\u00bbrepeat\u00bb border_style=\u00bbsolid\u00bb global_colors_info=\u00bb{}\u00bb]<\/p>\n<p><a href=\"https:\/\/elorienta.com\/movil\/\/?yafxb=81534\" target=\"_blank\" rel=\"noopener\"><img loading=\"lazy\" decoding=\"async\" class=\"aligncenter wp-image-6175 size-thumbnail\" src=\"https:\/\/palmadelrio.salesianos.edu\/colegio\/wp-content\/uploads\/sites\/2\/2024\/11\/Imagen-de-WhatsApp-2024-11-04-a-las-09.55.05_a406ee2b-150x150.jpg\" alt=\"\" width=\"150\" height=\"150\" \/><\/a><\/p>\n<h4 style=\"text-align: center;\"><strong>Programa Orienta Online<\/strong><\/h4>\n<p>&nbsp;<\/p>\n<p>El Departamento de Orientaci\u00f3n es un equipo multidisciplinar que cuenta con la figura del Orientador\/a, Maestra de Audici\u00f3n y Lenguaje, Maestra de Pedagog\u00eda Terap\u00e9utica y una pedagoga.<\/p>\n<p>Nuestro objetivo radica en llegar a todas las \u00e1reas que abarcan a nuestro alumnado, y ayudarles, para su crecimiento y madurez. Es por ello que intentamos abarcar de forma integral todos los \u00e1mbitos: acad\u00e9mico, social, emocional\u2026<\/p>\n<p>Desde nuestro departamento, se trabaja en torno a tres l\u00edneas fundamentales, las cuales son:<br \/>1. La Orientaci\u00f3n Acad\u00e9mica y Profesional: Informando sobre el sistema educativo actual y dot\u00e1ndoles de estrategias para poder decidir sobre su futuro acad\u00e9mico y profesional.<br \/>2. La Acci\u00f3n Tutorial: Asesorando al alumnado, tutores y familia sobre diferentes cuestiones psicopedag\u00f3gicas.<br \/>3. La Atenci\u00f3n a la Diversidad: Detectando las necesidades espec\u00edficas de apoyo educativo de nuestro alumnado, ofreciendo la respuesta m\u00e1s adecuada a sus caracter\u00edsticas individuales a trav\u00e9s del refuerzo educativo, apoyo de un segundo profesor para alumnos con dificultad de aprendizaje, intervenciones logop\u00e9dicas y una atenci\u00f3n individualizada para alumnos con necesidades educativas especiales.<\/p>\n<p>&nbsp;<\/p>\n<hr \/>\n<p>&nbsp;<\/p>\n<p>[\/et_pb_text][et_pb_text admin_label=\u00bbTexto Informaci\u00f3n Webs\u00bb _builder_version=\u00bb4.27.4&#8243; border_style=\u00bbsolid\u00bb global_colors_info=\u00bb{}\u00bb]<\/p>\n<p>&nbsp;<\/p>\n<h2 style=\"text-align: center;\">INFORMACI\u00d3N<\/h2>\n<ul>\n<li>BECA 6000<br \/><a href=\"https:\/\/www.juntadeandalucia.es\/educacion\/portales\/web\/educacion\/w\/convocatoria-publica-de-la-beca-6000-para-el-curso-escolar-2025-2026\" target=\"_blank\" rel=\"noopener\">https:\/\/www.juntadeandalucia.es\/educacion\/portales\/web\/educacion\/w\/convocatoria-publica-de-la-beca-6000-para-el-curso-escolar-2025-2026<\/a><\/li>\n<li>BECA ADRIANO<br \/><a href=\"https:\/\/www.juntadeandalucia.es\/educacion\/portales\/web\/educacion\/w\/convocatoria-publica-de-la-beca-adriano-para-el-curso-escolar-2025-2026\" target=\"_blank\" rel=\"noopener\">https:\/\/www.juntadeandalucia.es\/educacion\/portales\/web\/educacion\/w\/convocatoria-publica-de-la-beca-adriano-para-el-curso-escolar-2025-2026<\/a><\/li>\n<li><a href=\"https:\/\/www.juntadeandalucia.es\/economiaconocimientoempresasyuniversidad\/sguit\/\" target=\"_blank\" rel=\"noopener\">https:\/\/www.juntadeandalucia.es\/economiaconocimientoempresasyuniversidad\/sguit\/<\/a><\/li>\n<li><a href=\"https:\/\/todofp.es\/inicio.html\" target=\"_blank\" rel=\"noopener\">https:\/\/todofp.es\/inicio.html<\/a><\/li>\n<li><a href=\"https:\/\/www.orientacionandujar.es\/\" target=\"_blank\" rel=\"noopener\">https:\/\/www.orientacionandujar.es\/<\/a><\/li>\n<li><a href=\"https:\/\/blogsaverroes.juntadeandalucia.es\/etpoepcordoba\/directorio\/\" target=\"_blank\" rel=\"noopener\">https:\/\/blogsaverroes.juntadeandalucia.es\/etpoepcordoba\/directorio\/<\/a><\/li>\n<li><a href=\"https:\/\/www.becaseducacion.gob.es\/becas-y-ayudas.html\" target=\"_blank\" rel=\"noopener\">https:\/\/www.becaseducacion.gob.es\/becas-y-ayudas.html<\/a><\/li>\n<\/ul>\n<p>[\/et_pb_text][\/et_pb_column][\/et_pb_row][\/et_pb_section]<\/p>\n","protected":false},"excerpt":{"rendered":"<p>Programa Orienta Online &nbsp; El Departamento de Orientaci\u00f3n es un equipo multidisciplinar que cuenta con la figura del Orientador\/a, Maestra de Audici\u00f3n y Lenguaje, Maestra de Pedagog\u00eda Terap\u00e9utica y una pedagoga. Nuestro objetivo radica en llegar a todas las \u00e1reas que abarcan a nuestro alumnado, y ayudarles, para su crecimiento y madurez. Es por ello [&hellip;]<\/p>\n","protected":false},"author":2,"featured_media":0,"parent":0,"menu_order":0,"comment_status":"closed","ping_status":"closed","template":"","meta":{"_et_pb_use_builder":"on","_et_pb_old_content":"","_et_gb_content_width":"","footnotes":""},"class_list":["post-4437","page","type-page","status-publish","hentry"],"yoast_head":"<!-- This site is optimized with the Yoast SEO plugin v27.4 - https:\/\/yoast.com\/product\/yoast-seo-wordpress\/ -->\n<title>Orientaci\u00f3n - Colegio<\/title>\n<meta name=\"robots\" content=\"index, follow, max-snippet:-1, max-image-preview:large, max-video-preview:-1\" \/>\n<link rel=\"canonical\" href=\"https:\/\/palmadelrio.salesianos.edu\/colegio\/orientacion\/\" \/>\n<meta property=\"og:locale\" content=\"es_ES\" \/>\n<meta property=\"og:type\" content=\"article\" \/>\n<meta property=\"og:title\" content=\"Orientaci\u00f3n - Colegio\" \/>\n<meta property=\"og:description\" content=\"Programa Orienta Online &nbsp; El Departamento de Orientaci\u00f3n es un equipo multidisciplinar que cuenta con la figura del Orientador\/a, Maestra de Audici\u00f3n y Lenguaje, Maestra de Pedagog\u00eda Terap\u00e9utica y una pedagoga. Nuestro objetivo radica en llegar a todas las \u00e1reas que abarcan a nuestro alumnado, y ayudarles, para su crecimiento y madurez. Es por ello [&hellip;]\" \/>\n<meta property=\"og:url\" content=\"https:\/\/palmadelrio.salesianos.edu\/colegio\/orientacion\/\" \/>\n<meta property=\"og:site_name\" content=\"Colegio\" \/>\n<meta property=\"article:modified_time\" content=\"2026-01-08T18:53:23+00:00\" \/>\n<meta property=\"og:image\" content=\"https:\/\/palmadelrio.salesianos.edu\/colegio\/wp-content\/uploads\/sites\/2\/2024\/11\/Imagen-de-WhatsApp-2024-11-04-a-las-09.55.05_a406ee2b-150x150.jpg\" \/>\n<meta name=\"twitter:card\" content=\"summary_large_image\" \/>\n<meta name=\"twitter:label1\" content=\"Tiempo de lectura\" \/>\n\t<meta name=\"twitter:data1\" content=\"2 minutos\" \/>\n<script type=\"application\/ld+json\" class=\"yoast-schema-graph\">{\"@context\":\"https:\\\/\\\/schema.org\",\"@graph\":[{\"@type\":\"WebPage\",\"@id\":\"https:\\\/\\\/palmadelrio.salesianos.edu\\\/colegio\\\/orientacion\\\/\",\"url\":\"https:\\\/\\\/palmadelrio.salesianos.edu\\\/colegio\\\/orientacion\\\/\",\"name\":\"Orientaci\u00f3n - Colegio\",\"isPartOf\":{\"@id\":\"https:\\\/\\\/palmadelrio.salesianos.edu\\\/colegio\\\/#website\"},\"primaryImageOfPage\":{\"@id\":\"https:\\\/\\\/palmadelrio.salesianos.edu\\\/colegio\\\/orientacion\\\/#primaryimage\"},\"image\":{\"@id\":\"https:\\\/\\\/palmadelrio.salesianos.edu\\\/colegio\\\/orientacion\\\/#primaryimage\"},\"thumbnailUrl\":\"https:\\\/\\\/palmadelrio.salesianos.edu\\\/colegio\\\/wp-content\\\/uploads\\\/sites\\\/2\\\/2024\\\/11\\\/Imagen-de-WhatsApp-2024-11-04-a-las-09.55.05_a406ee2b-150x150.jpg\",\"datePublished\":\"2017-10-03T16:22:59+00:00\",\"dateModified\":\"2026-01-08T18:53:23+00:00\",\"breadcrumb\":{\"@id\":\"https:\\\/\\\/palmadelrio.salesianos.edu\\\/colegio\\\/orientacion\\\/#breadcrumb\"},\"inLanguage\":\"es\",\"potentialAction\":[{\"@type\":\"ReadAction\",\"target\":[\"https:\\\/\\\/palmadelrio.salesianos.edu\\\/colegio\\\/orientacion\\\/\"]}]},{\"@type\":\"ImageObject\",\"inLanguage\":\"es\",\"@id\":\"https:\\\/\\\/palmadelrio.salesianos.edu\\\/colegio\\\/orientacion\\\/#primaryimage\",\"url\":\"https:\\\/\\\/palmadelrio.salesianos.edu\\\/colegio\\\/wp-content\\\/uploads\\\/sites\\\/2\\\/2024\\\/11\\\/Imagen-de-WhatsApp-2024-11-04-a-las-09.55.05_a406ee2b.jpg\",\"contentUrl\":\"https:\\\/\\\/palmadelrio.salesianos.edu\\\/colegio\\\/wp-content\\\/uploads\\\/sites\\\/2\\\/2024\\\/11\\\/Imagen-de-WhatsApp-2024-11-04-a-las-09.55.05_a406ee2b.jpg\",\"width\":720,\"height\":1003},{\"@type\":\"BreadcrumbList\",\"@id\":\"https:\\\/\\\/palmadelrio.salesianos.edu\\\/colegio\\\/orientacion\\\/#breadcrumb\",\"itemListElement\":[{\"@type\":\"ListItem\",\"position\":1,\"name\":\"Portada\",\"item\":\"https:\\\/\\\/palmadelrio.salesianos.edu\\\/colegio\\\/\"},{\"@type\":\"ListItem\",\"position\":2,\"name\":\"Orientaci\u00f3n\"}]},{\"@type\":\"WebSite\",\"@id\":\"https:\\\/\\\/palmadelrio.salesianos.edu\\\/colegio\\\/#website\",\"url\":\"https:\\\/\\\/palmadelrio.salesianos.edu\\\/colegio\\\/\",\"name\":\"Colegio\",\"description\":\"P\u00e1gina oficial Salesianos Palma del R\u00edo\",\"potentialAction\":[{\"@type\":\"SearchAction\",\"target\":{\"@type\":\"EntryPoint\",\"urlTemplate\":\"https:\\\/\\\/palmadelrio.salesianos.edu\\\/colegio\\\/?s={search_term_string}\"},\"query-input\":{\"@type\":\"PropertyValueSpecification\",\"valueRequired\":true,\"valueName\":\"search_term_string\"}}],\"inLanguage\":\"es\"}]}<\/script>\n<!-- \/ Yoast SEO plugin. -->","yoast_head_json":{"title":"Orientaci\u00f3n - Colegio","robots":{"index":"index","follow":"follow","max-snippet":"max-snippet:-1","max-image-preview":"max-image-preview:large","max-video-preview":"max-video-preview:-1"},"canonical":"https:\/\/palmadelrio.salesianos.edu\/colegio\/orientacion\/","og_locale":"es_ES","og_type":"article","og_title":"Orientaci\u00f3n - Colegio","og_description":"Programa Orienta Online &nbsp; El Departamento de Orientaci\u00f3n es un equipo multidisciplinar que cuenta con la figura del Orientador\/a, Maestra de Audici\u00f3n y Lenguaje, Maestra de Pedagog\u00eda Terap\u00e9utica y una pedagoga. Nuestro objetivo radica en llegar a todas las \u00e1reas que abarcan a nuestro alumnado, y ayudarles, para su crecimiento y madurez. Es por ello [&hellip;]","og_url":"https:\/\/palmadelrio.salesianos.edu\/colegio\/orientacion\/","og_site_name":"Colegio","article_modified_time":"2026-01-08T18:53:23+00:00","og_image":[{"url":"https:\/\/palmadelrio.salesianos.edu\/colegio\/wp-content\/uploads\/sites\/2\/2024\/11\/Imagen-de-WhatsApp-2024-11-04-a-las-09.55.05_a406ee2b-150x150.jpg","type":"","width":"","height":""}],"twitter_card":"summary_large_image","twitter_misc":{"Tiempo de lectura":"2 minutos"},"schema":{"@context":"https:\/\/schema.org","@graph":[{"@type":"WebPage","@id":"https:\/\/palmadelrio.salesianos.edu\/colegio\/orientacion\/","url":"https:\/\/palmadelrio.salesianos.edu\/colegio\/orientacion\/","name":"Orientaci\u00f3n - Colegio","isPartOf":{"@id":"https:\/\/palmadelrio.salesianos.edu\/colegio\/#website"},"primaryImageOfPage":{"@id":"https:\/\/palmadelrio.salesianos.edu\/colegio\/orientacion\/#primaryimage"},"image":{"@id":"https:\/\/palmadelrio.salesianos.edu\/colegio\/orientacion\/#primaryimage"},"thumbnailUrl":"https:\/\/palmadelrio.salesianos.edu\/colegio\/wp-content\/uploads\/sites\/2\/2024\/11\/Imagen-de-WhatsApp-2024-11-04-a-las-09.55.05_a406ee2b-150x150.jpg","datePublished":"2017-10-03T16:22:59+00:00","dateModified":"2026-01-08T18:53:23+00:00","breadcrumb":{"@id":"https:\/\/palmadelrio.salesianos.edu\/colegio\/orientacion\/#breadcrumb"},"inLanguage":"es","potentialAction":[{"@type":"ReadAction","target":["https:\/\/palmadelrio.salesianos.edu\/colegio\/orientacion\/"]}]},{"@type":"ImageObject","inLanguage":"es","@id":"https:\/\/palmadelrio.salesianos.edu\/colegio\/orientacion\/#primaryimage","url":"https:\/\/palmadelrio.salesianos.edu\/colegio\/wp-content\/uploads\/sites\/2\/2024\/11\/Imagen-de-WhatsApp-2024-11-04-a-las-09.55.05_a406ee2b.jpg","contentUrl":"https:\/\/palmadelrio.salesianos.edu\/colegio\/wp-content\/uploads\/sites\/2\/2024\/11\/Imagen-de-WhatsApp-2024-11-04-a-las-09.55.05_a406ee2b.jpg","width":720,"height":1003},{"@type":"BreadcrumbList","@id":"https:\/\/palmadelrio.salesianos.edu\/colegio\/orientacion\/#breadcrumb","itemListElement":[{"@type":"ListItem","position":1,"name":"Portada","item":"https:\/\/palmadelrio.salesianos.edu\/colegio\/"},{"@type":"ListItem","position":2,"name":"Orientaci\u00f3n"}]},{"@type":"WebSite","@id":"https:\/\/palmadelrio.salesianos.edu\/colegio\/#website","url":"https:\/\/palmadelrio.salesianos.edu\/colegio\/","name":"Colegio","description":"P\u00e1gina oficial Salesianos Palma del R\u00edo","potentialAction":[{"@type":"SearchAction","target":{"@type":"EntryPoint","urlTemplate":"https:\/\/palmadelrio.salesianos.edu\/colegio\/?s={search_term_string}"},"query-input":{"@type":"PropertyValueSpecification","valueRequired":true,"valueName":"search_term_string"}}],"inLanguage":"es"}]}},"_links":{"self":[{"href":"https:\/\/palmadelrio.salesianos.edu\/colegio\/wp-json\/wp\/v2\/pages\/4437","targetHints":{"allow":["GET"]}}],"collection":[{"href":"https:\/\/palmadelrio.salesianos.edu\/colegio\/wp-json\/wp\/v2\/pages"}],"about":[{"href":"https:\/\/palmadelrio.salesianos.edu\/colegio\/wp-json\/wp\/v2\/types\/page"}],"author":[{"embeddable":true,"href":"https:\/\/palmadelrio.salesianos.edu\/colegio\/wp-json\/wp\/v2\/users\/2"}],"replies":[{"embeddable":true,"href":"https:\/\/palmadelrio.salesianos.edu\/colegio\/wp-json\/wp\/v2\/comments?post=4437"}],"version-history":[{"count":17,"href":"https:\/\/palmadelrio.salesianos.edu\/colegio\/wp-json\/wp\/v2\/pages\/4437\/revisions"}],"predecessor-version":[{"id":6575,"href":"https:\/\/palmadelrio.salesianos.edu\/colegio\/wp-json\/wp\/v2\/pages\/4437\/revisions\/6575"}],"wp:attachment":[{"href":"https:\/\/palmadelrio.salesianos.edu\/colegio\/wp-json\/wp\/v2\/media?parent=4437"}],"curies":[{"name":"wp","href":"https:\/\/api.w.org\/{rel}","templated":true}]}}