{"id":4440,"date":"2017-10-03T17:26:26","date_gmt":"2017-10-03T16:26:26","guid":{"rendered":"https:\/\/palmadelrio.salesianos.edu\/colegio\/ampa\/"},"modified":"2024-10-11T07:57:40","modified_gmt":"2024-10-11T06:57:40","slug":"ampa","status":"publish","type":"page","link":"https:\/\/palmadelrio.salesianos.edu\/colegio\/ampa\/","title":{"rendered":"AMPA"},"content":{"rendered":"<div id=\"fb-root\"><\/div>\n<p>[et_pb_section fb_built=\u00bb1&#8243; fullwidth=\u00bbon\u00bb admin_label=\u00bbSecci\u00f3n\u00bb _builder_version=\u00bb4.16&#8243; global_colors_info=\u00bb{}\u00bb][et_pb_fullwidth_header title=\u00bbAMPA\u00bb content_max_width=\u00bbnone\u00bb admin_label=\u00bbT\u00edtulo de anchura completa\u00bb module_class=\u00bbpagina-imagen-cabecera\u00bb _builder_version=\u00bb4.16&#8243; background_color=\u00bbrgba(255, 255, 255, 0)\u00bb background_image=\u00bbhttps:\/\/palmadelrio.salesianos.edu\/wp-content\/uploads\/2017\/09\/fondo.jpg\u00bb background_layout=\u00bblight\u00bb button_one_letter_spacing_hover=\u00bb0&#8243; button_two_letter_spacing_hover=\u00bb0&#8243; global_colors_info=\u00bb{}\u00bb button_one_text_size__hover_enabled=\u00bboff\u00bb button_two_text_size__hover_enabled=\u00bboff\u00bb button_one_text_color__hover_enabled=\u00bboff\u00bb button_two_text_color__hover_enabled=\u00bboff\u00bb button_one_border_width__hover_enabled=\u00bboff\u00bb button_two_border_width__hover_enabled=\u00bboff\u00bb button_one_border_color__hover_enabled=\u00bboff\u00bb button_two_border_color__hover_enabled=\u00bboff\u00bb button_one_border_radius__hover_enabled=\u00bboff\u00bb button_two_border_radius__hover_enabled=\u00bboff\u00bb button_one_letter_spacing__hover_enabled=\u00bbon\u00bb button_one_letter_spacing__hover=\u00bb0&#8243; button_two_letter_spacing__hover_enabled=\u00bbon\u00bb button_two_letter_spacing__hover=\u00bb0&#8243; button_one_bg_color__hover_enabled=\u00bboff\u00bb button_two_bg_color__hover_enabled=\u00bboff\u00bb][\/et_pb_fullwidth_header][\/et_pb_section][et_pb_section fb_built=\u00bb1&#8243; admin_label=\u00bbsection\u00bb _builder_version=\u00bb4.16&#8243; global_colors_info=\u00bb{}\u00bb][et_pb_row admin_label=\u00bbrow\u00bb _builder_version=\u00bb4.16&#8243; background_size=\u00bbinitial\u00bb background_position=\u00bbtop_left\u00bb background_repeat=\u00bbrepeat\u00bb global_colors_info=\u00bb{}\u00bb][et_pb_column type=\u00bb4_4&#8243; _builder_version=\u00bb4.16&#8243; custom_padding=\u00bb|||\u00bb global_colors_info=\u00bb{}\u00bb custom_padding__hover=\u00bb|||\u00bb][et_pb_text admin_label=\u00bbText\u00bb _builder_version=\u00bb4.27.2&#8243; header_font_size=\u00bb40px\u00bb background_size=\u00bbinitial\u00bb background_position=\u00bbtop_left\u00bb background_repeat=\u00bbrepeat\u00bb hover_enabled=\u00bb0&#8243; border_style=\u00bbsolid\u00bb global_colors_info=\u00bb{}\u00bb sticky_enabled=\u00bb0&#8243;]<\/p>\n<p style=\"text-align: justify;\">El AMPA (<strong>Asociaci\u00f3n de Madres y Padres de Alumnos<\/strong>) es una entidad fundamental en la <strong>educaci\u00f3n<\/strong> de nuestros hijos. Su <strong>objetivo<\/strong> principal es fomentar la <strong>participaci\u00f3n<\/strong> y <strong>colaboraci\u00f3n<\/strong> de las <strong>familias<\/strong> en la vida escolar, promoviendo as\u00ed una educaci\u00f3n de calidad y una mayor implicaci\u00f3n de todos los miembros de la comunidad educativa.<\/p>\n<p style=\"text-align: justify;\">El alumnado es el principal beneficiado de la labor que realiza el <strong>AMPA<\/strong>. Esta asociaci\u00f3n se encarga de <strong>velar<\/strong> por sus <strong>derechos<\/strong> y <strong>necesidades<\/strong>, representando a las <strong>familias<\/strong> ante los \u00f3rganos de gobierno del centro educativo. Adem\u00e1s, el AMPA organiza <strong>actividades<\/strong> extraescolares, como excursiones, talleres o charlas, que enriquecen la formaci\u00f3n de los alumnos y les ofrecen nuevas <strong>experiencias<\/strong>.<\/p>\n<p style=\"text-align: justify;\">La <strong>responsabilidad<\/strong> es una de las caracter\u00edsticas fundamentales del AMPA. Los miembros de esta asociaci\u00f3n asumen el <strong>compromiso<\/strong> de trabajar en <strong>beneficio<\/strong> de todos, dedicando su tiempo y esfuerzo de manera <strong>voluntaria<\/strong>. Su labor es <strong>imprescindible<\/strong> para el correcto funcionamiento del centro educativo y para garantizar una educaci\u00f3n de <strong>calidad<\/strong>.<\/p>\n<p style=\"text-align: justify;\">La <strong>colaboraci\u00f3n<\/strong> es otro de los pilares del AMPA. Esta <strong>asociaci\u00f3n<\/strong> trabaja en estrecha colaboraci\u00f3n con el equipo docente y el resto de la comunidad educativa, con el fin de mejorar la <strong>calidad<\/strong> de la ense\u00f1anza y el bienestar de los <strong>alumnos<\/strong>. La participaci\u00f3n activa de las familias en el AMPA es <strong>esencial<\/strong> para lograr una educaci\u00f3n integral y enriquecedora.<\/p>\n<p style=\"text-align: justify;\">El lema \u00ab<strong>el AMPA somos todos<\/strong>\u00bb resume perfectamente la filosof\u00eda de esta <strong>asociaci\u00f3n<\/strong>. Todos los miembros de la <strong>comunidad<\/strong> educativa, tanto padres como madres, tienen la oportunidad de formar parte del AMPA y contribuir a su labor. Cada <strong>aportaci\u00f3n<\/strong>, por peque\u00f1a que sea es bienvenida y como siempre hemos dicho queremos ser nexo de uni\u00f3n entre los padres y madres, el equipo docente y el equipo directivo.<\/p>\n<p style=\"text-align: justify;\">Tras varios a\u00f1os de inactividad, el curso pasado por fin pudimos dar <strong>continuidad<\/strong> a las <strong>actividades<\/strong> que se ven\u00edan realizando estos a\u00f1os atr\u00e1s tales como el desayuno navide\u00f1o, el de la solemnidad de D. Bosco, el desayuno molinero y la barra para la fiesta escolar de fin de curso. A todo ello hay que a\u00f1adir como <strong>novedad<\/strong> la gesti\u00f3n del servicio del auxiliar de conversaci\u00f3n (del que ya disfrutan nuestros hijos e hijas), tan necesario como cualquier otra asignatura, m\u00e1s a\u00fan cuando en el futuro, se les exigir\u00e1 el dominio de esta lengua extranjera.<\/p>\n<p style=\"text-align: justify;\">Sobre estas premisas nuestro AMPA seguir\u00e1 trabajando para <strong>avanzar<\/strong>, dando cada a\u00f1o un paso m\u00e1s, porque nuestra <strong>misi\u00f3n<\/strong> principal es seguir trabajando por y para el bien de nuestro <strong>alumnado<\/strong>, manteniendo la <strong>identidad<\/strong> carism\u00e1tica de nuestro Padre y Fundador.<\/p>\n<p style=\"text-align: justify;\">El curso pasado pusimos en marcha una <strong>Escuela de Padres<\/strong> que ofreci\u00f3 una serie de <strong>charlas<\/strong> sobre <strong>psicolog\u00eda<\/strong> y uso de las <strong>Nuevas Tecnolog\u00edas<\/strong> por parte de nuestros hijos e hijas. Hemos realizado visitas culturales y de <strong>ocio<\/strong> y como siempre, colaboramos con el resto de grupos de la casa en todas aquellas <strong>actividades<\/strong> en las que se nos solicita.<\/p>\n<p>&nbsp;<\/p>\n<p>&nbsp;<\/p>\n<p>[\/et_pb_text][\/et_pb_column][\/et_pb_row][\/et_pb_section]<\/p>\n","protected":false},"excerpt":{"rendered":"<p>El AMPA (Asociaci\u00f3n de Madres y Padres de Alumnos) es una entidad fundamental en la educaci\u00f3n de nuestros hijos. Su objetivo principal es fomentar la participaci\u00f3n y colaboraci\u00f3n de las familias en la vida escolar, promoviendo as\u00ed una educaci\u00f3n de calidad y una mayor implicaci\u00f3n de todos los miembros de la comunidad educativa. El alumnado [&hellip;]<\/p>\n","protected":false},"author":2,"featured_media":0,"parent":0,"menu_order":0,"comment_status":"closed","ping_status":"closed","template":"","meta":{"_et_pb_use_builder":"on","_et_pb_old_content":"","_et_gb_content_width":"","footnotes":""},"class_list":["post-4440","page","type-page","status-publish","hentry"],"yoast_head":"<!-- This site is optimized with the Yoast SEO plugin v27.3 - https:\/\/yoast.com\/product\/yoast-seo-wordpress\/ -->\n<title>AMPA - Colegio<\/title>\n<meta name=\"robots\" content=\"index, follow, max-snippet:-1, max-image-preview:large, max-video-preview:-1\" \/>\n<link rel=\"canonical\" href=\"https:\/\/palmadelrio.salesianos.edu\/colegio\/ampa\/\" \/>\n<meta property=\"og:locale\" content=\"es_ES\" \/>\n<meta property=\"og:type\" content=\"article\" \/>\n<meta property=\"og:title\" content=\"AMPA - Colegio\" \/>\n<meta property=\"og:description\" content=\"El AMPA (Asociaci\u00f3n de Madres y Padres de Alumnos) es una entidad fundamental en la educaci\u00f3n de nuestros hijos. Su objetivo principal es fomentar la participaci\u00f3n y colaboraci\u00f3n de las familias en la vida escolar, promoviendo as\u00ed una educaci\u00f3n de calidad y una mayor implicaci\u00f3n de todos los miembros de la comunidad educativa. El alumnado [&hellip;]\" \/>\n<meta property=\"og:url\" content=\"https:\/\/palmadelrio.salesianos.edu\/colegio\/ampa\/\" \/>\n<meta property=\"og:site_name\" content=\"Colegio\" \/>\n<meta property=\"article:modified_time\" content=\"2024-10-11T06:57:40+00:00\" \/>\n<meta name=\"twitter:card\" content=\"summary_large_image\" \/>\n<meta name=\"twitter:label1\" content=\"Tiempo de lectura\" \/>\n\t<meta name=\"twitter:data1\" content=\"3 minutos\" \/>\n<script type=\"application\/ld+json\" class=\"yoast-schema-graph\">{\"@context\":\"https:\\\/\\\/schema.org\",\"@graph\":[{\"@type\":\"WebPage\",\"@id\":\"https:\\\/\\\/palmadelrio.salesianos.edu\\\/colegio\\\/ampa\\\/\",\"url\":\"https:\\\/\\\/palmadelrio.salesianos.edu\\\/colegio\\\/ampa\\\/\",\"name\":\"AMPA - Colegio\",\"isPartOf\":{\"@id\":\"https:\\\/\\\/palmadelrio.salesianos.edu\\\/colegio\\\/#website\"},\"datePublished\":\"2017-10-03T16:26:26+00:00\",\"dateModified\":\"2024-10-11T06:57:40+00:00\",\"breadcrumb\":{\"@id\":\"https:\\\/\\\/palmadelrio.salesianos.edu\\\/colegio\\\/ampa\\\/#breadcrumb\"},\"inLanguage\":\"es\",\"potentialAction\":[{\"@type\":\"ReadAction\",\"target\":[\"https:\\\/\\\/palmadelrio.salesianos.edu\\\/colegio\\\/ampa\\\/\"]}]},{\"@type\":\"BreadcrumbList\",\"@id\":\"https:\\\/\\\/palmadelrio.salesianos.edu\\\/colegio\\\/ampa\\\/#breadcrumb\",\"itemListElement\":[{\"@type\":\"ListItem\",\"position\":1,\"name\":\"Portada\",\"item\":\"https:\\\/\\\/palmadelrio.salesianos.edu\\\/colegio\\\/\"},{\"@type\":\"ListItem\",\"position\":2,\"name\":\"AMPA\"}]},{\"@type\":\"WebSite\",\"@id\":\"https:\\\/\\\/palmadelrio.salesianos.edu\\\/colegio\\\/#website\",\"url\":\"https:\\\/\\\/palmadelrio.salesianos.edu\\\/colegio\\\/\",\"name\":\"Colegio\",\"description\":\"P\u00e1gina oficial Salesianos Palma del R\u00edo\",\"potentialAction\":[{\"@type\":\"SearchAction\",\"target\":{\"@type\":\"EntryPoint\",\"urlTemplate\":\"https:\\\/\\\/palmadelrio.salesianos.edu\\\/colegio\\\/?s={search_term_string}\"},\"query-input\":{\"@type\":\"PropertyValueSpecification\",\"valueRequired\":true,\"valueName\":\"search_term_string\"}}],\"inLanguage\":\"es\"}]}<\/script>\n<!-- \/ Yoast SEO plugin. -->","yoast_head_json":{"title":"AMPA - Colegio","robots":{"index":"index","follow":"follow","max-snippet":"max-snippet:-1","max-image-preview":"max-image-preview:large","max-video-preview":"max-video-preview:-1"},"canonical":"https:\/\/palmadelrio.salesianos.edu\/colegio\/ampa\/","og_locale":"es_ES","og_type":"article","og_title":"AMPA - Colegio","og_description":"El AMPA (Asociaci\u00f3n de Madres y Padres de Alumnos) es una entidad fundamental en la educaci\u00f3n de nuestros hijos. Su objetivo principal es fomentar la participaci\u00f3n y colaboraci\u00f3n de las familias en la vida escolar, promoviendo as\u00ed una educaci\u00f3n de calidad y una mayor implicaci\u00f3n de todos los miembros de la comunidad educativa. El alumnado [&hellip;]","og_url":"https:\/\/palmadelrio.salesianos.edu\/colegio\/ampa\/","og_site_name":"Colegio","article_modified_time":"2024-10-11T06:57:40+00:00","twitter_card":"summary_large_image","twitter_misc":{"Tiempo de lectura":"3 minutos"},"schema":{"@context":"https:\/\/schema.org","@graph":[{"@type":"WebPage","@id":"https:\/\/palmadelrio.salesianos.edu\/colegio\/ampa\/","url":"https:\/\/palmadelrio.salesianos.edu\/colegio\/ampa\/","name":"AMPA - Colegio","isPartOf":{"@id":"https:\/\/palmadelrio.salesianos.edu\/colegio\/#website"},"datePublished":"2017-10-03T16:26:26+00:00","dateModified":"2024-10-11T06:57:40+00:00","breadcrumb":{"@id":"https:\/\/palmadelrio.salesianos.edu\/colegio\/ampa\/#breadcrumb"},"inLanguage":"es","potentialAction":[{"@type":"ReadAction","target":["https:\/\/palmadelrio.salesianos.edu\/colegio\/ampa\/"]}]},{"@type":"BreadcrumbList","@id":"https:\/\/palmadelrio.salesianos.edu\/colegio\/ampa\/#breadcrumb","itemListElement":[{"@type":"ListItem","position":1,"name":"Portada","item":"https:\/\/palmadelrio.salesianos.edu\/colegio\/"},{"@type":"ListItem","position":2,"name":"AMPA"}]},{"@type":"WebSite","@id":"https:\/\/palmadelrio.salesianos.edu\/colegio\/#website","url":"https:\/\/palmadelrio.salesianos.edu\/colegio\/","name":"Colegio","description":"P\u00e1gina oficial Salesianos Palma del R\u00edo","potentialAction":[{"@type":"SearchAction","target":{"@type":"EntryPoint","urlTemplate":"https:\/\/palmadelrio.salesianos.edu\/colegio\/?s={search_term_string}"},"query-input":{"@type":"PropertyValueSpecification","valueRequired":true,"valueName":"search_term_string"}}],"inLanguage":"es"}]}},"_links":{"self":[{"href":"https:\/\/palmadelrio.salesianos.edu\/colegio\/wp-json\/wp\/v2\/pages\/4440","targetHints":{"allow":["GET"]}}],"collection":[{"href":"https:\/\/palmadelrio.salesianos.edu\/colegio\/wp-json\/wp\/v2\/pages"}],"about":[{"href":"https:\/\/palmadelrio.salesianos.edu\/colegio\/wp-json\/wp\/v2\/types\/page"}],"author":[{"embeddable":true,"href":"https:\/\/palmadelrio.salesianos.edu\/colegio\/wp-json\/wp\/v2\/users\/2"}],"replies":[{"embeddable":true,"href":"https:\/\/palmadelrio.salesianos.edu\/colegio\/wp-json\/wp\/v2\/comments?post=4440"}],"version-history":[{"count":1,"href":"https:\/\/palmadelrio.salesianos.edu\/colegio\/wp-json\/wp\/v2\/pages\/4440\/revisions"}],"predecessor-version":[{"id":6146,"href":"https:\/\/palmadelrio.salesianos.edu\/colegio\/wp-json\/wp\/v2\/pages\/4440\/revisions\/6146"}],"wp:attachment":[{"href":"https:\/\/palmadelrio.salesianos.edu\/colegio\/wp-json\/wp\/v2\/media?parent=4440"}],"curies":[{"name":"wp","href":"https:\/\/api.w.org\/{rel}","templated":true}]}}