{"id":4544,"date":"2017-10-05T10:46:29","date_gmt":"2017-10-05T09:46:29","guid":{"rendered":"https:\/\/palmadelrio.salesianos.edu\/colegio\/uniforme-escolar\/"},"modified":"2020-06-05T08:13:52","modified_gmt":"2020-06-05T07:13:52","slug":"uniforme-escolar","status":"publish","type":"page","link":"https:\/\/palmadelrio.salesianos.edu\/colegio\/uniforme-escolar\/","title":{"rendered":"Uniforme Escolar"},"content":{"rendered":"<div id=\"fb-root\"><\/div>\n<p>[et_pb_section fb_built=\u00bb1&#8243; fullwidth=\u00bbon\u00bb admin_label=\u00bbSecci\u00f3n\u00bb _builder_version=\u00bb3.22&#8243;][et_pb_fullwidth_header title=\u00bbUniforme Escolar\u00bb content_max_width=\u00bbnone\u00bb admin_label=\u00bbT\u00edtulo de anchura completa\u00bb module_class=\u00bbpagina-imagen-cabecera\u00bb _builder_version=\u00bb4.4.7&#8243; background_color=\u00bbrgba(255, 255, 255, 0)\u00bb background_image=\u00bbhttps:\/\/palmadelrio.salesianos.edu\/wp-content\/uploads\/2017\/09\/fondo.jpg\u00bb background_layout=\u00bblight\u00bb button_one_letter_spacing_hover=\u00bb0&#8243; button_two_letter_spacing_hover=\u00bb0&#8243; button_one_text_size__hover_enabled=\u00bboff\u00bb button_two_text_size__hover_enabled=\u00bboff\u00bb button_one_text_color__hover_enabled=\u00bboff\u00bb button_two_text_color__hover_enabled=\u00bboff\u00bb button_one_border_width__hover_enabled=\u00bboff\u00bb button_two_border_width__hover_enabled=\u00bboff\u00bb button_one_border_color__hover_enabled=\u00bboff\u00bb button_two_border_color__hover_enabled=\u00bboff\u00bb button_one_border_radius__hover_enabled=\u00bboff\u00bb button_two_border_radius__hover_enabled=\u00bboff\u00bb button_one_letter_spacing__hover_enabled=\u00bbon\u00bb button_one_letter_spacing__hover=\u00bb0&#8243; button_two_letter_spacing__hover_enabled=\u00bbon\u00bb button_two_letter_spacing__hover=\u00bb0&#8243; button_one_bg_color__hover_enabled=\u00bboff\u00bb button_two_bg_color__hover_enabled=\u00bboff\u00bb][\/et_pb_fullwidth_header][\/et_pb_section][et_pb_section fb_built=\u00bb1&#8243; admin_label=\u00bbsection\u00bb _builder_version=\u00bb3.22&#8243;][et_pb_row admin_label=\u00bbrow\u00bb _builder_version=\u00bb3.25&#8243; background_size=\u00bbinitial\u00bb background_position=\u00bbtop_left\u00bb background_repeat=\u00bbrepeat\u00bb][et_pb_column type=\u00bb4_4&#8243; _builder_version=\u00bb3.25&#8243; custom_padding=\u00bb|||\u00bb custom_padding__hover=\u00bb|||\u00bb][et_pb_text admin_label=\u00bbText\u00bb _builder_version=\u00bb4.4.7&#8243; header_font_size=\u00bb40px\u00bb background_size=\u00bbinitial\u00bb background_position=\u00bbtop_left\u00bb background_repeat=\u00bbrepeat\u00bb hover_enabled=\u00bb0&#8243; border_style=\u00bbsolid\u00bb]<\/p>\n<p>\u201cSer\u00e1 obligatorio en toda la etapa (E.P. y E.S.O.) el uso del\u00a0uniforme\u00a0escolar (formado por pantal\u00f3n \u00f3 falda, polo y jersey) y del\u00a0uniforme\u00a0deportivo (formado por ch\u00e1ndal, pantal\u00f3n corto y camiseta o polo). El calzado ser\u00e1 de color oscuro. En los meses de septiembre y junio se podr\u00e1 utilizar el\u00a0uniforme\u00a0de verano (pantal\u00f3n corto y camiseta o polo). Estas prendas se adquieren en el establecimiento \u201cLa Tienda en Casa\u201d situado en la Avda. de Andaluc\u00eda, n\u00ba 1 de nuestra localidad o en cualquier establecimiento de \u201cEl Corte Ingl\u00e9s\u201d<\/p>\n<p>&nbsp;<\/p>\n<h2>Nuevos modelos de Uniforme 2020-21<\/h2>\n<div>Informamos a todos los padres y madres de que ya est\u00e1n disponibles para el pr\u00f3ximo curso, <strong>con env\u00edo a domicilio,<\/strong> los uniformes escolares de nuestro Centro, en <strong>El Corte Ingl\u00e9s<\/strong>.<\/div>\n<div>Para poder ver los uniformes hacer click <a href=\"https:\/\/www.elcorteingles.es\/uniformes\/cordoba\/palma-del-rio\/san-luis-rey-palma-del-rio\/\" target=\"_blank\" rel=\"noopener noreferrer\">Aqu\u00ed<\/a>.<a id=\"m_-9012608627898285095m_3216444755794395505m_8797561510596700648LPNoLP119148\" href=\"https:\/\/www.elcorteingles.es\/uniformes\/cordoba\/palma-del-rio\/san-luis-rey-palma-del-rio\/\" target=\"_blank\" rel=\"noopener noreferrer\" data-saferedirecturl=\"https:\/\/www.google.com\/url?q=https:\/\/www.elcorteingles.es\/uniformes\/cordoba\/palma-del-rio\/san-luis-rey-palma-del-rio\/&amp;source=gmail&amp;ust=1589471317758000&amp;usg=AFQjCNEyOmKBu5LqPfpZZutJRWQNihT0uA\"><\/a><\/div>\n<p>&nbsp;<\/p>\n<p>[\/et_pb_text][et_pb_image src=\u00bbhttps:\/\/palmadelrio.salesianos.edu\/wp-content\/uploads\/2017\/06\/uniforme.jpg\u00bb url=\u00bbhttps:\/\/www.elcorteingles.es\/uniformes\/cordoba\/palma-del-rio\/san-luis-rey-palma-del-rio\/\u00bb url_new_window=\u00bbon\u00bb align=\u00bbcenter\u00bb align_tablet=\u00bbcenter\u00bb align_phone=\u00bb\u00bb align_last_edited=\u00bbon|desktop\u00bb admin_label=\u00bbImagen\u00bb _builder_version=\u00bb4.4.7&#8243; animation_style=\u00bbslide\u00bb animation_direction=\u00bbleft\u00bb animation_duration=\u00bb500ms\u00bb animation_intensity_slide=\u00bb10%\u00bb hover_enabled=\u00bb0&#8243; border_style=\u00bbsolid\u00bb sticky=\u00bboff\u00bb always_center_on_mobile=\u00bbon\u00bb][\/et_pb_image][\/et_pb_column][\/et_pb_row][\/et_pb_section]<\/p>\n","protected":false},"excerpt":{"rendered":"<p>\u201cSer\u00e1 obligatorio en toda la etapa (E.P. y E.S.O.) el uso del\u00a0uniforme\u00a0escolar (formado por pantal\u00f3n \u00f3 falda, polo y jersey) y del\u00a0uniforme\u00a0deportivo (formado por ch\u00e1ndal, pantal\u00f3n corto y camiseta o polo). El calzado ser\u00e1 de color oscuro. En los meses de septiembre y junio se podr\u00e1 utilizar el\u00a0uniforme\u00a0de verano (pantal\u00f3n corto y camiseta o polo). [&hellip;]<\/p>\n","protected":false},"author":2,"featured_media":0,"parent":0,"menu_order":0,"comment_status":"closed","ping_status":"closed","template":"","meta":{"_et_pb_use_builder":"on","_et_pb_old_content":"","_et_gb_content_width":"","footnotes":""},"class_list":["post-4544","page","type-page","status-publish","hentry"],"yoast_head":"<!-- This site is optimized with the Yoast SEO plugin v27.4 - https:\/\/yoast.com\/product\/yoast-seo-wordpress\/ -->\n<title>Uniforme Escolar - Colegio<\/title>\n<meta name=\"robots\" content=\"index, follow, max-snippet:-1, max-image-preview:large, max-video-preview:-1\" \/>\n<link rel=\"canonical\" href=\"https:\/\/palmadelrio.salesianos.edu\/colegio\/uniforme-escolar\/\" \/>\n<meta property=\"og:locale\" content=\"es_ES\" \/>\n<meta property=\"og:type\" content=\"article\" \/>\n<meta property=\"og:title\" content=\"Uniforme Escolar - Colegio\" \/>\n<meta property=\"og:description\" content=\"\u201cSer\u00e1 obligatorio en toda la etapa (E.P. y E.S.O.) el uso del\u00a0uniforme\u00a0escolar (formado por pantal\u00f3n \u00f3 falda, polo y jersey) y del\u00a0uniforme\u00a0deportivo (formado por ch\u00e1ndal, pantal\u00f3n corto y camiseta o polo). El calzado ser\u00e1 de color oscuro. En los meses de septiembre y junio se podr\u00e1 utilizar el\u00a0uniforme\u00a0de verano (pantal\u00f3n corto y camiseta o polo). [&hellip;]\" \/>\n<meta property=\"og:url\" content=\"https:\/\/palmadelrio.salesianos.edu\/colegio\/uniforme-escolar\/\" \/>\n<meta property=\"og:site_name\" content=\"Colegio\" \/>\n<meta property=\"article:modified_time\" content=\"2020-06-05T07:13:52+00:00\" \/>\n<meta name=\"twitter:card\" content=\"summary_large_image\" \/>\n<meta name=\"twitter:label1\" content=\"Tiempo de lectura\" \/>\n\t<meta name=\"twitter:data1\" content=\"2 minutos\" \/>\n<script type=\"application\/ld+json\" class=\"yoast-schema-graph\">{\"@context\":\"https:\\\/\\\/schema.org\",\"@graph\":[{\"@type\":\"WebPage\",\"@id\":\"https:\\\/\\\/palmadelrio.salesianos.edu\\\/colegio\\\/uniforme-escolar\\\/\",\"url\":\"https:\\\/\\\/palmadelrio.salesianos.edu\\\/colegio\\\/uniforme-escolar\\\/\",\"name\":\"Uniforme Escolar - Colegio\",\"isPartOf\":{\"@id\":\"https:\\\/\\\/palmadelrio.salesianos.edu\\\/colegio\\\/#website\"},\"datePublished\":\"2017-10-05T09:46:29+00:00\",\"dateModified\":\"2020-06-05T07:13:52+00:00\",\"breadcrumb\":{\"@id\":\"https:\\\/\\\/palmadelrio.salesianos.edu\\\/colegio\\\/uniforme-escolar\\\/#breadcrumb\"},\"inLanguage\":\"es\",\"potentialAction\":[{\"@type\":\"ReadAction\",\"target\":[\"https:\\\/\\\/palmadelrio.salesianos.edu\\\/colegio\\\/uniforme-escolar\\\/\"]}]},{\"@type\":\"BreadcrumbList\",\"@id\":\"https:\\\/\\\/palmadelrio.salesianos.edu\\\/colegio\\\/uniforme-escolar\\\/#breadcrumb\",\"itemListElement\":[{\"@type\":\"ListItem\",\"position\":1,\"name\":\"Portada\",\"item\":\"https:\\\/\\\/palmadelrio.salesianos.edu\\\/colegio\\\/\"},{\"@type\":\"ListItem\",\"position\":2,\"name\":\"Uniforme Escolar\"}]},{\"@type\":\"WebSite\",\"@id\":\"https:\\\/\\\/palmadelrio.salesianos.edu\\\/colegio\\\/#website\",\"url\":\"https:\\\/\\\/palmadelrio.salesianos.edu\\\/colegio\\\/\",\"name\":\"Colegio\",\"description\":\"P\u00e1gina oficial Salesianos Palma del R\u00edo\",\"potentialAction\":[{\"@type\":\"SearchAction\",\"target\":{\"@type\":\"EntryPoint\",\"urlTemplate\":\"https:\\\/\\\/palmadelrio.salesianos.edu\\\/colegio\\\/?s={search_term_string}\"},\"query-input\":{\"@type\":\"PropertyValueSpecification\",\"valueRequired\":true,\"valueName\":\"search_term_string\"}}],\"inLanguage\":\"es\"}]}<\/script>\n<!-- \/ Yoast SEO plugin. -->","yoast_head_json":{"title":"Uniforme Escolar - Colegio","robots":{"index":"index","follow":"follow","max-snippet":"max-snippet:-1","max-image-preview":"max-image-preview:large","max-video-preview":"max-video-preview:-1"},"canonical":"https:\/\/palmadelrio.salesianos.edu\/colegio\/uniforme-escolar\/","og_locale":"es_ES","og_type":"article","og_title":"Uniforme Escolar - Colegio","og_description":"\u201cSer\u00e1 obligatorio en toda la etapa (E.P. y E.S.O.) el uso del\u00a0uniforme\u00a0escolar (formado por pantal\u00f3n \u00f3 falda, polo y jersey) y del\u00a0uniforme\u00a0deportivo (formado por ch\u00e1ndal, pantal\u00f3n corto y camiseta o polo). El calzado ser\u00e1 de color oscuro. En los meses de septiembre y junio se podr\u00e1 utilizar el\u00a0uniforme\u00a0de verano (pantal\u00f3n corto y camiseta o polo). [&hellip;]","og_url":"https:\/\/palmadelrio.salesianos.edu\/colegio\/uniforme-escolar\/","og_site_name":"Colegio","article_modified_time":"2020-06-05T07:13:52+00:00","twitter_card":"summary_large_image","twitter_misc":{"Tiempo de lectura":"2 minutos"},"schema":{"@context":"https:\/\/schema.org","@graph":[{"@type":"WebPage","@id":"https:\/\/palmadelrio.salesianos.edu\/colegio\/uniforme-escolar\/","url":"https:\/\/palmadelrio.salesianos.edu\/colegio\/uniforme-escolar\/","name":"Uniforme Escolar - Colegio","isPartOf":{"@id":"https:\/\/palmadelrio.salesianos.edu\/colegio\/#website"},"datePublished":"2017-10-05T09:46:29+00:00","dateModified":"2020-06-05T07:13:52+00:00","breadcrumb":{"@id":"https:\/\/palmadelrio.salesianos.edu\/colegio\/uniforme-escolar\/#breadcrumb"},"inLanguage":"es","potentialAction":[{"@type":"ReadAction","target":["https:\/\/palmadelrio.salesianos.edu\/colegio\/uniforme-escolar\/"]}]},{"@type":"BreadcrumbList","@id":"https:\/\/palmadelrio.salesianos.edu\/colegio\/uniforme-escolar\/#breadcrumb","itemListElement":[{"@type":"ListItem","position":1,"name":"Portada","item":"https:\/\/palmadelrio.salesianos.edu\/colegio\/"},{"@type":"ListItem","position":2,"name":"Uniforme Escolar"}]},{"@type":"WebSite","@id":"https:\/\/palmadelrio.salesianos.edu\/colegio\/#website","url":"https:\/\/palmadelrio.salesianos.edu\/colegio\/","name":"Colegio","description":"P\u00e1gina oficial Salesianos Palma del R\u00edo","potentialAction":[{"@type":"SearchAction","target":{"@type":"EntryPoint","urlTemplate":"https:\/\/palmadelrio.salesianos.edu\/colegio\/?s={search_term_string}"},"query-input":{"@type":"PropertyValueSpecification","valueRequired":true,"valueName":"search_term_string"}}],"inLanguage":"es"}]}},"_links":{"self":[{"href":"https:\/\/palmadelrio.salesianos.edu\/colegio\/wp-json\/wp\/v2\/pages\/4544","targetHints":{"allow":["GET"]}}],"collection":[{"href":"https:\/\/palmadelrio.salesianos.edu\/colegio\/wp-json\/wp\/v2\/pages"}],"about":[{"href":"https:\/\/palmadelrio.salesianos.edu\/colegio\/wp-json\/wp\/v2\/types\/page"}],"author":[{"embeddable":true,"href":"https:\/\/palmadelrio.salesianos.edu\/colegio\/wp-json\/wp\/v2\/users\/2"}],"replies":[{"embeddable":true,"href":"https:\/\/palmadelrio.salesianos.edu\/colegio\/wp-json\/wp\/v2\/comments?post=4544"}],"version-history":[{"count":4,"href":"https:\/\/palmadelrio.salesianos.edu\/colegio\/wp-json\/wp\/v2\/pages\/4544\/revisions"}],"predecessor-version":[{"id":5512,"href":"https:\/\/palmadelrio.salesianos.edu\/colegio\/wp-json\/wp\/v2\/pages\/4544\/revisions\/5512"}],"wp:attachment":[{"href":"https:\/\/palmadelrio.salesianos.edu\/colegio\/wp-json\/wp\/v2\/media?parent=4544"}],"curies":[{"name":"wp","href":"https:\/\/api.w.org\/{rel}","templated":true}]}}