{"id":4629,"date":"2017-10-13T13:51:57","date_gmt":"2017-10-13T12:51:57","guid":{"rendered":"https:\/\/palmadelrio.salesianos.edu\/colegio\/oferta-bachillerato\/"},"modified":"2024-06-04T09:39:05","modified_gmt":"2024-06-04T08:39:05","slug":"oferta-bachillerato","status":"publish","type":"page","link":"https:\/\/palmadelrio.salesianos.edu\/colegio\/oferta-bachillerato\/","title":{"rendered":"Oferta Educativa Bachillerato"},"content":{"rendered":"<div id=\"fb-root\"><\/div>\n<p>[et_pb_section fb_built=\u00bb1&#8243; fullwidth=\u00bbon\u00bb admin_label=\u00bbSecci\u00f3n\u00bb _builder_version=\u00bb4.16&#8243; global_colors_info=\u00bb{}\u00bb][et_pb_fullwidth_header title=\u00bbOferta educativa Bachillerato\u00bb content_max_width=\u00bbnone\u00bb admin_label=\u00bbT\u00edtulo de anchura completa\u00bb module_class=\u00bbpagina-imagen-cabecera\u00bb _builder_version=\u00bb4.16&#8243; background_color=\u00bbrgba(255, 255, 255, 0)\u00bb background_image=\u00bbhttps:\/\/palmadelrio.salesianos.edu\/wp-content\/uploads\/2017\/09\/fondo.jpg\u00bb background_layout=\u00bblight\u00bb button_one_letter_spacing_hover=\u00bb0&#8243; button_two_letter_spacing_hover=\u00bb0&#8243; global_colors_info=\u00bb{}\u00bb button_one_text_size__hover_enabled=\u00bboff\u00bb button_two_text_size__hover_enabled=\u00bboff\u00bb button_one_text_color__hover_enabled=\u00bboff\u00bb button_two_text_color__hover_enabled=\u00bboff\u00bb button_one_border_width__hover_enabled=\u00bboff\u00bb button_two_border_width__hover_enabled=\u00bboff\u00bb button_one_border_color__hover_enabled=\u00bboff\u00bb button_two_border_color__hover_enabled=\u00bboff\u00bb button_one_border_radius__hover_enabled=\u00bboff\u00bb button_two_border_radius__hover_enabled=\u00bboff\u00bb button_one_letter_spacing__hover_enabled=\u00bbon\u00bb button_one_letter_spacing__hover=\u00bb0&#8243; button_two_letter_spacing__hover_enabled=\u00bbon\u00bb button_two_letter_spacing__hover=\u00bb0&#8243; button_one_bg_color__hover_enabled=\u00bboff\u00bb button_two_bg_color__hover_enabled=\u00bboff\u00bb][\/et_pb_fullwidth_header][\/et_pb_section][et_pb_section fb_built=\u00bb1&#8243; admin_label=\u00bbsection\u00bb _builder_version=\u00bb4.16&#8243; global_colors_info=\u00bb{}\u00bb][et_pb_row admin_label=\u00bbrow\u00bb _builder_version=\u00bb4.16&#8243; background_size=\u00bbinitial\u00bb background_position=\u00bbtop_left\u00bb background_repeat=\u00bbrepeat\u00bb global_colors_info=\u00bb{}\u00bb][et_pb_column type=\u00bb4_4&#8243; _builder_version=\u00bb4.16&#8243; custom_padding=\u00bb|||\u00bb global_colors_info=\u00bb{}\u00bb custom_padding__hover=\u00bb|||\u00bb][et_pb_text admin_label=\u00bbText\u00bb _builder_version=\u00bb4.16&#8243; header_font_size=\u00bb40px\u00bb background_size=\u00bbinitial\u00bb background_position=\u00bbtop_left\u00bb background_repeat=\u00bbrepeat\u00bb border_style=\u00bbsolid\u00bb global_colors_info=\u00bb{}\u00bb]Nuestro\u00a0bachillerato en Salesianos Palma del R\u00edo cuenta con las siguientes modalidades con sus\u00a0correspondientes itinerarios.<\/p>\n<ul>\n<li><strong>Bachillerato de Humanidades y Ciencias Sociales<\/strong><\/li>\n<li><strong>Bachillerato de Ciencias<\/strong><\/li>\n<\/ul>\n<p>Nuestro centro cuenta en la etapa de Bachillerato dos l\u00edneas educativas, cada una de ellas correspondientes a una modalidad, cuatro unidades. A continuaci\u00f3n se muestran las materias en cada una de ellas y la relaci\u00f3n entre cada modalidad y los grados universitarios.<br \/>\n[\/et_pb_text][et_pb_text admin_label=\u00bbAsignaturas 1\u00ba Bachillerato\u00bb _builder_version=\u00bb4.25.1&#8243; hover_enabled=\u00bb0&#8243; border_style=\u00bbsolid\u00bb global_colors_info=\u00bb{}\u00bb sticky_enabled=\u00bb0&#8243;]<\/p>\n<h2>1\u00ba de Bachillerato<\/h2>\n<p>Se puede ver y descargar el d\u00edptico informativo de 1\u00ba de Bachillerato haciendo click <a href=\"https:\/\/palmadelrio.salesianos.edu\/colegio\/wp-content\/uploads\/sites\/2\/2024\/06\/Diptico-1o-Bach-2023-2024-11.pdf\" target=\"_blank\" rel=\"noopener\">aqu\u00ed<\/a>.<\/p>\n<p>[\/et_pb_text][et_pb_text admin_label=\u00bbAsignaturas 2\u00ba Bachillerato\u00bb _builder_version=\u00bb4.25.1&#8243; hover_enabled=\u00bb0&#8243; border_style=\u00bbsolid\u00bb global_colors_info=\u00bb{}\u00bb sticky_enabled=\u00bb0&#8243;]<\/p>\n<h2>2\u00ba de Bachillerato<\/h2>\n<p>Se puede ver y descargar el d\u00edptico informativo de 2\u00ba de Bachillerato haciendo click <a href=\"https:\/\/palmadelrio.salesianos.edu\/colegio\/wp-content\/uploads\/sites\/2\/2024\/06\/Diptico-2o-de-Bachillerato-2023-2024-1.pdf\" target=\"_blank\" rel=\"noopener\">aqu\u00ed<\/a>.<\/p>\n<p>[\/et_pb_text][et_pb_text admin_label=\u00bbGrados universitarios elegidos por nuestros alumnos\u00bb _builder_version=\u00bb4.19.1&#8243; border_style=\u00bbsolid\u00bb global_colors_info=\u00bb{}\u00bb]<\/p>\n<h2>Grados universitarios elegidos por nuestros alumnos<\/h2>\n<p>&nbsp;<\/p>\n<table style=\"text-align: center; width: 90%; margin: 0 auto;\" border=\"1\">\n<tbody>\n<tr bgcolor=\"#C7C6C6\">\n<td width=\"20%\"><strong>Posici\u00f3n<\/strong><\/td>\n<td width=\"20%\"><strong>Nota de admisi\u00f3n<\/strong><\/td>\n<td width=\"60%\"><strong>Grado<\/strong><\/td>\n<\/tr>\n<tr bgcolor=\"#FCE9DA\">\n<td colspan=\"3\"><strong>Bachillerato de Humanidades y Ciencias Sociales<\/strong><\/td>\n<\/tr>\n<tr>\n<td>1<\/td>\n<td>6,63<\/td>\n<td>Relaciones Laborales y RRHH<\/td>\n<\/tr>\n<tr>\n<td>2<\/td>\n<td>11,91<\/td>\n<td>ADE + Derecho (Sevilla)<\/td>\n<\/tr>\n<tr>\n<td>3<\/td>\n<td>11,73<\/td>\n<td>ADE + Derecho (Sevilla)<\/td>\n<\/tr>\n<tr>\n<td>4<\/td>\n<td>11,11<\/td>\n<td>Criminolog\u00eda (Sevilla)<\/td>\n<\/tr>\n<tr>\n<td>5<\/td>\n<td>7,05<\/td>\n<td>Educaci\u00f3n Primaria<\/td>\n<\/tr>\n<tr>\n<td>6<\/td>\n<td>11,45<\/td>\n<td>Traducci\u00f3n e interpretaci\u00f3n<\/td>\n<\/tr>\n<tr>\n<td>7<\/td>\n<td>8,60<\/td>\n<td>Filolog\u00eda Ingl\u00e9s<\/td>\n<\/tr>\n<tr>\n<td>8<\/td>\n<td>11,26<\/td>\n<td>Traducci\u00f3n e interpretaci\u00f3n<\/td>\n<\/tr>\n<tr>\n<td>9<\/td>\n<td>10,66<\/td>\n<td>ADE (Sevilla)<\/td>\n<\/tr>\n<tr bgcolor=\"#FCE9DA\">\n<td colspan=\"3\"><strong>Bachillerato de Ciencia y Tecnolog\u00eda<\/strong><\/td>\n<\/tr>\n<tr>\n<td>12<\/td>\n<td>12,05<\/td>\n<td>Veterinaria<\/td>\n<\/tr>\n<tr>\n<td>13<\/td>\n<td>6,78<\/td>\n<td>F\u00edsica<\/td>\n<\/tr>\n<tr>\n<td>14<\/td>\n<td>9,36<\/td>\n<td>Ingenier\u00eda Mec\u00e1nica<\/td>\n<\/tr>\n<tr>\n<td>15<\/td>\n<td>6,63<\/td>\n<td>Qu\u00edmica<\/td>\n<\/tr>\n<tr>\n<td>16<\/td>\n<td>8,48<\/td>\n<td>Ingenier\u00eda de Telecomunicaciones<\/td>\n<\/tr>\n<tr>\n<td>17<\/td>\n<td>8,78<\/td>\n<td>Biolog\u00eda<\/td>\n<\/tr>\n<tr>\n<td>18<\/td>\n<td>10,43<\/td>\n<td>Ingenier\u00eda de Tecnolog\u00eda Industrial<\/td>\n<\/tr>\n<tr>\n<td>19<\/td>\n<td>9,55<\/td>\n<td>Biolog\u00eda<\/td>\n<\/tr>\n<tr>\n<td>20<\/td>\n<td>12,87<\/td>\n<td>Ingenier\u00eda Aeroespacial<\/td>\n<\/tr>\n<tr>\n<td>21<\/td>\n<td>9,85<\/td>\n<td>\u00d3ptica y optometr\u00eda<\/td>\n<\/tr>\n<\/tbody>\n<\/table>\n<p>&nbsp;[\/et_pb_text][et_pb_code disabled_on=\u00bbon|on|on\u00bb admin_label=\u00bbC\u00f3digo\u00bb _builder_version=\u00bb4.19.1&#8243; disabled=\u00bbon\u00bb global_colors_info=\u00bb{}\u00bb]<\/p>\n<table border=1 style=\"text-align: center;width:90%;margin:0 auto\"><!-- [et_pb_line_break_holder] --><\/p>\n<tr bgcolor=\"#C7C6C6\"><!-- [et_pb_line_break_holder] --> <\/p>\n<td width=\"20%\"><strong>Alumno<\/strong><\/td>\n<p><!-- [et_pb_line_break_holder] --><\/p>\n<td width=\"20%\"><strong>Nota de admisi\u00f3n<\/strong><\/td>\n<p><!-- [et_pb_line_break_holder] --><\/p>\n<td width=\"60%\"><strong>Grado<\/strong><\/td>\n<p><!-- [et_pb_line_break_holder] --><\/tr>\n<p><!-- [et_pb_line_break_holder] --><\/p>\n<tr bgcolor=\"#FCE9DA\"><!-- [et_pb_line_break_holder] --> <\/p>\n<td colspan=\"3\"><strong>Bachillerato de Humanidades y Ciencias Sociales<\/strong><\/td>\n<p><!-- [et_pb_line_break_holder] --><\/tr>\n<p><!-- [et_pb_line_break_holder] --><\/p>\n<tr><!-- [et_pb_line_break_holder] --><\/p>\n<td>1<\/td>\n<p><!-- [et_pb_line_break_holder] --><\/p>\n<td>6,63<\/td>\n<p><!-- [et_pb_line_break_holder] --><\/p>\n<td>Relaciones Laborales y RRHH<\/td>\n<p><!-- [et_pb_line_break_holder] --><\/tr>\n<p><!-- [et_pb_line_break_holder] --><\/p>\n<tr><!-- [et_pb_line_break_holder] --><\/p>\n<td>2<\/td>\n<p><!-- [et_pb_line_break_holder] --><\/p>\n<td>11,91<\/td>\n<p><!-- [et_pb_line_break_holder] --><\/p>\n<td>ADE + Derecho (Sevilla)<\/td>\n<p><!-- [et_pb_line_break_holder] --><\/tr>\n<p><!-- [et_pb_line_break_holder] --><\/p>\n<tr><!-- [et_pb_line_break_holder] --><\/p>\n<td>3<\/td>\n<p><!-- [et_pb_line_break_holder] --><\/p>\n<td>11,73<\/td>\n<p><!-- [et_pb_line_break_holder] --><\/p>\n<td>ADE + Derecho (Sevilla)<\/td>\n<p><!-- [et_pb_line_break_holder] --><\/tr>\n<p><!-- [et_pb_line_break_holder] --><\/p>\n<tr><!-- [et_pb_line_break_holder] --><\/p>\n<td>4<\/td>\n<p><!-- [et_pb_line_break_holder] --><\/p>\n<td>11,11<\/td>\n<p><!-- [et_pb_line_break_holder] --><\/p>\n<td>Criminolog\u00eda (Sevilla)<\/td>\n<p><!-- [et_pb_line_break_holder] --><\/tr>\n<p><!-- [et_pb_line_break_holder] --><\/p>\n<tr><!-- [et_pb_line_break_holder] --><\/p>\n<td>5<\/td>\n<p><!-- [et_pb_line_break_holder] --><\/p>\n<td>7,05<\/td>\n<p><!-- [et_pb_line_break_holder] --><\/p>\n<td>Educaci\u00f3n Primaria<\/td>\n<p><!-- [et_pb_line_break_holder] --><\/tr>\n<p><!-- [et_pb_line_break_holder] --><\/p>\n<tr><!-- [et_pb_line_break_holder] --><\/p>\n<td>6<\/td>\n<p><!-- [et_pb_line_break_holder] --><\/p>\n<td>11,45<\/td>\n<p><!-- [et_pb_line_break_holder] --><\/p>\n<td>Traducci\u00f3n e interpretaci\u00f3n<\/td>\n<p><!-- [et_pb_line_break_holder] --><\/tr>\n<p><!-- [et_pb_line_break_holder] --><\/p>\n<tr><!-- [et_pb_line_break_holder] --><\/p>\n<td>7<\/td>\n<p><!-- [et_pb_line_break_holder] --><\/p>\n<td>8,60<\/td>\n<p><!-- [et_pb_line_break_holder] --><\/p>\n<td>Filolog\u00eda Ingl\u00e9s<\/td>\n<p><!-- [et_pb_line_break_holder] --><\/tr>\n<p><!-- [et_pb_line_break_holder] --><\/p>\n<tr><!-- [et_pb_line_break_holder] --><\/p>\n<td>8<\/td>\n<p><!-- [et_pb_line_break_holder] --><\/p>\n<td>11,26<\/td>\n<p><!-- [et_pb_line_break_holder] --><\/p>\n<td>Traducci\u00f3n e interpretaci\u00f3n<\/td>\n<p><!-- [et_pb_line_break_holder] --><\/tr>\n<p><!-- [et_pb_line_break_holder] --><\/p>\n<tr><!-- [et_pb_line_break_holder] --><\/p>\n<td>9<\/td>\n<p><!-- [et_pb_line_break_holder] --><\/p>\n<td>10,66<\/td>\n<p><!-- [et_pb_line_break_holder] --><\/p>\n<td>ADE (Sevilla)<\/td>\n<p><!-- [et_pb_line_break_holder] --><\/tr>\n<p><!-- [et_pb_line_break_holder] --><\/p>\n<td>10<\/td>\n<p><!-- [et_pb_line_break_holder] --><\/p>\n<td>10,75<\/td>\n<p><!-- [et_pb_line_break_holder] --><\/p>\n<td>Educaci\u00f3n Primaria<\/td>\n<p><!-- [et_pb_line_break_holder] --><\/tr>\n<p><!-- [et_pb_line_break_holder] --><\/p>\n<td>11<\/td>\n<p><!-- [et_pb_line_break_holder] --><\/p>\n<td>8,18<\/td>\n<p><!-- [et_pb_line_break_holder] --><\/p>\n<td>Psicolog\u00eda<\/td>\n<p><!-- [et_pb_line_break_holder] --><\/tr>\n<p><!-- [et_pb_line_break_holder] --><\/p>\n<tr bgcolor=\"#FCE9DA\"><!-- [et_pb_line_break_holder] --> <\/p>\n<td colspan=\"3\"><strong>Bachillerato de Ciencia y Tecnolog\u00eda<\/strong><\/td>\n<p><!-- [et_pb_line_break_holder] --><\/tr>\n<p><!-- [et_pb_line_break_holder] --><\/p>\n<tr><!-- [et_pb_line_break_holder] --><\/p>\n<td>12<\/td>\n<p><!-- [et_pb_line_break_holder] --><\/p>\n<td>12,05<\/td>\n<p><!-- [et_pb_line_break_holder] --><\/p>\n<td>Veterinaria<\/td>\n<p><!-- [et_pb_line_break_holder] --><\/tr>\n<p><!-- [et_pb_line_break_holder] --><\/p>\n<tr><!-- [et_pb_line_break_holder] --><\/p>\n<td>13<\/td>\n<p><!-- [et_pb_line_break_holder] --><\/p>\n<td>6,78<\/td>\n<p><!-- [et_pb_line_break_holder] --><\/p>\n<td>F\u00edsica<\/td>\n<p><!-- [et_pb_line_break_holder] --><\/tr>\n<p><!-- [et_pb_line_break_holder] --><\/p>\n<tr><!-- [et_pb_line_break_holder] --><\/p>\n<td>14<\/td>\n<p><!-- [et_pb_line_break_holder] --><\/p>\n<td>9,36<\/td>\n<p><!-- [et_pb_line_break_holder] --><\/p>\n<td>Ingenier\u00eda Mec\u00e1nica<\/td>\n<p><!-- [et_pb_line_break_holder] --><\/tr>\n<p><!-- [et_pb_line_break_holder] --><\/p>\n<tr><!-- [et_pb_line_break_holder] --><\/p>\n<td>15<\/td>\n<p><!-- [et_pb_line_break_holder] --><\/p>\n<td>6,63<\/td>\n<p><!-- [et_pb_line_break_holder] --><\/p>\n<td>Qu\u00edmica<\/td>\n<p><!-- [et_pb_line_break_holder] --><\/tr>\n<p><!-- [et_pb_line_break_holder] --><\/p>\n<tr><!-- [et_pb_line_break_holder] --><\/p>\n<td>16<\/td>\n<p><!-- [et_pb_line_break_holder] --><\/p>\n<td>8,48<\/td>\n<p><!-- [et_pb_line_break_holder] --><\/p>\n<td>Ingenier\u00eda de Telecomunicaciones<\/td>\n<p><!-- [et_pb_line_break_holder] --><\/tr>\n<p><!-- [et_pb_line_break_holder] --><\/p>\n<tr><!-- [et_pb_line_break_holder] --><\/p>\n<td>17<\/td>\n<p><!-- [et_pb_line_break_holder] --><\/p>\n<td>8,78<\/td>\n<p><!-- [et_pb_line_break_holder] --><\/p>\n<td>Biolog\u00eda<\/td>\n<p><!-- [et_pb_line_break_holder] --><\/tr>\n<p><!-- [et_pb_line_break_holder] --><\/p>\n<tr><!-- [et_pb_line_break_holder] --><\/p>\n<td>18<\/td>\n<p><!-- [et_pb_line_break_holder] --><\/p>\n<td>10,43<\/td>\n<p><!-- [et_pb_line_break_holder] --><\/p>\n<td>Ingenier\u00eda de Tecnolog\u00eda Industrial<\/td>\n<p><!-- [et_pb_line_break_holder] --><\/tr>\n<p><!-- [et_pb_line_break_holder] --><\/p>\n<tr><!-- [et_pb_line_break_holder] --><\/p>\n<td>19<\/td>\n<p><!-- [et_pb_line_break_holder] --><\/p>\n<td>9,55<\/td>\n<p><!-- [et_pb_line_break_holder] --><\/p>\n<td>Biolog\u00eda<\/td>\n<p><!-- [et_pb_line_break_holder] --><\/tr>\n<p><!-- [et_pb_line_break_holder] --><\/p>\n<tr><!-- [et_pb_line_break_holder] --><\/p>\n<td>20<\/td>\n<p><!-- [et_pb_line_break_holder] --><\/p>\n<td>12,87<\/td>\n<p><!-- [et_pb_line_break_holder] --><\/p>\n<td>Ingenier\u00eda Aeroespacial<\/td>\n<p><!-- [et_pb_line_break_holder] --><\/tr>\n<p><!-- [et_pb_line_break_holder] --><\/p>\n<tr><!-- [et_pb_line_break_holder] --><\/p>\n<td>21<\/td>\n<p><!-- [et_pb_line_break_holder] --><\/p>\n<td>9,85<\/td>\n<p><!-- [et_pb_line_break_holder] --><\/p>\n<td>\u00d3ptica y optometr\u00eda<\/td>\n<p><!-- [et_pb_line_break_holder] --><\/tr>\n<p><!-- [et_pb_line_break_holder] --><\/table>\n<p><!-- [et_pb_line_break_holder] --><\/br><!-- [et_pb_line_break_holder] --><\/br>[\/et_pb_code][et_pb_text admin_label=\u00bbRelaci\u00f3n de modalidades con grados universitarios\u00bb _builder_version=\u00bb4.19.1&#8243; border_style=\u00bbsolid\u00bb global_colors_info=\u00bb{}\u00bb]<\/p>\n<h2>Relaci\u00f3n de modalidades con grados universitarios<\/h2>\n<p><img loading=\"lazy\" decoding=\"async\" class=\"aligncenter wp-image-4634 size-full\" src=\"https:\/\/palmadelrio.salesianos.edu\/colegio\/wp-content\/uploads\/sites\/2\/2017\/11\/relacion-modalidad-grado.png\" alt=\"\" width=\"580\" height=\"377\" srcset=\"https:\/\/palmadelrio.salesianos.edu\/colegio\/wp-content\/uploads\/sites\/2\/2017\/11\/relacion-modalidad-grado.png 580w, https:\/\/palmadelrio.salesianos.edu\/colegio\/wp-content\/uploads\/sites\/2\/2017\/11\/relacion-modalidad-grado-300x195.png 300w\" sizes=\"(max-width: 580px) 100vw, 580px\" \/><\/p>\n<p>[\/et_pb_text][\/et_pb_column][\/et_pb_row][\/et_pb_section]<\/p>\n","protected":false},"excerpt":{"rendered":"<p>Nuestro\u00a0bachillerato en Salesianos Palma del R\u00edo cuenta con las siguientes modalidades con sus\u00a0correspondientes itinerarios. Bachillerato de Humanidades y Ciencias Sociales Bachillerato de Ciencias Nuestro centro cuenta en la etapa de Bachillerato dos l\u00edneas educativas, cada una de ellas correspondientes a una modalidad, cuatro unidades. A continuaci\u00f3n se muestran las materias en cada una de ellas [&hellip;]<\/p>\n","protected":false},"author":2,"featured_media":0,"parent":0,"menu_order":0,"comment_status":"closed","ping_status":"closed","template":"","meta":{"_et_pb_use_builder":"on","_et_pb_old_content":"","_et_gb_content_width":"","footnotes":""},"class_list":["post-4629","page","type-page","status-publish","hentry"],"yoast_head":"<!-- This site is optimized with the Yoast SEO plugin v27.4 - https:\/\/yoast.com\/product\/yoast-seo-wordpress\/ -->\n<title>Oferta Educativa Bachillerato - Colegio<\/title>\n<meta name=\"robots\" content=\"index, follow, max-snippet:-1, max-image-preview:large, max-video-preview:-1\" \/>\n<link rel=\"canonical\" href=\"https:\/\/palmadelrio.salesianos.edu\/colegio\/oferta-bachillerato\/\" \/>\n<meta property=\"og:locale\" content=\"es_ES\" \/>\n<meta property=\"og:type\" content=\"article\" \/>\n<meta property=\"og:title\" content=\"Oferta Educativa Bachillerato - Colegio\" \/>\n<meta property=\"og:description\" content=\"Nuestro\u00a0bachillerato en Salesianos Palma del R\u00edo cuenta con las siguientes modalidades con sus\u00a0correspondientes itinerarios. Bachillerato de Humanidades y Ciencias Sociales Bachillerato de Ciencias Nuestro centro cuenta en la etapa de Bachillerato dos l\u00edneas educativas, cada una de ellas correspondientes a una modalidad, cuatro unidades. A continuaci\u00f3n se muestran las materias en cada una de ellas [&hellip;]\" \/>\n<meta property=\"og:url\" content=\"https:\/\/palmadelrio.salesianos.edu\/colegio\/oferta-bachillerato\/\" \/>\n<meta property=\"og:site_name\" content=\"Colegio\" \/>\n<meta property=\"article:modified_time\" content=\"2024-06-04T08:39:05+00:00\" \/>\n<meta property=\"og:image\" content=\"https:\/\/palmadelrio.salesianos.edu\/colegio\/wp-content\/uploads\/sites\/2\/2017\/11\/relacion-modalidad-grado.png\" \/>\n<meta name=\"twitter:card\" content=\"summary_large_image\" \/>\n<meta name=\"twitter:label1\" content=\"Tiempo de lectura\" \/>\n\t<meta name=\"twitter:data1\" content=\"2 minutos\" \/>\n<script type=\"application\/ld+json\" class=\"yoast-schema-graph\">{\"@context\":\"https:\\\/\\\/schema.org\",\"@graph\":[{\"@type\":\"WebPage\",\"@id\":\"https:\\\/\\\/palmadelrio.salesianos.edu\\\/colegio\\\/oferta-bachillerato\\\/\",\"url\":\"https:\\\/\\\/palmadelrio.salesianos.edu\\\/colegio\\\/oferta-bachillerato\\\/\",\"name\":\"Oferta Educativa Bachillerato - Colegio\",\"isPartOf\":{\"@id\":\"https:\\\/\\\/palmadelrio.salesianos.edu\\\/colegio\\\/#website\"},\"primaryImageOfPage\":{\"@id\":\"https:\\\/\\\/palmadelrio.salesianos.edu\\\/colegio\\\/oferta-bachillerato\\\/#primaryimage\"},\"image\":{\"@id\":\"https:\\\/\\\/palmadelrio.salesianos.edu\\\/colegio\\\/oferta-bachillerato\\\/#primaryimage\"},\"thumbnailUrl\":\"https:\\\/\\\/palmadelrio.salesianos.edu\\\/colegio\\\/wp-content\\\/uploads\\\/sites\\\/2\\\/2017\\\/11\\\/relacion-modalidad-grado.png\",\"datePublished\":\"2017-10-13T12:51:57+00:00\",\"dateModified\":\"2024-06-04T08:39:05+00:00\",\"breadcrumb\":{\"@id\":\"https:\\\/\\\/palmadelrio.salesianos.edu\\\/colegio\\\/oferta-bachillerato\\\/#breadcrumb\"},\"inLanguage\":\"es\",\"potentialAction\":[{\"@type\":\"ReadAction\",\"target\":[\"https:\\\/\\\/palmadelrio.salesianos.edu\\\/colegio\\\/oferta-bachillerato\\\/\"]}]},{\"@type\":\"ImageObject\",\"inLanguage\":\"es\",\"@id\":\"https:\\\/\\\/palmadelrio.salesianos.edu\\\/colegio\\\/oferta-bachillerato\\\/#primaryimage\",\"url\":\"https:\\\/\\\/palmadelrio.salesianos.edu\\\/colegio\\\/wp-content\\\/uploads\\\/sites\\\/2\\\/2017\\\/11\\\/relacion-modalidad-grado.png\",\"contentUrl\":\"https:\\\/\\\/palmadelrio.salesianos.edu\\\/colegio\\\/wp-content\\\/uploads\\\/sites\\\/2\\\/2017\\\/11\\\/relacion-modalidad-grado.png\",\"width\":580,\"height\":377},{\"@type\":\"BreadcrumbList\",\"@id\":\"https:\\\/\\\/palmadelrio.salesianos.edu\\\/colegio\\\/oferta-bachillerato\\\/#breadcrumb\",\"itemListElement\":[{\"@type\":\"ListItem\",\"position\":1,\"name\":\"Portada\",\"item\":\"https:\\\/\\\/palmadelrio.salesianos.edu\\\/colegio\\\/\"},{\"@type\":\"ListItem\",\"position\":2,\"name\":\"Oferta Educativa Bachillerato\"}]},{\"@type\":\"WebSite\",\"@id\":\"https:\\\/\\\/palmadelrio.salesianos.edu\\\/colegio\\\/#website\",\"url\":\"https:\\\/\\\/palmadelrio.salesianos.edu\\\/colegio\\\/\",\"name\":\"Colegio\",\"description\":\"P\u00e1gina oficial Salesianos Palma del R\u00edo\",\"potentialAction\":[{\"@type\":\"SearchAction\",\"target\":{\"@type\":\"EntryPoint\",\"urlTemplate\":\"https:\\\/\\\/palmadelrio.salesianos.edu\\\/colegio\\\/?s={search_term_string}\"},\"query-input\":{\"@type\":\"PropertyValueSpecification\",\"valueRequired\":true,\"valueName\":\"search_term_string\"}}],\"inLanguage\":\"es\"}]}<\/script>\n<!-- \/ Yoast SEO plugin. -->","yoast_head_json":{"title":"Oferta Educativa Bachillerato - Colegio","robots":{"index":"index","follow":"follow","max-snippet":"max-snippet:-1","max-image-preview":"max-image-preview:large","max-video-preview":"max-video-preview:-1"},"canonical":"https:\/\/palmadelrio.salesianos.edu\/colegio\/oferta-bachillerato\/","og_locale":"es_ES","og_type":"article","og_title":"Oferta Educativa Bachillerato - Colegio","og_description":"Nuestro\u00a0bachillerato en Salesianos Palma del R\u00edo cuenta con las siguientes modalidades con sus\u00a0correspondientes itinerarios. Bachillerato de Humanidades y Ciencias Sociales Bachillerato de Ciencias Nuestro centro cuenta en la etapa de Bachillerato dos l\u00edneas educativas, cada una de ellas correspondientes a una modalidad, cuatro unidades. A continuaci\u00f3n se muestran las materias en cada una de ellas [&hellip;]","og_url":"https:\/\/palmadelrio.salesianos.edu\/colegio\/oferta-bachillerato\/","og_site_name":"Colegio","article_modified_time":"2024-06-04T08:39:05+00:00","og_image":[{"url":"https:\/\/palmadelrio.salesianos.edu\/colegio\/wp-content\/uploads\/sites\/2\/2017\/11\/relacion-modalidad-grado.png","type":"","width":"","height":""}],"twitter_card":"summary_large_image","twitter_misc":{"Tiempo de lectura":"2 minutos"},"schema":{"@context":"https:\/\/schema.org","@graph":[{"@type":"WebPage","@id":"https:\/\/palmadelrio.salesianos.edu\/colegio\/oferta-bachillerato\/","url":"https:\/\/palmadelrio.salesianos.edu\/colegio\/oferta-bachillerato\/","name":"Oferta Educativa Bachillerato - Colegio","isPartOf":{"@id":"https:\/\/palmadelrio.salesianos.edu\/colegio\/#website"},"primaryImageOfPage":{"@id":"https:\/\/palmadelrio.salesianos.edu\/colegio\/oferta-bachillerato\/#primaryimage"},"image":{"@id":"https:\/\/palmadelrio.salesianos.edu\/colegio\/oferta-bachillerato\/#primaryimage"},"thumbnailUrl":"https:\/\/palmadelrio.salesianos.edu\/colegio\/wp-content\/uploads\/sites\/2\/2017\/11\/relacion-modalidad-grado.png","datePublished":"2017-10-13T12:51:57+00:00","dateModified":"2024-06-04T08:39:05+00:00","breadcrumb":{"@id":"https:\/\/palmadelrio.salesianos.edu\/colegio\/oferta-bachillerato\/#breadcrumb"},"inLanguage":"es","potentialAction":[{"@type":"ReadAction","target":["https:\/\/palmadelrio.salesianos.edu\/colegio\/oferta-bachillerato\/"]}]},{"@type":"ImageObject","inLanguage":"es","@id":"https:\/\/palmadelrio.salesianos.edu\/colegio\/oferta-bachillerato\/#primaryimage","url":"https:\/\/palmadelrio.salesianos.edu\/colegio\/wp-content\/uploads\/sites\/2\/2017\/11\/relacion-modalidad-grado.png","contentUrl":"https:\/\/palmadelrio.salesianos.edu\/colegio\/wp-content\/uploads\/sites\/2\/2017\/11\/relacion-modalidad-grado.png","width":580,"height":377},{"@type":"BreadcrumbList","@id":"https:\/\/palmadelrio.salesianos.edu\/colegio\/oferta-bachillerato\/#breadcrumb","itemListElement":[{"@type":"ListItem","position":1,"name":"Portada","item":"https:\/\/palmadelrio.salesianos.edu\/colegio\/"},{"@type":"ListItem","position":2,"name":"Oferta Educativa Bachillerato"}]},{"@type":"WebSite","@id":"https:\/\/palmadelrio.salesianos.edu\/colegio\/#website","url":"https:\/\/palmadelrio.salesianos.edu\/colegio\/","name":"Colegio","description":"P\u00e1gina oficial Salesianos Palma del R\u00edo","potentialAction":[{"@type":"SearchAction","target":{"@type":"EntryPoint","urlTemplate":"https:\/\/palmadelrio.salesianos.edu\/colegio\/?s={search_term_string}"},"query-input":{"@type":"PropertyValueSpecification","valueRequired":true,"valueName":"search_term_string"}}],"inLanguage":"es"}]}},"_links":{"self":[{"href":"https:\/\/palmadelrio.salesianos.edu\/colegio\/wp-json\/wp\/v2\/pages\/4629","targetHints":{"allow":["GET"]}}],"collection":[{"href":"https:\/\/palmadelrio.salesianos.edu\/colegio\/wp-json\/wp\/v2\/pages"}],"about":[{"href":"https:\/\/palmadelrio.salesianos.edu\/colegio\/wp-json\/wp\/v2\/types\/page"}],"author":[{"embeddable":true,"href":"https:\/\/palmadelrio.salesianos.edu\/colegio\/wp-json\/wp\/v2\/users\/2"}],"replies":[{"embeddable":true,"href":"https:\/\/palmadelrio.salesianos.edu\/colegio\/wp-json\/wp\/v2\/comments?post=4629"}],"version-history":[{"count":8,"href":"https:\/\/palmadelrio.salesianos.edu\/colegio\/wp-json\/wp\/v2\/pages\/4629\/revisions"}],"predecessor-version":[{"id":6102,"href":"https:\/\/palmadelrio.salesianos.edu\/colegio\/wp-json\/wp\/v2\/pages\/4629\/revisions\/6102"}],"wp:attachment":[{"href":"https:\/\/palmadelrio.salesianos.edu\/colegio\/wp-json\/wp\/v2\/media?parent=4629"}],"curies":[{"name":"wp","href":"https:\/\/api.w.org\/{rel}","templated":true}]}}