{"id":4637,"date":"2017-10-13T22:03:01","date_gmt":"2017-10-13T21:03:01","guid":{"rendered":"https:\/\/palmadelrio.salesianos.edu\/colegio\/que-nos-diferencia\/"},"modified":"2024-06-18T08:57:27","modified_gmt":"2024-06-18T07:57:27","slug":"que-nos-diferencia","status":"publish","type":"page","link":"https:\/\/palmadelrio.salesianos.edu\/colegio\/que-nos-diferencia\/","title":{"rendered":"Qu\u00e9 nos diferencia"},"content":{"rendered":"<div id=\"fb-root\"><\/div>\n<p>[et_pb_section fb_built=\u00bb1&#8243; fullwidth=\u00bbon\u00bb admin_label=\u00bbSecci\u00f3n\u00bb _builder_version=\u00bb4.16&#8243; global_colors_info=\u00bb{}\u00bb][et_pb_fullwidth_header title=\u00bbQu\u00e9 nos diferencia\u00bb content_max_width=\u00bbnone\u00bb admin_label=\u00bbT\u00edtulo de anchura completa\u00bb module_class=\u00bbpagina-imagen-cabecera\u00bb _builder_version=\u00bb4.16&#8243; background_color=\u00bbrgba(255, 255, 255, 0)\u00bb background_image=\u00bbhttps:\/\/palmadelrio.salesianos.edu\/wp-content\/uploads\/2017\/09\/fondo.jpg\u00bb background_layout=\u00bblight\u00bb button_one_letter_spacing_hover=\u00bb0&#8243; button_two_letter_spacing_hover=\u00bb0&#8243; global_colors_info=\u00bb{}\u00bb button_one_text_size__hover_enabled=\u00bboff\u00bb button_two_text_size__hover_enabled=\u00bboff\u00bb button_one_text_color__hover_enabled=\u00bboff\u00bb button_two_text_color__hover_enabled=\u00bboff\u00bb button_one_border_width__hover_enabled=\u00bboff\u00bb button_two_border_width__hover_enabled=\u00bboff\u00bb button_one_border_color__hover_enabled=\u00bboff\u00bb button_two_border_color__hover_enabled=\u00bboff\u00bb button_one_border_radius__hover_enabled=\u00bboff\u00bb button_two_border_radius__hover_enabled=\u00bboff\u00bb button_one_letter_spacing__hover_enabled=\u00bbon\u00bb button_one_letter_spacing__hover=\u00bb0&#8243; button_two_letter_spacing__hover_enabled=\u00bbon\u00bb button_two_letter_spacing__hover=\u00bb0&#8243; button_one_bg_color__hover_enabled=\u00bboff\u00bb button_two_bg_color__hover_enabled=\u00bboff\u00bb][\/et_pb_fullwidth_header][\/et_pb_section][et_pb_section fb_built=\u00bb1&#8243; admin_label=\u00bbsection\u00bb _builder_version=\u00bb4.16&#8243; global_colors_info=\u00bb{}\u00bb][et_pb_row admin_label=\u00bbrow\u00bb _builder_version=\u00bb4.16&#8243; background_size=\u00bbinitial\u00bb background_position=\u00bbtop_left\u00bb background_repeat=\u00bbrepeat\u00bb global_colors_info=\u00bb{}\u00bb][et_pb_column type=\u00bb4_4&#8243; _builder_version=\u00bb4.16&#8243; custom_padding=\u00bb|||\u00bb global_colors_info=\u00bb{}\u00bb custom_padding__hover=\u00bb|||\u00bb][et_pb_text admin_label=\u00bbTexto\u00bb _builder_version=\u00bb4.25.1&#8243; hover_enabled=\u00bb0&#8243; border_style=\u00bbsolid\u00bb global_colors_info=\u00bb{}\u00bb sticky_enabled=\u00bb0&#8243;]<\/p>\n<p><span lang=\"ES-TRAD\" xml:lang=\"ES-TRAD\">E<\/span><span lang=\"ES-TRAD\" xml:lang=\"ES-TRAD\">n la etapa de Bachillerato de Salesianos Palma el R\u00edo somos conscientes de que el alumnado es lo m\u00e1s importante, por eso siempre pensamos en lo\u00a0 m\u00e1s adecuado para ellos.<\/span><\/p>\n<p><span lang=\"ES-TRAD\" xml:lang=\"ES-TRAD\">Entre otros aspectos, nuestro Bachillerato se destaca por:<\/span><\/p>\n<ul>\n<li><span lang=\"ES-TRAD\" xml:lang=\"ES-TRAD\">100% de aprobados en selectividad.<\/span><\/li>\n<li><span lang=\"ES-TRAD\" xml:lang=\"ES-TRAD\">Alto grado de finalizaci\u00f3n de grados universitarios con \u00e9xito.<\/span><\/li>\n<li><span lang=\"ES-TRAD\" xml:lang=\"ES-TRAD\">Profesorado de gran experiencia en continua formaci\u00f3n.<\/span><\/li>\n<li><span lang=\"ES-TRAD\" xml:lang=\"ES-TRAD\">Atenci\u00f3n cercana y personalizada al alumnado.<\/span><\/li>\n<li><span lang=\"ES-TRAD\" xml:lang=\"ES-TRAD\">Agrupamientos flexibles en idiomas.<\/span><\/li>\n<li><span lang=\"ES-TRAD\" xml:lang=\"ES-TRAD\">Amplia oferta de actividades complementarias y extraescolares a lo largo de los dos cursos: teatro, actividades deportivas fuera del centro (nataci\u00f3n, p\u00e1del, pirag\u00fcismo), participaci\u00f3n en olimpiadas (f\u00edsica, qu\u00edmica, econom\u00eda), vistas culturales (Mezquita, Alhambra, casa-museo de Lorca&#8230;), grandes viajes fin de curso, etc.<\/span><\/li>\n<li><span lang=\"ES-TRAD\" xml:lang=\"ES-TRAD\">Orientaci\u00f3n espec\u00edfica y personalizada en funci\u00f3n de las inquietudes e intereses del alumnado.<\/span><\/li>\n<li><span lang=\"ES-TRAD\" xml:lang=\"ES-TRAD\">Tenemos en cuenta tu opini\u00f3n a trav\u00e9s de encuestas de satisfacci\u00f3n al alumnado y sus propuestas de mejora.<\/span><\/li>\n<li><span lang=\"ES-TRAD\" xml:lang=\"ES-TRAD\">Certificado de calidad educativa.<\/span><\/li>\n<\/ul>\n<p>&nbsp;<\/p>\n<h2>Equipo de tutores de Bachillerato<\/h2>\n<p><img loading=\"lazy\" decoding=\"async\" class=\"aligncenter wp-image-4638 size-full\" src=\"https:\/\/palmadelrio.salesianos.edu\/colegio\/wp-content\/uploads\/sites\/2\/2017\/11\/tutores-bachillerato.jpg\" alt=\"\" width=\"797\" height=\"522\" srcset=\"https:\/\/palmadelrio.salesianos.edu\/colegio\/wp-content\/uploads\/sites\/2\/2017\/11\/tutores-bachillerato.jpg 797w, https:\/\/palmadelrio.salesianos.edu\/colegio\/wp-content\/uploads\/sites\/2\/2017\/11\/tutores-bachillerato-300x196.jpg 300w, https:\/\/palmadelrio.salesianos.edu\/colegio\/wp-content\/uploads\/sites\/2\/2017\/11\/tutores-bachillerato-768x503.jpg 768w\" sizes=\"(max-width: 797px) 100vw, 797px\" \/><\/p>\n<p>&nbsp;<\/p>\n<h2>Equipo docente de Bachillerato<\/h2>\n<p><img loading=\"lazy\" decoding=\"async\" class=\"aligncenter wp-image-4640 size-full\" src=\"https:\/\/palmadelrio.salesianos.edu\/colegio\/wp-content\/uploads\/sites\/2\/2017\/11\/equipo-docente-bachillerato.png\" alt=\"\" width=\"1070\" height=\"420\" srcset=\"https:\/\/palmadelrio.salesianos.edu\/colegio\/wp-content\/uploads\/sites\/2\/2017\/11\/equipo-docente-bachillerato.png 1070w, https:\/\/palmadelrio.salesianos.edu\/colegio\/wp-content\/uploads\/sites\/2\/2017\/11\/equipo-docente-bachillerato-300x118.png 300w, https:\/\/palmadelrio.salesianos.edu\/colegio\/wp-content\/uploads\/sites\/2\/2017\/11\/equipo-docente-bachillerato-768x301.png 768w, https:\/\/palmadelrio.salesianos.edu\/colegio\/wp-content\/uploads\/sites\/2\/2017\/11\/equipo-docente-bachillerato-1024x402.png 1024w\" sizes=\"(max-width: 1070px) 100vw, 1070px\" \/><\/p>\n<p>[\/et_pb_text][\/et_pb_column][\/et_pb_row][\/et_pb_section]<\/p>\n","protected":false},"excerpt":{"rendered":"<p>En la etapa de Bachillerato de Salesianos Palma el R\u00edo somos conscientes de que el alumnado es lo m\u00e1s importante, por eso siempre pensamos en lo\u00a0 m\u00e1s adecuado para ellos. Entre otros aspectos, nuestro Bachillerato se destaca por: 100% de aprobados en selectividad. Alto grado de finalizaci\u00f3n de grados universitarios con \u00e9xito. Profesorado de gran [&hellip;]<\/p>\n","protected":false},"author":2,"featured_media":0,"parent":0,"menu_order":0,"comment_status":"closed","ping_status":"closed","template":"","meta":{"_et_pb_use_builder":"on","_et_pb_old_content":"","_et_gb_content_width":"","footnotes":""},"class_list":["post-4637","page","type-page","status-publish","hentry"],"yoast_head":"<!-- This site is optimized with the Yoast SEO plugin v27.4 - https:\/\/yoast.com\/product\/yoast-seo-wordpress\/ -->\n<title>Qu\u00e9 nos diferencia - Colegio<\/title>\n<meta name=\"robots\" content=\"index, follow, max-snippet:-1, max-image-preview:large, max-video-preview:-1\" \/>\n<link rel=\"canonical\" href=\"https:\/\/palmadelrio.salesianos.edu\/colegio\/que-nos-diferencia\/\" \/>\n<meta property=\"og:locale\" content=\"es_ES\" \/>\n<meta property=\"og:type\" content=\"article\" \/>\n<meta property=\"og:title\" content=\"Qu\u00e9 nos diferencia - Colegio\" \/>\n<meta property=\"og:description\" content=\"En la etapa de Bachillerato de Salesianos Palma el R\u00edo somos conscientes de que el alumnado es lo m\u00e1s importante, por eso siempre pensamos en lo\u00a0 m\u00e1s adecuado para ellos. Entre otros aspectos, nuestro Bachillerato se destaca por: 100% de aprobados en selectividad. Alto grado de finalizaci\u00f3n de grados universitarios con \u00e9xito. Profesorado de gran [&hellip;]\" \/>\n<meta property=\"og:url\" content=\"https:\/\/palmadelrio.salesianos.edu\/colegio\/que-nos-diferencia\/\" \/>\n<meta property=\"og:site_name\" content=\"Colegio\" \/>\n<meta property=\"article:modified_time\" content=\"2024-06-18T07:57:27+00:00\" \/>\n<meta property=\"og:image\" content=\"https:\/\/palmadelrio.salesianos.edu\/colegio\/wp-content\/uploads\/sites\/2\/2017\/11\/tutores-bachillerato.jpg\" \/>\n<meta name=\"twitter:card\" content=\"summary_large_image\" \/>\n<meta name=\"twitter:label1\" content=\"Tiempo de lectura\" \/>\n\t<meta name=\"twitter:data1\" content=\"2 minutos\" \/>\n<script type=\"application\/ld+json\" class=\"yoast-schema-graph\">{\"@context\":\"https:\\\/\\\/schema.org\",\"@graph\":[{\"@type\":\"WebPage\",\"@id\":\"https:\\\/\\\/palmadelrio.salesianos.edu\\\/colegio\\\/que-nos-diferencia\\\/\",\"url\":\"https:\\\/\\\/palmadelrio.salesianos.edu\\\/colegio\\\/que-nos-diferencia\\\/\",\"name\":\"Qu\u00e9 nos diferencia - Colegio\",\"isPartOf\":{\"@id\":\"https:\\\/\\\/palmadelrio.salesianos.edu\\\/colegio\\\/#website\"},\"primaryImageOfPage\":{\"@id\":\"https:\\\/\\\/palmadelrio.salesianos.edu\\\/colegio\\\/que-nos-diferencia\\\/#primaryimage\"},\"image\":{\"@id\":\"https:\\\/\\\/palmadelrio.salesianos.edu\\\/colegio\\\/que-nos-diferencia\\\/#primaryimage\"},\"thumbnailUrl\":\"https:\\\/\\\/palmadelrio.salesianos.edu\\\/colegio\\\/wp-content\\\/uploads\\\/sites\\\/2\\\/2017\\\/11\\\/tutores-bachillerato.jpg\",\"datePublished\":\"2017-10-13T21:03:01+00:00\",\"dateModified\":\"2024-06-18T07:57:27+00:00\",\"breadcrumb\":{\"@id\":\"https:\\\/\\\/palmadelrio.salesianos.edu\\\/colegio\\\/que-nos-diferencia\\\/#breadcrumb\"},\"inLanguage\":\"es\",\"potentialAction\":[{\"@type\":\"ReadAction\",\"target\":[\"https:\\\/\\\/palmadelrio.salesianos.edu\\\/colegio\\\/que-nos-diferencia\\\/\"]}]},{\"@type\":\"ImageObject\",\"inLanguage\":\"es\",\"@id\":\"https:\\\/\\\/palmadelrio.salesianos.edu\\\/colegio\\\/que-nos-diferencia\\\/#primaryimage\",\"url\":\"https:\\\/\\\/palmadelrio.salesianos.edu\\\/colegio\\\/wp-content\\\/uploads\\\/sites\\\/2\\\/2017\\\/11\\\/tutores-bachillerato.jpg\",\"contentUrl\":\"https:\\\/\\\/palmadelrio.salesianos.edu\\\/colegio\\\/wp-content\\\/uploads\\\/sites\\\/2\\\/2017\\\/11\\\/tutores-bachillerato.jpg\",\"width\":797,\"height\":522},{\"@type\":\"BreadcrumbList\",\"@id\":\"https:\\\/\\\/palmadelrio.salesianos.edu\\\/colegio\\\/que-nos-diferencia\\\/#breadcrumb\",\"itemListElement\":[{\"@type\":\"ListItem\",\"position\":1,\"name\":\"Portada\",\"item\":\"https:\\\/\\\/palmadelrio.salesianos.edu\\\/colegio\\\/\"},{\"@type\":\"ListItem\",\"position\":2,\"name\":\"Qu\u00e9 nos diferencia\"}]},{\"@type\":\"WebSite\",\"@id\":\"https:\\\/\\\/palmadelrio.salesianos.edu\\\/colegio\\\/#website\",\"url\":\"https:\\\/\\\/palmadelrio.salesianos.edu\\\/colegio\\\/\",\"name\":\"Colegio\",\"description\":\"P\u00e1gina oficial Salesianos Palma del R\u00edo\",\"potentialAction\":[{\"@type\":\"SearchAction\",\"target\":{\"@type\":\"EntryPoint\",\"urlTemplate\":\"https:\\\/\\\/palmadelrio.salesianos.edu\\\/colegio\\\/?s={search_term_string}\"},\"query-input\":{\"@type\":\"PropertyValueSpecification\",\"valueRequired\":true,\"valueName\":\"search_term_string\"}}],\"inLanguage\":\"es\"}]}<\/script>\n<!-- \/ Yoast SEO plugin. -->","yoast_head_json":{"title":"Qu\u00e9 nos diferencia - Colegio","robots":{"index":"index","follow":"follow","max-snippet":"max-snippet:-1","max-image-preview":"max-image-preview:large","max-video-preview":"max-video-preview:-1"},"canonical":"https:\/\/palmadelrio.salesianos.edu\/colegio\/que-nos-diferencia\/","og_locale":"es_ES","og_type":"article","og_title":"Qu\u00e9 nos diferencia - Colegio","og_description":"En la etapa de Bachillerato de Salesianos Palma el R\u00edo somos conscientes de que el alumnado es lo m\u00e1s importante, por eso siempre pensamos en lo\u00a0 m\u00e1s adecuado para ellos. Entre otros aspectos, nuestro Bachillerato se destaca por: 100% de aprobados en selectividad. Alto grado de finalizaci\u00f3n de grados universitarios con \u00e9xito. Profesorado de gran [&hellip;]","og_url":"https:\/\/palmadelrio.salesianos.edu\/colegio\/que-nos-diferencia\/","og_site_name":"Colegio","article_modified_time":"2024-06-18T07:57:27+00:00","og_image":[{"url":"https:\/\/palmadelrio.salesianos.edu\/colegio\/wp-content\/uploads\/sites\/2\/2017\/11\/tutores-bachillerato.jpg","type":"","width":"","height":""}],"twitter_card":"summary_large_image","twitter_misc":{"Tiempo de lectura":"2 minutos"},"schema":{"@context":"https:\/\/schema.org","@graph":[{"@type":"WebPage","@id":"https:\/\/palmadelrio.salesianos.edu\/colegio\/que-nos-diferencia\/","url":"https:\/\/palmadelrio.salesianos.edu\/colegio\/que-nos-diferencia\/","name":"Qu\u00e9 nos diferencia - Colegio","isPartOf":{"@id":"https:\/\/palmadelrio.salesianos.edu\/colegio\/#website"},"primaryImageOfPage":{"@id":"https:\/\/palmadelrio.salesianos.edu\/colegio\/que-nos-diferencia\/#primaryimage"},"image":{"@id":"https:\/\/palmadelrio.salesianos.edu\/colegio\/que-nos-diferencia\/#primaryimage"},"thumbnailUrl":"https:\/\/palmadelrio.salesianos.edu\/colegio\/wp-content\/uploads\/sites\/2\/2017\/11\/tutores-bachillerato.jpg","datePublished":"2017-10-13T21:03:01+00:00","dateModified":"2024-06-18T07:57:27+00:00","breadcrumb":{"@id":"https:\/\/palmadelrio.salesianos.edu\/colegio\/que-nos-diferencia\/#breadcrumb"},"inLanguage":"es","potentialAction":[{"@type":"ReadAction","target":["https:\/\/palmadelrio.salesianos.edu\/colegio\/que-nos-diferencia\/"]}]},{"@type":"ImageObject","inLanguage":"es","@id":"https:\/\/palmadelrio.salesianos.edu\/colegio\/que-nos-diferencia\/#primaryimage","url":"https:\/\/palmadelrio.salesianos.edu\/colegio\/wp-content\/uploads\/sites\/2\/2017\/11\/tutores-bachillerato.jpg","contentUrl":"https:\/\/palmadelrio.salesianos.edu\/colegio\/wp-content\/uploads\/sites\/2\/2017\/11\/tutores-bachillerato.jpg","width":797,"height":522},{"@type":"BreadcrumbList","@id":"https:\/\/palmadelrio.salesianos.edu\/colegio\/que-nos-diferencia\/#breadcrumb","itemListElement":[{"@type":"ListItem","position":1,"name":"Portada","item":"https:\/\/palmadelrio.salesianos.edu\/colegio\/"},{"@type":"ListItem","position":2,"name":"Qu\u00e9 nos diferencia"}]},{"@type":"WebSite","@id":"https:\/\/palmadelrio.salesianos.edu\/colegio\/#website","url":"https:\/\/palmadelrio.salesianos.edu\/colegio\/","name":"Colegio","description":"P\u00e1gina oficial Salesianos Palma del R\u00edo","potentialAction":[{"@type":"SearchAction","target":{"@type":"EntryPoint","urlTemplate":"https:\/\/palmadelrio.salesianos.edu\/colegio\/?s={search_term_string}"},"query-input":{"@type":"PropertyValueSpecification","valueRequired":true,"valueName":"search_term_string"}}],"inLanguage":"es"}]}},"_links":{"self":[{"href":"https:\/\/palmadelrio.salesianos.edu\/colegio\/wp-json\/wp\/v2\/pages\/4637","targetHints":{"allow":["GET"]}}],"collection":[{"href":"https:\/\/palmadelrio.salesianos.edu\/colegio\/wp-json\/wp\/v2\/pages"}],"about":[{"href":"https:\/\/palmadelrio.salesianos.edu\/colegio\/wp-json\/wp\/v2\/types\/page"}],"author":[{"embeddable":true,"href":"https:\/\/palmadelrio.salesianos.edu\/colegio\/wp-json\/wp\/v2\/users\/2"}],"replies":[{"embeddable":true,"href":"https:\/\/palmadelrio.salesianos.edu\/colegio\/wp-json\/wp\/v2\/comments?post=4637"}],"version-history":[{"count":3,"href":"https:\/\/palmadelrio.salesianos.edu\/colegio\/wp-json\/wp\/v2\/pages\/4637\/revisions"}],"predecessor-version":[{"id":6141,"href":"https:\/\/palmadelrio.salesianos.edu\/colegio\/wp-json\/wp\/v2\/pages\/4637\/revisions\/6141"}],"wp:attachment":[{"href":"https:\/\/palmadelrio.salesianos.edu\/colegio\/wp-json\/wp\/v2\/media?parent=4637"}],"curies":[{"name":"wp","href":"https:\/\/api.w.org\/{rel}","templated":true}]}}