{"id":4642,"date":"2017-10-13T15:35:02","date_gmt":"2017-10-13T14:35:02","guid":{"rendered":"https:\/\/palmadelrio.salesianos.edu\/colegio\/orientacion-academico-profesional\/"},"modified":"2017-10-13T15:35:02","modified_gmt":"2017-10-13T14:35:02","slug":"orientacion-academico-profesional","status":"publish","type":"page","link":"https:\/\/palmadelrio.salesianos.edu\/colegio\/orientacion-academico-profesional\/","title":{"rendered":"Orientaci\u00f3n Acad\u00e9mico Profesional"},"content":{"rendered":"<div id=\"fb-root\"><\/div>\n<p>[et_pb_section bb_built=\u00bb1&#8243; admin_label=\u00bbSecci\u00f3n\u00bb fullwidth=\u00bbon\u00bb specialty=\u00bboff\u00bb][et_pb_fullwidth_header admin_label=\u00bbT\u00edtulo de anchura completa\u00bb _builder_version=\u00bb3.0.51&#8243; title=\u00bbOrientaci\u00f3n Acad\u00e9mico Profesional\u00bb background_image=\u00bbhttps:\/\/palmadelrio.salesianos.edu\/wp-content\/uploads\/2017\/09\/fondo.jpg\u00bb text_orientation=\u00bbleft\u00bb header_fullscreen=\u00bboff\u00bb header_scroll_down=\u00bboff\u00bb image_orientation=\u00bbcenter\u00bb background_layout=\u00bblight\u00bb content_orientation=\u00bbcenter\u00bb custom_button_one=\u00bboff\u00bb button_one_letter_spacing=\u00bb0&#8243; button_one_icon_placement=\u00bbright\u00bb button_one_letter_spacing_hover=\u00bb0&#8243; custom_button_two=\u00bboff\u00bb button_two_letter_spacing=\u00bb0&#8243; button_two_icon_placement=\u00bbright\u00bb button_two_letter_spacing_hover=\u00bb0&#8243; module_class=\u00bbpagina-imagen-cabecera\u00bb \/][\/et_pb_section][et_pb_section bb_built=\u00bb1&#8243; admin_label=\u00bbsection\u00bb][et_pb_row admin_label=\u00bbrow\u00bb background_position=\u00bbtop_left\u00bb background_repeat=\u00bbrepeat\u00bb background_size=\u00bbinitial\u00bb][et_pb_column type=\u00bb1_3&#8243;][et_pb_image admin_label=\u00bbImagen\u00bb _builder_version=\u00bb3.0.51&#8243; src=\u00bbhttps:\/\/palmadelrio.salesianos.edu\/wp-content\/uploads\/2017\/10\/orientacion.jpg\u00bb show_in_lightbox=\u00bboff\u00bb url_new_window=\u00bboff\u00bb use_overlay=\u00bboff\u00bb sticky=\u00bboff\u00bb align=\u00bbleft\u00bb always_center_on_mobile=\u00bbon\u00bb border_style=\u00bbsolid\u00bb force_fullwidth=\u00bboff\u00bb \/][\/et_pb_column][et_pb_column type=\u00bb2_3&#8243;][et_pb_text admin_label=\u00bbTexto\u00bb _builder_version=\u00bb3.0.51&#8243; background_layout=\u00bblight\u00bb text_orientation=\u00bbleft\u00bb border_style=\u00bbsolid\u00bb]<\/p>\n<p>En nuestro centro somos conscientes de la importancia que supone la orientaci\u00f3n y atenci\u00f3n personalizada durante esta etapa educativa. As\u00ed mismo, nuestros alumnos demandan, cada d\u00eda m\u00e1s, el apoyo de especialistas en diferentes \u00e1reas. Por ello, nuestro departamento de orientaci\u00f3n e integraci\u00f3n est\u00e1 compuesto por:<\/p>\n<ul>\n<li>Psic\u00f3logo terapeuta.<\/li>\n<li>Psicopedagogo.<\/li>\n<li>Logopeda.<\/li>\n<li>Pedagogo Terapeuta.<\/li>\n<\/ul>\n<p>[\/et_pb_text][\/et_pb_column][\/et_pb_row][et_pb_row admin_label=\u00bbFila\u00bb][et_pb_column type=\u00bb4_4&#8243;][et_pb_text admin_label=\u00bbTexto\u00bb _builder_version=\u00bb3.0.51&#8243; background_layout=\u00bblight\u00bb text_orientation=\u00bbleft\u00bb border_style=\u00bbsolid\u00bb]<\/p>\n<p>A lo largo de los dos cursos de la etapa de Bachillerato, a nuestros alumnos se les oferta una amplia gama de actividades:<\/p>\n<ul>\n<li>Orientaci\u00f3n acad\u00e9mico-profesional individualizada.<\/li>\n<li>Realizaci\u00f3n del test de preferencias profesionales.<\/li>\n<li>Visita del servicio de informaci\u00f3n al estudiante de la Universidad de C\u00f3rdoba para informar a nuestros estudiantes sobre la selectividad (PAU).<\/li>\n<li>Visita de diversas universidades, facultades y organismos a nuestro centro con charlas informativas: Universidad Loyola de Andaluc\u00eda (antigua ETEA), Escuela Polit\u00e9cnica de Linares, Ej\u00e9rcito, etc.<\/li>\n<li>Charlas\/coloquios de antiguos alumnos de bachillerato mostrando su experiencia universitaria y profesional en Espa\u00f1a y el extranjero.<\/li>\n<li>Visita a las instalaciones de ciclos formativos de grado superior.<\/li>\n<li>Trabajo con el software ORIENTA para la b\u00fasqueda de grados universitarios y sus salidas profesionales.<\/li>\n<li>Atenci\u00f3n a alumnos con dificultades de aprendizaje.<\/li>\n<li>Visita a las principales facultades de la Universidad de C\u00f3rdoba: Campus de Rabanales, Derecho, Empresariales, Filosof\u00eda y letras, Ciencias de la Educaci\u00f3n, etc.<\/li>\n<\/ul>\n<p>[\/et_pb_text][\/et_pb_column][\/et_pb_row][\/et_pb_section]<\/p>\n","protected":false},"excerpt":{"rendered":"<p>En nuestro centro somos conscientes de la importancia que supone la orientaci\u00f3n y atenci\u00f3n personalizada durante esta etapa educativa. As\u00ed mismo, nuestros alumnos demandan, cada d\u00eda m\u00e1s, el apoyo de especialistas en diferentes \u00e1reas. Por ello, nuestro departamento de orientaci\u00f3n e integraci\u00f3n est\u00e1 compuesto por: Psic\u00f3logo terapeuta. Psicopedagogo. Logopeda. Pedagogo Terapeuta. A lo largo de [&hellip;]<\/p>\n","protected":false},"author":2,"featured_media":0,"parent":0,"menu_order":0,"comment_status":"closed","ping_status":"closed","template":"","meta":{"_et_pb_use_builder":"on","_et_pb_old_content":"","_et_gb_content_width":"","footnotes":""},"class_list":["post-4642","page","type-page","status-publish","hentry"],"yoast_head":"<!-- This site is optimized with the Yoast SEO plugin v27.4 - https:\/\/yoast.com\/product\/yoast-seo-wordpress\/ -->\n<title>Orientaci\u00f3n Acad\u00e9mico Profesional - Colegio<\/title>\n<meta name=\"robots\" content=\"index, follow, max-snippet:-1, max-image-preview:large, max-video-preview:-1\" \/>\n<link rel=\"canonical\" href=\"https:\/\/palmadelrio.salesianos.edu\/colegio\/orientacion-academico-profesional\/\" \/>\n<meta property=\"og:locale\" content=\"es_ES\" \/>\n<meta property=\"og:type\" content=\"article\" \/>\n<meta property=\"og:title\" content=\"Orientaci\u00f3n Acad\u00e9mico Profesional - Colegio\" \/>\n<meta property=\"og:description\" content=\"En nuestro centro somos conscientes de la importancia que supone la orientaci\u00f3n y atenci\u00f3n personalizada durante esta etapa educativa. As\u00ed mismo, nuestros alumnos demandan, cada d\u00eda m\u00e1s, el apoyo de especialistas en diferentes \u00e1reas. Por ello, nuestro departamento de orientaci\u00f3n e integraci\u00f3n est\u00e1 compuesto por: Psic\u00f3logo terapeuta. Psicopedagogo. Logopeda. Pedagogo Terapeuta. A lo largo de [&hellip;]\" \/>\n<meta property=\"og:url\" content=\"https:\/\/palmadelrio.salesianos.edu\/colegio\/orientacion-academico-profesional\/\" \/>\n<meta property=\"og:site_name\" content=\"Colegio\" \/>\n<meta name=\"twitter:card\" content=\"summary_large_image\" \/>\n<meta name=\"twitter:label1\" content=\"Tiempo de lectura\" \/>\n\t<meta name=\"twitter:data1\" content=\"2 minutos\" \/>\n<script type=\"application\/ld+json\" class=\"yoast-schema-graph\">{\"@context\":\"https:\\\/\\\/schema.org\",\"@graph\":[{\"@type\":\"WebPage\",\"@id\":\"https:\\\/\\\/palmadelrio.salesianos.edu\\\/colegio\\\/orientacion-academico-profesional\\\/\",\"url\":\"https:\\\/\\\/palmadelrio.salesianos.edu\\\/colegio\\\/orientacion-academico-profesional\\\/\",\"name\":\"Orientaci\u00f3n Acad\u00e9mico Profesional - Colegio\",\"isPartOf\":{\"@id\":\"https:\\\/\\\/palmadelrio.salesianos.edu\\\/colegio\\\/#website\"},\"datePublished\":\"2017-10-13T14:35:02+00:00\",\"breadcrumb\":{\"@id\":\"https:\\\/\\\/palmadelrio.salesianos.edu\\\/colegio\\\/orientacion-academico-profesional\\\/#breadcrumb\"},\"inLanguage\":\"es\",\"potentialAction\":[{\"@type\":\"ReadAction\",\"target\":[\"https:\\\/\\\/palmadelrio.salesianos.edu\\\/colegio\\\/orientacion-academico-profesional\\\/\"]}]},{\"@type\":\"BreadcrumbList\",\"@id\":\"https:\\\/\\\/palmadelrio.salesianos.edu\\\/colegio\\\/orientacion-academico-profesional\\\/#breadcrumb\",\"itemListElement\":[{\"@type\":\"ListItem\",\"position\":1,\"name\":\"Portada\",\"item\":\"https:\\\/\\\/palmadelrio.salesianos.edu\\\/colegio\\\/\"},{\"@type\":\"ListItem\",\"position\":2,\"name\":\"Orientaci\u00f3n Acad\u00e9mico Profesional\"}]},{\"@type\":\"WebSite\",\"@id\":\"https:\\\/\\\/palmadelrio.salesianos.edu\\\/colegio\\\/#website\",\"url\":\"https:\\\/\\\/palmadelrio.salesianos.edu\\\/colegio\\\/\",\"name\":\"Colegio\",\"description\":\"P\u00e1gina oficial Salesianos Palma del R\u00edo\",\"potentialAction\":[{\"@type\":\"SearchAction\",\"target\":{\"@type\":\"EntryPoint\",\"urlTemplate\":\"https:\\\/\\\/palmadelrio.salesianos.edu\\\/colegio\\\/?s={search_term_string}\"},\"query-input\":{\"@type\":\"PropertyValueSpecification\",\"valueRequired\":true,\"valueName\":\"search_term_string\"}}],\"inLanguage\":\"es\"}]}<\/script>\n<!-- \/ Yoast SEO plugin. -->","yoast_head_json":{"title":"Orientaci\u00f3n Acad\u00e9mico Profesional - Colegio","robots":{"index":"index","follow":"follow","max-snippet":"max-snippet:-1","max-image-preview":"max-image-preview:large","max-video-preview":"max-video-preview:-1"},"canonical":"https:\/\/palmadelrio.salesianos.edu\/colegio\/orientacion-academico-profesional\/","og_locale":"es_ES","og_type":"article","og_title":"Orientaci\u00f3n Acad\u00e9mico Profesional - Colegio","og_description":"En nuestro centro somos conscientes de la importancia que supone la orientaci\u00f3n y atenci\u00f3n personalizada durante esta etapa educativa. As\u00ed mismo, nuestros alumnos demandan, cada d\u00eda m\u00e1s, el apoyo de especialistas en diferentes \u00e1reas. Por ello, nuestro departamento de orientaci\u00f3n e integraci\u00f3n est\u00e1 compuesto por: Psic\u00f3logo terapeuta. Psicopedagogo. Logopeda. Pedagogo Terapeuta. A lo largo de [&hellip;]","og_url":"https:\/\/palmadelrio.salesianos.edu\/colegio\/orientacion-academico-profesional\/","og_site_name":"Colegio","twitter_card":"summary_large_image","twitter_misc":{"Tiempo de lectura":"2 minutos"},"schema":{"@context":"https:\/\/schema.org","@graph":[{"@type":"WebPage","@id":"https:\/\/palmadelrio.salesianos.edu\/colegio\/orientacion-academico-profesional\/","url":"https:\/\/palmadelrio.salesianos.edu\/colegio\/orientacion-academico-profesional\/","name":"Orientaci\u00f3n Acad\u00e9mico Profesional - Colegio","isPartOf":{"@id":"https:\/\/palmadelrio.salesianos.edu\/colegio\/#website"},"datePublished":"2017-10-13T14:35:02+00:00","breadcrumb":{"@id":"https:\/\/palmadelrio.salesianos.edu\/colegio\/orientacion-academico-profesional\/#breadcrumb"},"inLanguage":"es","potentialAction":[{"@type":"ReadAction","target":["https:\/\/palmadelrio.salesianos.edu\/colegio\/orientacion-academico-profesional\/"]}]},{"@type":"BreadcrumbList","@id":"https:\/\/palmadelrio.salesianos.edu\/colegio\/orientacion-academico-profesional\/#breadcrumb","itemListElement":[{"@type":"ListItem","position":1,"name":"Portada","item":"https:\/\/palmadelrio.salesianos.edu\/colegio\/"},{"@type":"ListItem","position":2,"name":"Orientaci\u00f3n Acad\u00e9mico Profesional"}]},{"@type":"WebSite","@id":"https:\/\/palmadelrio.salesianos.edu\/colegio\/#website","url":"https:\/\/palmadelrio.salesianos.edu\/colegio\/","name":"Colegio","description":"P\u00e1gina oficial Salesianos Palma del R\u00edo","potentialAction":[{"@type":"SearchAction","target":{"@type":"EntryPoint","urlTemplate":"https:\/\/palmadelrio.salesianos.edu\/colegio\/?s={search_term_string}"},"query-input":{"@type":"PropertyValueSpecification","valueRequired":true,"valueName":"search_term_string"}}],"inLanguage":"es"}]}},"_links":{"self":[{"href":"https:\/\/palmadelrio.salesianos.edu\/colegio\/wp-json\/wp\/v2\/pages\/4642","targetHints":{"allow":["GET"]}}],"collection":[{"href":"https:\/\/palmadelrio.salesianos.edu\/colegio\/wp-json\/wp\/v2\/pages"}],"about":[{"href":"https:\/\/palmadelrio.salesianos.edu\/colegio\/wp-json\/wp\/v2\/types\/page"}],"author":[{"embeddable":true,"href":"https:\/\/palmadelrio.salesianos.edu\/colegio\/wp-json\/wp\/v2\/users\/2"}],"replies":[{"embeddable":true,"href":"https:\/\/palmadelrio.salesianos.edu\/colegio\/wp-json\/wp\/v2\/comments?post=4642"}],"version-history":[{"count":0,"href":"https:\/\/palmadelrio.salesianos.edu\/colegio\/wp-json\/wp\/v2\/pages\/4642\/revisions"}],"wp:attachment":[{"href":"https:\/\/palmadelrio.salesianos.edu\/colegio\/wp-json\/wp\/v2\/media?parent=4642"}],"curies":[{"name":"wp","href":"https:\/\/api.w.org\/{rel}","templated":true}]}}