{"id":4725,"date":"2017-10-11T10:17:51","date_gmt":"2017-10-11T09:17:51","guid":{"rendered":"https:\/\/palmadelrio.salesianos.edu\/colegio\/oferta-educativa\/"},"modified":"2017-11-13T17:17:31","modified_gmt":"2017-11-13T16:17:31","slug":"oferta-educativa","status":"publish","type":"page","link":"https:\/\/palmadelrio.salesianos.edu\/colegio\/oferta-educativa\/","title":{"rendered":"Oferta Educativa"},"content":{"rendered":"<div id=\"fb-root\"><\/div>\n<p>[et_pb_section bb_built=\u00bb1&#8243; fullwidth=\u00bbon\u00bb specialty=\u00bboff\u00bb][et_pb_fullwidth_header _builder_version=\u00bb3.0.51&#8243; title=\u00bbOferta Educativa\u00bb background_image=\u00bbhttps:\/\/palmadelrio.salesianos.edu\/wp-content\/uploads\/2017\/09\/fondo.jpg\u00bb text_orientation=\u00bbleft\u00bb header_fullscreen=\u00bboff\u00bb header_scroll_down=\u00bboff\u00bb image_orientation=\u00bbcenter\u00bb background_layout=\u00bblight\u00bb content_orientation=\u00bbcenter\u00bb custom_button_one=\u00bboff\u00bb button_one_letter_spacing=\u00bb0&#8243; button_one_icon_placement=\u00bbright\u00bb button_one_letter_spacing_hover=\u00bb0&#8243; custom_button_two=\u00bboff\u00bb button_two_letter_spacing=\u00bb0&#8243; button_two_icon_placement=\u00bbright\u00bb button_two_letter_spacing_hover=\u00bb0&#8243; module_class=\u00bbpagina-imagen-cabecera\u00bb \/][\/et_pb_section][et_pb_section bb_built=\u00bb1&#8243; admin_label=\u00bbsection\u00bb][et_pb_row admin_label=\u00bbrow\u00bb background_position=\u00bbtop_left\u00bb background_repeat=\u00bbrepeat\u00bb background_size=\u00bbinitial\u00bb][et_pb_column type=\u00bb4_4&#8243;][et_pb_text admin_label=\u00bbText\u00bb background_position=\u00bbtop_left\u00bb background_repeat=\u00bbrepeat\u00bb background_size=\u00bbinitial\u00bb _builder_version=\u00bb3.0.51&#8243; background_layout=\u00bblight\u00bb text_orientation=\u00bbleft\u00bb border_style=\u00bbsolid\u00bb header_font_size=\u00bb40px\u00bb module_alignment=\u00bbleft\u00bb]<\/p>\n<div class=\"et_pb_module et_pb_post_title et_pb_post_title_0 et_pb_bg_layout_light et_pb_text_align_left\">\n<div class=\"et_pb_title_container\">\n<div class=\"et_pb_text et_pb_module et_pb_bg_layout_light et_pb_text_align_left et_pb_text_0\">\n<div class=\"et_pb_text_inner\">\n<h2>Una escuela que acompa\u00f1a<\/h2>\n<\/div>\n<\/div>\n<div class=\"et_pb_text et_pb_module et_pb_bg_layout_light et_pb_text_align_left et_pb_text_1\">\n<div class=\"et_pb_text_inner\">\n<p>En nuestro centro tus hijos\/as podr\u00e1n cursar tanto\u00a0<strong>etapas obligatorias<\/strong>\u00a0(<em>Primaria y Secundaria<\/em>) como <strong>no obligatorias<\/strong>(<em>Bachillerato<\/em>), incluso tendr\u00e1n la opci\u00f3n de estudiar un\u00a0<strong>ciclo de grado medio <\/strong>o un<strong> ciclo de grado superior<\/strong>\u00a0con nosotros, s\u00ed as\u00ed lo desean. Esto significa que desde los 5 a\u00f1os hasta su formaci\u00f3n profesional o pre-universitaria podr\u00e1n disfrutar de una\u00a0<strong>educaci\u00f3n continuada\u00a0<\/strong>y en sinton\u00eda con los valores propios de una escuela\u00a0<strong>salesiana y cristiana<\/strong>.<\/p>\n<p>Adem\u00e1s, con el objetivo de ofrecer una\u00a0<strong>educaci\u00f3n de calidad abierta a todas aquellas familias que nos quieran escoger\u00a0<\/strong>como centro educativo, hemos procurado que todas nuestras aulas desde Primaria hasta Bachillerato est\u00e9n\u00a0<strong>subvencionadas por concierto<\/strong>\u00a0con la Junta de Andaluc\u00eda.<\/p>\n<\/div>\n<\/div>\n<\/div>\n<\/div>\n<p>[\/et_pb_text][et_pb_code _builder_version=\u00bb3.0.86&#8243;]&lt;table style=\u00bbwidth:100%\u00bb&gt;&lt;!&#8211; [et_pb_line_break_holder] &#8211;&gt; &lt;tr&gt;&lt;!&#8211; [et_pb_line_break_holder] &#8211;&gt; &lt;td width=\u00bb60%\u00bb&gt;&lt;strong&gt;ETAPAS&lt;\/strong&gt;&lt;\/td&gt;&lt;!&#8211; [et_pb_line_break_holder] &#8211;&gt; &lt;td width=\u00bb20%\u00bb&gt;&lt;strong&gt;&lt;p style=\u00bbtext-align: center;\u00bb&gt;UNIDADES&lt;\/p&gt;&lt;\/strong&gt;&lt;\/td&gt;&lt;!&#8211; [et_pb_line_break_holder] &#8211;&gt; &lt;td witdh=\u00bb20%\u00bb&gt;&lt;strong&gt;&lt;p style=\u00bbtext-align: center;\u00bb&gt;ALUMNOS&lt;\/p&gt;&lt;\/strong&gt;&lt;\/td&gt;&lt;!&#8211; [et_pb_line_break_holder] &#8211;&gt; &lt;\/tr&gt;&lt;!&#8211; [et_pb_line_break_holder] &#8211;&gt;&lt;tr&gt;&lt;!&#8211; [et_pb_line_break_holder] &#8211;&gt; &lt;td&gt;&lt;h3&gt;&lt;strong&gt;Educaci\u00f3n Primaria&lt;\/h3&gt;&lt;\/strong&gt;&lt;\/td&gt;&lt;!&#8211; [et_pb_line_break_holder] &#8211;&gt; &lt;td&gt;&lt;p style=\u00bbtext-align: center;\u00bb&gt;6&lt;\/p&gt;&lt;\/td&gt;&lt;!&#8211; [et_pb_line_break_holder] &#8211;&gt; &lt;td&gt;&lt;p style=\u00bbtext-align: center;\u00bb&gt;&lt;\/p&gt;&lt;\/td&gt;&lt;!&#8211; [et_pb_line_break_holder] &#8211;&gt; &lt;\/tr&gt;&lt;!&#8211; [et_pb_line_break_holder] &#8211;&gt;&lt;tr&gt;&lt;!&#8211; [et_pb_line_break_holder] &#8211;&gt; &lt;td&gt;&lt;strong&gt;&lt;\/strong&gt;&lt;\/td&gt;&lt;!&#8211; [et_pb_line_break_holder] &#8211;&gt; &lt;td&gt;&lt;\/td&gt;&lt;!&#8211; [et_pb_line_break_holder] &#8211;&gt; &lt;td&gt;&lt;\/td&gt;&lt;!&#8211; [et_pb_line_break_holder] &#8211;&gt; &lt;\/tr&gt;&lt;!&#8211; [et_pb_line_break_holder] &#8211;&gt;&lt;tr&gt;&lt;!&#8211; [et_pb_line_break_holder] &#8211;&gt; &lt;td&gt;&lt;h3&gt;&lt;strong&gt;Educaci\u00f3n Secundaria Obligatoria&lt;\/h3&gt;&lt;\/strong&gt;&lt;\/td&gt;&lt;!&#8211; [et_pb_line_break_holder] &#8211;&gt; &lt;td&gt;&lt;p style=\u00bbtext-align: center;\u00bb&gt;4&lt;\/p&gt;&lt;\/td&gt;&lt;!&#8211; [et_pb_line_break_holder] &#8211;&gt; &lt;td&gt;&lt;p style=\u00bbtext-align: center;\u00bb&gt;&lt;\/p&gt;&lt;\/td&gt;&lt;!&#8211; [et_pb_line_break_holder] &#8211;&gt; &lt;\/tr&gt;&lt;!&#8211; [et_pb_line_break_holder] &#8211;&gt;&lt;tr&gt;&lt;!&#8211; [et_pb_line_break_holder] &#8211;&gt;&lt;tr&gt;&lt;!&#8211; [et_pb_line_break_holder] &#8211;&gt; &lt;td&gt;&lt;strong&gt;&lt;\/strong&gt;&lt;\/td&gt;&lt;!&#8211; [et_pb_line_break_holder] &#8211;&gt; &lt;td&gt;&lt;\/td&gt;&lt;!&#8211; [et_pb_line_break_holder] &#8211;&gt; &lt;td&gt;&lt;\/td&gt;&lt;!&#8211; [et_pb_line_break_holder] &#8211;&gt; &lt;\/tr&gt;&lt;!&#8211; [et_pb_line_break_holder] &#8211;&gt; &lt;td&gt;&lt;h3&gt;&lt;strong&gt;Formaci\u00f3n Profesional B\u00e1sica&lt;\/h3&gt;&lt;\/strong&gt;&lt;\/td&gt;&lt;!&#8211; [et_pb_line_break_holder] &#8211;&gt; &lt;td&gt;&lt;p style=\u00bbtext-align: center;\u00bb&gt;2&lt;\/p&gt;&lt;\/td&gt;&lt;!&#8211; [et_pb_line_break_holder] &#8211;&gt; &lt;td&gt;&lt;p style=\u00bbtext-align: center;\u00bb&gt;&lt;\/p&gt;&lt;\/td&gt;&lt;!&#8211; [et_pb_line_break_holder] &#8211;&gt; &lt;\/tr&gt;&lt;!&#8211; [et_pb_line_break_holder] &#8211;&gt;&lt;tr&gt;&lt;!&#8211; [et_pb_line_break_holder] &#8211;&gt; &lt;td&gt;&lt;ul&gt;&lt;li&gt;&lt;strong&gt;Electricidad y Electr\u00f3nica&lt;\/strong&gt;&lt;\/li&gt;&lt;\/ul&gt;&lt;\/td&gt;&lt;!&#8211; [et_pb_line_break_holder] &#8211;&gt; &lt;td&gt;&lt;\/td&gt;&lt;!&#8211; [et_pb_line_break_holder] &#8211;&gt; &lt;td&gt;&lt;\/td&gt;&lt;!&#8211; [et_pb_line_break_holder] &#8211;&gt; &lt;\/tr&gt;&lt;!&#8211; [et_pb_line_break_holder] &#8211;&gt;&lt;tr&gt;&lt;!&#8211; [et_pb_line_break_holder] &#8211;&gt; &lt;td&gt;&lt;strong&gt;&lt;\/strong&gt;&lt;\/td&gt;&lt;!&#8211; [et_pb_line_break_holder] &#8211;&gt; &lt;td&gt;&lt;\/td&gt;&lt;!&#8211; [et_pb_line_break_holder] &#8211;&gt; &lt;td&gt;&lt;\/td&gt;&lt;!&#8211; [et_pb_line_break_holder] &#8211;&gt; &lt;\/tr&gt;&lt;!&#8211; [et_pb_line_break_holder] &#8211;&gt;&lt;tr&gt;&lt;!&#8211; [et_pb_line_break_holder] &#8211;&gt; &lt;td&gt;&lt;h3&gt;&lt;strong&gt;Bachillerato&lt;\/h3&gt;&lt;\/strong&gt;&lt;\/td&gt;&lt;!&#8211; [et_pb_line_break_holder] &#8211;&gt; &lt;td&gt;&lt;p style=\u00bbtext-align: center;\u00bb&gt;4&lt;\/p&gt;&lt;\/td&gt;&lt;!&#8211; [et_pb_line_break_holder] &#8211;&gt; &lt;td&gt;&lt;p style=\u00bbtext-align: center;\u00bb&gt;&lt;\/p&gt;&lt;\/td&gt;&lt;!&#8211; [et_pb_line_break_holder] &#8211;&gt; &lt;\/tr&gt;&lt;!&#8211; [et_pb_line_break_holder] &#8211;&gt;&lt;tr&gt;&lt;!&#8211; [et_pb_line_break_holder] &#8211;&gt; &lt;td&gt;&lt;ul&gt;&lt;li&gt;&lt;strong&gt;Bachillerato de Humanidades y Ciencias Sociales&lt;\/strong&gt;&lt;\/li&gt;&lt;\/ul&gt;&lt;\/td&gt;&lt;!&#8211; [et_pb_line_break_holder] &#8211;&gt; &lt;td&gt;&lt;\/td&gt;&lt;!&#8211; [et_pb_line_break_holder] &#8211;&gt; &lt;td&gt;&lt;\/td&gt;&lt;!&#8211; [et_pb_line_break_holder] &#8211;&gt; &lt;\/tr&gt;&lt;!&#8211; [et_pb_line_break_holder] &#8211;&gt;&lt;tr&gt;&lt;!&#8211; [et_pb_line_break_holder] &#8211;&gt; &lt;td&gt;&lt;ul&gt;&lt;li&gt;&lt;strong&gt;Bachillerato de Ciencias&lt;\/strong&gt;&lt;\/li&gt;&lt;\/ul&gt;&lt;\/td&gt;&lt;!&#8211; [et_pb_line_break_holder] &#8211;&gt; &lt;td&gt;&lt;\/td&gt;&lt;!&#8211; [et_pb_line_break_holder] &#8211;&gt; &lt;td&gt;&lt;\/td&gt;&lt;!&#8211; [et_pb_line_break_holder] &#8211;&gt; &lt;\/tr&gt;&lt;!&#8211; [et_pb_line_break_holder] &#8211;&gt;&lt;tr&gt;&lt;!&#8211; [et_pb_line_break_holder] &#8211;&gt; &lt;td&gt;&lt;strong&gt;&lt;\/strong&gt;&lt;\/td&gt;&lt;!&#8211; [et_pb_line_break_holder] &#8211;&gt; &lt;td&gt;&lt;\/td&gt;&lt;!&#8211; [et_pb_line_break_holder] &#8211;&gt; &lt;td&gt;&lt;\/td&gt;&lt;!&#8211; [et_pb_line_break_holder] &#8211;&gt; &lt;\/tr&gt;&lt;!&#8211; [et_pb_line_break_holder] &#8211;&gt;&lt;tr&gt;&lt;!&#8211; [et_pb_line_break_holder] &#8211;&gt; &lt;td&gt;&lt;h3&gt;&lt;strong&gt;Ciclos Formativos de Grado Medio&lt;\/h3&gt;&lt;\/strong&gt;&lt;\/td&gt;&lt;!&#8211; [et_pb_line_break_holder] &#8211;&gt; &lt;td&gt;&lt;p style=\u00bbtext-align: center;\u00bb&gt;10&lt;\/p&gt;&lt;\/td&gt;&lt;!&#8211; [et_pb_line_break_holder] &#8211;&gt; &lt;td&gt;&lt;p style=\u00bbtext-align: center;\u00bb&gt;&lt;\/p&gt;&lt;\/td&gt;&lt;!&#8211; [et_pb_line_break_holder] &#8211;&gt; &lt;\/tr&gt;&lt;!&#8211; [et_pb_line_break_holder] &#8211;&gt;&lt;tr&gt;&lt;!&#8211; [et_pb_line_break_holder] &#8211;&gt; &lt;td&gt;&lt;ul&gt;&lt;li&gt;&lt;strong&gt;Electromec\u00e1nica de Veh\u00edculos Autom\u00f3viles (EVA)&lt;\/strong&gt;&lt;\/li&gt;&lt;\/ul&gt;&lt;\/td&gt;&lt;!&#8211; [et_pb_line_break_holder] &#8211;&gt; &lt;td&gt;&lt;\/td&gt;&lt;!&#8211; [et_pb_line_break_holder] &#8211;&gt; &lt;td&gt;&lt;\/td&gt;&lt;!&#8211; [et_pb_line_break_holder] &#8211;&gt; &lt;\/tr&gt;&lt;!&#8211; [et_pb_line_break_holder] &#8211;&gt;&lt;tr&gt;&lt;!&#8211; [et_pb_line_break_holder] &#8211;&gt; &lt;td&gt;&lt;ul&gt;&lt;li&gt;&lt;strong&gt;Gesti\u00f3n Administrativa (GA)&lt;\/strong&gt;&lt;\/li&gt;&lt;\/ul&gt;&lt;\/td&gt;&lt;!&#8211; [et_pb_line_break_holder] &#8211;&gt; &lt;td&gt;&lt;\/td&gt;&lt;!&#8211; [et_pb_line_break_holder] &#8211;&gt; &lt;td&gt;&lt;\/td&gt;&lt;!&#8211; [et_pb_line_break_holder] &#8211;&gt; &lt;\/tr&gt;&lt;!&#8211; [et_pb_line_break_holder] &#8211;&gt;&lt;tr&gt;&lt;!&#8211; [et_pb_line_break_holder] &#8211;&gt; &lt;td&gt;&lt;ul&gt;&lt;li&gt;&lt;strong&gt;Instalaciones El\u00e9ctricas y Autom\u00e1ticas (IEA)&lt;\/strong&gt;&lt;\/li&gt;&lt;\/ul&gt;&lt;\/td&gt;&lt;!&#8211; [et_pb_line_break_holder] &#8211;&gt; &lt;td&gt;&lt;\/td&gt;&lt;!&#8211; [et_pb_line_break_holder] &#8211;&gt; &lt;td&gt;&lt;\/td&gt;&lt;!&#8211; [et_pb_line_break_holder] &#8211;&gt; &lt;\/tr&gt;&lt;!&#8211; [et_pb_line_break_holder] &#8211;&gt;&lt;tr&gt;&lt;!&#8211; [et_pb_line_break_holder] &#8211;&gt; &lt;td&gt;&lt;ul&gt;&lt;li&gt;&lt;strong&gt;Instalaciones Frigor\u00edficas y de Climatizaci\u00f3n (IFC)&lt;\/strong&gt;&lt;\/li&gt;&lt;\/ul&gt;&lt;\/td&gt;&lt;!&#8211; [et_pb_line_break_holder] &#8211;&gt; &lt;td&gt;&lt;\/td&gt;&lt;!&#8211; [et_pb_line_break_holder] &#8211;&gt; &lt;td&gt;&lt;\/td&gt;&lt;!&#8211; [et_pb_line_break_holder] &#8211;&gt; &lt;\/tr&gt;&lt;!&#8211; [et_pb_line_break_holder] &#8211;&gt;&lt;tr&gt;&lt;!&#8211; [et_pb_line_break_holder] &#8211;&gt; &lt;td&gt;&lt;strong&gt;&lt;\/strong&gt;&lt;\/td&gt;&lt;!&#8211; [et_pb_line_break_holder] &#8211;&gt; &lt;td&gt;&lt;\/td&gt;&lt;!&#8211; [et_pb_line_break_holder] &#8211;&gt; &lt;td&gt;&lt;\/td&gt;&lt;!&#8211; [et_pb_line_break_holder] &#8211;&gt; &lt;\/tr&gt;&lt;!&#8211; [et_pb_line_break_holder] &#8211;&gt;&lt;tr&gt;&lt;!&#8211; [et_pb_line_break_holder] &#8211;&gt;&lt;tr&gt;&lt;!&#8211; [et_pb_line_break_holder] &#8211;&gt; &lt;td&gt;&lt;h3&gt;&lt;strong&gt;Ciclos Formativos de Grado Superior&lt;\/h3&gt;&lt;\/strong&gt;&lt;\/td&gt;&lt;!&#8211; [et_pb_line_break_holder] &#8211;&gt; &lt;td&gt;&lt;p style=\u00bbtext-align: center;\u00bb&gt;4&lt;\/p&gt;&lt;\/td&gt;&lt;!&#8211; [et_pb_line_break_holder] &#8211;&gt; &lt;td&gt;&lt;p style=\u00bbtext-align: center;\u00bb&gt;&lt;\/p&gt;&lt;\/td&gt;&lt;!&#8211; [et_pb_line_break_holder] &#8211;&gt; &lt;\/tr&gt;&lt;!&#8211; [et_pb_line_break_holder] &#8211;&gt;&lt;tr&gt;&lt;!&#8211; [et_pb_line_break_holder] &#8211;&gt; &lt;td&gt;&lt;ul&gt;&lt;li&gt;&lt;strong&gt;Administraci\u00f3n y Finanzas (AyF)&lt;\/strong&gt;&lt;\/li&gt;&lt;\/ul&gt;&lt;\/td&gt;&lt;!&#8211; [et_pb_line_break_holder] &#8211;&gt; &lt;td&gt;&lt;\/td&gt;&lt;!&#8211; [et_pb_line_break_holder] &#8211;&gt; &lt;td&gt;&lt;\/td&gt;&lt;!&#8211; [et_pb_line_break_holder] &#8211;&gt; &lt;\/tr&gt;&lt;!&#8211; [et_pb_line_break_holder] &#8211;&gt;&lt;tr&gt;&lt;!&#8211; [et_pb_line_break_holder] &#8211;&gt; &lt;td&gt;&lt;ul&gt;&lt;li&gt;&lt;strong&gt;Automatizaci\u00f3n y Rob\u00f3tica Industrial(ARI)&lt;\/strong&gt;&lt;\/li&gt;&lt;\/ul&gt;&lt;\/td&gt;&lt;!&#8211; [et_pb_line_break_holder] &#8211;&gt; &lt;td&gt;&lt;\/td&gt;&lt;!&#8211; [et_pb_line_break_holder] &#8211;&gt; &lt;td&gt;&lt;\/td&gt;&lt;!&#8211; [et_pb_line_break_holder] &#8211;&gt; &lt;\/tr&gt;&lt;!&#8211; [et_pb_line_break_holder] &#8211;&gt;&lt;tr&gt;&lt;!&#8211; [et_pb_line_break_holder] &#8211;&gt; &lt;td&gt;&lt;strong&gt;&lt;\/strong&gt;&lt;\/td&gt;&lt;!&#8211; [et_pb_line_break_holder] &#8211;&gt; &lt;td&gt;&lt;\/td&gt;&lt;!&#8211; [et_pb_line_break_holder] &#8211;&gt; &lt;td&gt;&lt;\/td&gt;&lt;!&#8211; [et_pb_line_break_holder] &#8211;&gt; &lt;\/tr&gt;&lt;!&#8211; [et_pb_line_break_holder] &#8211;&gt;&lt;tr&gt;&lt;!&#8211; [et_pb_line_break_holder] &#8211;&gt;&lt;td&gt;&lt;strong&gt;Total de alumnos&lt;\/strong&gt;&lt;\/td&gt;&lt;!&#8211; [et_pb_line_break_holder] &#8211;&gt;&lt;td&gt;&lt;strong&gt;&lt;\/strong&gt;&lt;\/td&gt;&lt;!&#8211; [et_pb_line_break_holder] &#8211;&gt;&lt;td&gt;&lt;strong&gt;&lt;p style=\u00bbtext-align: center;\u00bb&gt;&lt;\/p&gt;&lt;\/strong&gt;&lt;\/td&gt;&lt;!&#8211; [et_pb_line_break_holder] &#8211;&gt;&lt;\/tr&gt;&lt;!&#8211; [et_pb_line_break_holder] &#8211;&gt;&lt;\/table&gt;[\/et_pb_code][\/et_pb_column][\/et_pb_row][\/et_pb_section]<\/p>\n","protected":false},"excerpt":{"rendered":"<p>Una escuela que acompa\u00f1a En nuestro centro tus hijos\/as podr\u00e1n cursar tanto\u00a0etapas obligatorias\u00a0(Primaria y Secundaria) como no obligatorias(Bachillerato), incluso tendr\u00e1n la opci\u00f3n de estudiar un\u00a0ciclo de grado medio o un ciclo de grado superior\u00a0con nosotros, s\u00ed as\u00ed lo desean. Esto significa que desde los 5 a\u00f1os hasta su formaci\u00f3n profesional o pre-universitaria podr\u00e1n disfrutar de [&hellip;]<\/p>\n","protected":false},"author":2,"featured_media":0,"parent":0,"menu_order":0,"comment_status":"closed","ping_status":"closed","template":"","meta":{"_et_pb_use_builder":"on","_et_pb_old_content":"","_et_gb_content_width":"","footnotes":""},"class_list":["post-4725","page","type-page","status-publish","hentry"],"yoast_head":"<!-- This site is optimized with the Yoast SEO plugin v27.4 - https:\/\/yoast.com\/product\/yoast-seo-wordpress\/ -->\n<title>Oferta Educativa - Colegio<\/title>\n<meta name=\"robots\" content=\"index, follow, max-snippet:-1, max-image-preview:large, max-video-preview:-1\" \/>\n<link rel=\"canonical\" href=\"https:\/\/palmadelrio.salesianos.edu\/colegio\/oferta-educativa\/\" \/>\n<meta property=\"og:locale\" content=\"es_ES\" \/>\n<meta property=\"og:type\" content=\"article\" \/>\n<meta property=\"og:title\" content=\"Oferta Educativa - Colegio\" \/>\n<meta property=\"og:description\" content=\"Una escuela que acompa\u00f1a En nuestro centro tus hijos\/as podr\u00e1n cursar tanto\u00a0etapas obligatorias\u00a0(Primaria y Secundaria) como no obligatorias(Bachillerato), incluso tendr\u00e1n la opci\u00f3n de estudiar un\u00a0ciclo de grado medio o un ciclo de grado superior\u00a0con nosotros, s\u00ed as\u00ed lo desean. Esto significa que desde los 5 a\u00f1os hasta su formaci\u00f3n profesional o pre-universitaria podr\u00e1n disfrutar de [&hellip;]\" \/>\n<meta property=\"og:url\" content=\"https:\/\/palmadelrio.salesianos.edu\/colegio\/oferta-educativa\/\" \/>\n<meta property=\"og:site_name\" content=\"Colegio\" \/>\n<meta property=\"article:modified_time\" content=\"2017-11-13T16:17:31+00:00\" \/>\n<meta name=\"twitter:card\" content=\"summary_large_image\" \/>\n<meta name=\"twitter:label1\" content=\"Tiempo de lectura\" \/>\n\t<meta name=\"twitter:data1\" content=\"12 minutos\" \/>\n<script type=\"application\/ld+json\" class=\"yoast-schema-graph\">{\"@context\":\"https:\\\/\\\/schema.org\",\"@graph\":[{\"@type\":\"WebPage\",\"@id\":\"https:\\\/\\\/palmadelrio.salesianos.edu\\\/colegio\\\/oferta-educativa\\\/\",\"url\":\"https:\\\/\\\/palmadelrio.salesianos.edu\\\/colegio\\\/oferta-educativa\\\/\",\"name\":\"Oferta Educativa - Colegio\",\"isPartOf\":{\"@id\":\"https:\\\/\\\/palmadelrio.salesianos.edu\\\/colegio\\\/#website\"},\"datePublished\":\"2017-10-11T09:17:51+00:00\",\"dateModified\":\"2017-11-13T16:17:31+00:00\",\"breadcrumb\":{\"@id\":\"https:\\\/\\\/palmadelrio.salesianos.edu\\\/colegio\\\/oferta-educativa\\\/#breadcrumb\"},\"inLanguage\":\"es\",\"potentialAction\":[{\"@type\":\"ReadAction\",\"target\":[\"https:\\\/\\\/palmadelrio.salesianos.edu\\\/colegio\\\/oferta-educativa\\\/\"]}]},{\"@type\":\"BreadcrumbList\",\"@id\":\"https:\\\/\\\/palmadelrio.salesianos.edu\\\/colegio\\\/oferta-educativa\\\/#breadcrumb\",\"itemListElement\":[{\"@type\":\"ListItem\",\"position\":1,\"name\":\"Portada\",\"item\":\"https:\\\/\\\/palmadelrio.salesianos.edu\\\/colegio\\\/\"},{\"@type\":\"ListItem\",\"position\":2,\"name\":\"Oferta Educativa\"}]},{\"@type\":\"WebSite\",\"@id\":\"https:\\\/\\\/palmadelrio.salesianos.edu\\\/colegio\\\/#website\",\"url\":\"https:\\\/\\\/palmadelrio.salesianos.edu\\\/colegio\\\/\",\"name\":\"Colegio\",\"description\":\"P\u00e1gina oficial Salesianos Palma del R\u00edo\",\"potentialAction\":[{\"@type\":\"SearchAction\",\"target\":{\"@type\":\"EntryPoint\",\"urlTemplate\":\"https:\\\/\\\/palmadelrio.salesianos.edu\\\/colegio\\\/?s={search_term_string}\"},\"query-input\":{\"@type\":\"PropertyValueSpecification\",\"valueRequired\":true,\"valueName\":\"search_term_string\"}}],\"inLanguage\":\"es\"}]}<\/script>\n<!-- \/ Yoast SEO plugin. -->","yoast_head_json":{"title":"Oferta Educativa - Colegio","robots":{"index":"index","follow":"follow","max-snippet":"max-snippet:-1","max-image-preview":"max-image-preview:large","max-video-preview":"max-video-preview:-1"},"canonical":"https:\/\/palmadelrio.salesianos.edu\/colegio\/oferta-educativa\/","og_locale":"es_ES","og_type":"article","og_title":"Oferta Educativa - Colegio","og_description":"Una escuela que acompa\u00f1a En nuestro centro tus hijos\/as podr\u00e1n cursar tanto\u00a0etapas obligatorias\u00a0(Primaria y Secundaria) como no obligatorias(Bachillerato), incluso tendr\u00e1n la opci\u00f3n de estudiar un\u00a0ciclo de grado medio o un ciclo de grado superior\u00a0con nosotros, s\u00ed as\u00ed lo desean. Esto significa que desde los 5 a\u00f1os hasta su formaci\u00f3n profesional o pre-universitaria podr\u00e1n disfrutar de [&hellip;]","og_url":"https:\/\/palmadelrio.salesianos.edu\/colegio\/oferta-educativa\/","og_site_name":"Colegio","article_modified_time":"2017-11-13T16:17:31+00:00","twitter_card":"summary_large_image","twitter_misc":{"Tiempo de lectura":"12 minutos"},"schema":{"@context":"https:\/\/schema.org","@graph":[{"@type":"WebPage","@id":"https:\/\/palmadelrio.salesianos.edu\/colegio\/oferta-educativa\/","url":"https:\/\/palmadelrio.salesianos.edu\/colegio\/oferta-educativa\/","name":"Oferta Educativa - Colegio","isPartOf":{"@id":"https:\/\/palmadelrio.salesianos.edu\/colegio\/#website"},"datePublished":"2017-10-11T09:17:51+00:00","dateModified":"2017-11-13T16:17:31+00:00","breadcrumb":{"@id":"https:\/\/palmadelrio.salesianos.edu\/colegio\/oferta-educativa\/#breadcrumb"},"inLanguage":"es","potentialAction":[{"@type":"ReadAction","target":["https:\/\/palmadelrio.salesianos.edu\/colegio\/oferta-educativa\/"]}]},{"@type":"BreadcrumbList","@id":"https:\/\/palmadelrio.salesianos.edu\/colegio\/oferta-educativa\/#breadcrumb","itemListElement":[{"@type":"ListItem","position":1,"name":"Portada","item":"https:\/\/palmadelrio.salesianos.edu\/colegio\/"},{"@type":"ListItem","position":2,"name":"Oferta Educativa"}]},{"@type":"WebSite","@id":"https:\/\/palmadelrio.salesianos.edu\/colegio\/#website","url":"https:\/\/palmadelrio.salesianos.edu\/colegio\/","name":"Colegio","description":"P\u00e1gina oficial Salesianos Palma del R\u00edo","potentialAction":[{"@type":"SearchAction","target":{"@type":"EntryPoint","urlTemplate":"https:\/\/palmadelrio.salesianos.edu\/colegio\/?s={search_term_string}"},"query-input":{"@type":"PropertyValueSpecification","valueRequired":true,"valueName":"search_term_string"}}],"inLanguage":"es"}]}},"_links":{"self":[{"href":"https:\/\/palmadelrio.salesianos.edu\/colegio\/wp-json\/wp\/v2\/pages\/4725","targetHints":{"allow":["GET"]}}],"collection":[{"href":"https:\/\/palmadelrio.salesianos.edu\/colegio\/wp-json\/wp\/v2\/pages"}],"about":[{"href":"https:\/\/palmadelrio.salesianos.edu\/colegio\/wp-json\/wp\/v2\/types\/page"}],"author":[{"embeddable":true,"href":"https:\/\/palmadelrio.salesianos.edu\/colegio\/wp-json\/wp\/v2\/users\/2"}],"replies":[{"embeddable":true,"href":"https:\/\/palmadelrio.salesianos.edu\/colegio\/wp-json\/wp\/v2\/comments?post=4725"}],"version-history":[{"count":1,"href":"https:\/\/palmadelrio.salesianos.edu\/colegio\/wp-json\/wp\/v2\/pages\/4725\/revisions"}],"predecessor-version":[{"id":4897,"href":"https:\/\/palmadelrio.salesianos.edu\/colegio\/wp-json\/wp\/v2\/pages\/4725\/revisions\/4897"}],"wp:attachment":[{"href":"https:\/\/palmadelrio.salesianos.edu\/colegio\/wp-json\/wp\/v2\/media?parent=4725"}],"curies":[{"name":"wp","href":"https:\/\/api.w.org\/{rel}","templated":true}]}}