{"id":4791,"date":"2017-11-11T23:42:26","date_gmt":"2017-11-11T22:42:26","guid":{"rendered":"https:\/\/palmadelrio.salesianos.edu\/colegio\/?page_id=4791"},"modified":"2017-11-11T23:47:11","modified_gmt":"2017-11-11T22:47:11","slug":"sistema-preventivo","status":"publish","type":"page","link":"https:\/\/palmadelrio.salesianos.edu\/colegio\/sistema-preventivo\/","title":{"rendered":"Sistema Preventivo"},"content":{"rendered":"<div id=\"fb-root\"><\/div>\n<p>[et_pb_section bb_built=\u00bb1&#8243; custom_padding=\u00bb0px|0px|0px|0px\u00bb fullwidth=\u00bbon\u00bb _builder_version=\u00bb3.0.47&#8243;][et_pb_fullwidth_header title=\u00bbSistema preventivo\u00bb module_class=\u00bbpagina-imagen-cabecera\u00bb _builder_version=\u00bb3.0.86&#8243; background_image=\u00bbhttps:\/\/inspectoria.salesianos.edu\/wp-content\/uploads\/2017\/09\/ImagenPAGINA.jpg\u00bb text_orientation=\u00bbleft\u00bb header_fullscreen=\u00bboff\u00bb header_scroll_down=\u00bboff\u00bb image_orientation=\u00bbcenter\u00bb background_layout=\u00bblight\u00bb content_orientation=\u00bbcenter\u00bb custom_button_one=\u00bboff\u00bb button_one_letter_spacing=\u00bb0&#8243; button_one_icon_placement=\u00bbright\u00bb button_one_letter_spacing_hover=\u00bb0&#8243; custom_button_two=\u00bboff\u00bb button_two_letter_spacing=\u00bb0&#8243; button_two_icon_placement=\u00bbright\u00bb button_two_letter_spacing_hover=\u00bb0&#8243; max_width_tablet=\u00bb50px\u00bb \/][\/et_pb_section][et_pb_section bb_built=\u00bb1&#8243; admin_label=\u00bbsection\u00bb custom_padding=\u00bb0px|0px|54px|0px\u00bb _builder_version=\u00bb3.0.64&#8243;][et_pb_row custom_padding=\u00bb25px|||\u00bb custom_margin=\u00bb25px|||\u00bb _builder_version=\u00bb3.0.64&#8243;][et_pb_column type=\u00bb4_4&#8243;][et_pb_text _builder_version=\u00bb3.0.64&#8243;]<\/p>\n<h1>El Sistema Preventivo<\/h1>\n<p>[\/et_pb_text][et_pb_text _builder_version=\u00bb3.0.75&#8243; background_layout=\u00bblight\u00bb border_style=\u00bbsolid\u00bb]<\/p>\n<p style=\"text-align: justify;\">Lorem ipsum dolor sit amet, consectetur adipiscing elit. Integer ornare dui ac ullamcorper dignissim. Nulla non urna tempor, rutrum odio eget, ullamcorper massa. Vestibulum accumsan a erat euismod elementum. Praesent hendrerit sit amet metus et dapibus. Vestibulum at arcu blandit, ultricies turpis non, vulputate nisi. Cras ut lorem et turpis hendrerit gravida. Donec scelerisque id ex vitae euismod. Phasellus quis sagittis velit, vel ullamcorper justo.<\/p>\n<p>[\/et_pb_text][et_pb_text _builder_version=\u00bb3.0.75&#8243;]<\/p>\n<h2>Una lecci\u00f3n de historia<\/h2>\n<p>[\/et_pb_text][et_pb_text _builder_version=\u00bb3.0.75&#8243; background_layout=\u00bblight\u00bb border_style=\u00bbsolid\u00bb]<\/p>\n<p style=\"text-align: justify;\">Vivamus id mi vitae lorem congue commodo sed vel ligula. Quisque rhoncus iaculis pharetra. Cras vel suscipit neque. Donec quam neque, maximus vel feugiat in, vehicula vitae enim. Vestibulum ante ipsum primis in faucibus orci luctus et ultrices posuere cubilia Curae; Nam porta sagittis enim tincidunt cursus. Class aptent taciti sociosqu ad litora torquent per conubia nostra, per inceptos himenaeos. Vestibulum quis sem in tellus rhoncus fermentum eget in augue. Fusce ut elementum urna, id sodales tellus. Integer eget accumsan neque. Aenean pulvinar, odio non placerat ultrices, arcu nisi rutrum ligula, in maximus felis sapien sit amet ipsum. Quisque efficitur nulla non tempor iaculis. Fusce neque risus, sollicitudin id ipsum sed, ullamcorper pretium turpis. Aenean quis convallis nisl, a vehicula metus. Praesent cursus venenatis ligula quis fermentum. Praesent posuere suscipit diam, in hendrerit erat bibendum nec.<\/p>\n<blockquote>\n<p class=\"\" style=\"text-align: justify;\"><em>Curabitur sit amet efficitur dolor, a fringilla urna. Maecenas ut eleifend arcu. Curabitur tincidunt mauris tortor, a ullamcorper justo egestas sit amet. Maecenas augue nibh, molestie eget pellentesque a, commodo at odio. Orci varius natoque penatibus et magnis dis parturient montes, nascetur ridiculus mus. Proin quis vulputate dolor, vitae rutrum lectus. Duis eu sapien vestibulum, egestas nisl quis, imperdiet ex. Aliquam ac molestie leo. Cras iaculis molestie dolor.<\/em><\/p>\n<\/blockquote>\n<p class=\"\" style=\"text-align: justify;\">El modo en c\u00f3mo Don Bosco entendi\u00f3 la educaci\u00f3n ha sido seguido por muchos simpatizantes de su obra a lo largo del tiempo, entre los que se encuentra la congregaci\u00f3n religiosa por \u00e9l fundada, los Salesianos.<\/p>\n<p class=\"\" style=\"text-align: justify;\">Nam condimentum pharetra finibus. Suspendisse potenti. Suspendisse eget nunc aliquet, consequat massa eget, vulputate ligula. Cras dui nulla, varius vel faucibus vitae, finibus vel tellus. Ut hendrerit mi nisi, in hendrerit sem dictum eget. Maecenas elementum ut nisl quis rutrum. Etiam eget lacus efficitur, porta dolor in, tempor lectus. Mauris laoreet viverra nunc ac lobortis. Nullam at fringilla magna. Vestibulum in sapien vitae mauris pharetra dictum. Nullam sit amet vestibulum augue. Nulla ut aliquet velit.<\/p>\n<p>Praesent placerat, ex eget facilisis lacinia, quam massa ornare lorem, ac lobortis nulla metus sed lacus. Proin arcu urna, maximus mollis felis vitae, faucibus pulvinar est. In euismod quam justo, eu consequat ante finibus vel. Aenean maximus ornare purus, sed suscipit metus venenatis ac. Nullam fermentum sagittis justo sed aliquet. Donec mollis elit egestas lorem bibendum, et pretium erat rutrum. Mauris non ultrices ex, sit amet vulputate lorem. Quisque porta pellentesque commodo. Aliquam et urna ut mauris posuere pulvinar vel at justo.<\/p>\n<p>[\/et_pb_text][\/et_pb_column][\/et_pb_row][et_pb_row custom_padding=\u00bb20px|0px|0px|0px\u00bb _builder_version=\u00bb3.0.64&#8243;][et_pb_column type=\u00bb4_4&#8243;][et_pb_text _builder_version=\u00bb3.0.64&#8243;]<\/p>\n<h2>Sus tres pilares&#8230;<\/h2>\n<p>[\/et_pb_text][\/et_pb_column][\/et_pb_row][et_pb_row custom_padding=\u00bb23px|0px|25.890625px|0px\u00bb _builder_version=\u00bb3.0.64&#8243;][et_pb_column type=\u00bb1_3&#8243;][et_pb_cta title=\u00bbRaz\u00f3n\u00bb background_color=\u00bbrgba(220,0,27,0)\u00bb _builder_version=\u00bb3.0.86&#8243; header_font=\u00bbAmatic SC||||\u00bb header_font_size=\u00bb65px\u00bb use_background_color_gradient=\u00bbon\u00bb background_color_gradient_end=\u00bb#24b4bf\u00bb background_image=\u00bbhttps:\/\/alicante.salesianos.edu\/colegio\/wp-content\/uploads\/sites\/2\/2017\/07\/quimica-papel-y-tinta-que-causa-el-olor-a-libro-viejo-o-nuevo.jpg\u00bb background_blend=\u00bbsoft-light\u00bb url_new_window=\u00bboff\u00bb use_background_color=\u00bbon\u00bb background_layout=\u00bbdark\u00bb custom_button=\u00bboff\u00bb button_icon_placement=\u00bbright\u00bb]<\/p>\n<p>Este pilar o dimensi\u00f3n fundamental del\u00a0Sistema Preventivo de San Juan Bosco\u00a0tiene cuatro vertientes en las que puede ser entendido seg\u00fan Lenti (2011). Por un lado se puede entender como justicia donde el docente y el discente est\u00e1n sujetos a una norma com\u00fan, y que han de actuar seg\u00fan la misma. En un segundo momento esta dimensi\u00f3n significa la sensatez y la razonabilidad de todo lo que hay en el contexto educativo, desde las normas que lo rigen hasta la actuaci\u00f3n del propio educador. El tercer aspecto de esta raz\u00f3n es todo lo referente a la racionalidad. El cuarto y \u00faltimo es el compromiso del educando en su desarrollo intelectual.<\/p>\n<p>[\/et_pb_cta][\/et_pb_column][et_pb_column type=\u00bb1_3&#8243;][et_pb_cta title=\u00bbAmor\u00bb background_color=\u00bbrgba(220,0,27,0)\u00bb _builder_version=\u00bb3.0.86&#8243; header_font=\u00bbAmatic SC||||\u00bb header_font_size=\u00bb65px\u00bb use_background_color_gradient=\u00bbon\u00bb background_color_gradient_start=\u00bb#ff265c\u00bb background_color_gradient_end=\u00bb#ff359d\u00bb background_image=\u00bbhttps:\/\/alicante.salesianos.edu\/colegio\/wp-content\/uploads\/sites\/2\/2017\/07\/Screen-Shot-2017-07-14-at-19.29.57.png\u00bb background_blend=\u00bbsoft-light\u00bb url_new_window=\u00bboff\u00bb use_background_color=\u00bbon\u00bb background_layout=\u00bbdark\u00bb custom_button=\u00bboff\u00bb button_icon_placement=\u00bbright\u00bb]<\/p>\n<p class=\"\">Es un t\u00e9rmino usado en italiano por Don Bosco, el cual no tiene una traducci\u00f3n directa a un t\u00e9rmino con el mismo significado en lengua castellana. La \u201camorevolezza\u201d seg\u00fan Lenti (2011) es un amor hecho detalle, un amor que se fija en las peque\u00f1as cosas y saca a relucir, un amor que es ternura demostrada y manifiesta, un cari\u00f1o que el alumno percibe y nota por parte del docente que se preocupa por su maduraci\u00f3n y futuro.<\/p>\n<p class=\"\">Este amor educativo es preocupaci\u00f3n, ternura, confianza\u2026 Y solo desde estas claves es posible que se establezca una relaci\u00f3n personal, que a su vez sea educativa y de ayuda, entre el educador y el educando. Todo esto hace que el educador en este sistema busque el desarrollo personal del educando y no solo su desarrollo acad\u00e9mico o profesional.<\/p>\n<p>[\/et_pb_cta][\/et_pb_column][et_pb_column type=\u00bb1_3&#8243;][et_pb_cta title=\u00bbReligi\u00f3n\u00bb background_color=\u00bbrgba(220,0,27,0)\u00bb _builder_version=\u00bb3.0.86&#8243; header_font=\u00bbAmatic SC||||\u00bb header_font_size=\u00bb65px\u00bb use_background_color_gradient=\u00bbon\u00bb background_color_gradient_start=\u00bb#4217ed\u00bb background_color_gradient_end=\u00bb#c431f9&#8243; background_image=\u00bbhttps:\/\/alicante.salesianos.edu\/colegio\/wp-content\/uploads\/sites\/2\/2017\/07\/Realiza2_CNBB.jpg\u00bb background_blend=\u00bbsoft-light\u00bb url_new_window=\u00bboff\u00bb use_background_color=\u00bbon\u00bb background_layout=\u00bbdark\u00bb custom_button=\u00bboff\u00bb button_icon_placement=\u00bbright\u00bb]<\/p>\n<p>Para entender este punto en este sistema educativo hace falta meterse en la cultura y la sociedad de la \u00e9poca en la que fue desarrollado. Para Don Bosco, seg\u00fan Lenti (2011), no entend\u00eda una educaci\u00f3n desligada de su formaci\u00f3n religiosa ya que era algo necesario para su pleno desarrollo como persona.<\/p>\n<p>Podemos decir que este pilar nace desde los valores del evangelio y tambi\u00e9n de la b\u00fasqueda de sentido que todo ser humano realiza y desarrolla, que es un elemento esencial para que la persona pueda desarrollar un autoconcepto lo m\u00e1s completo de s\u00ed mismo. Adem\u00e1s este elemento del\u00a0<em>Sistema Preventivo\u00a0<\/em>implica una educaci\u00f3n en valores que proporcione a la persona un horizonte vital donde desenvolverse como ser humano, teniendo como modelo y gu\u00eda a Jes\u00fas de Nazaret.<\/p>\n<p>Tambi\u00e9n esta palabra, religi\u00f3n, recoge la necesidad de que los educadores sean testigos y modelos de lo que quieren transmitir, al igual que lo hacen los creyentes cuando buscan orientar a otros que se est\u00e1n iniciando en este camino de madurez espiritual. Esto llevar\u00e1 al educador a proponer experiencias significativas y personalizadas para cada educando.<\/p>\n<p>[\/et_pb_cta][\/et_pb_column][\/et_pb_row][et_pb_row _builder_version=\u00bb3.0.64&#8243;][et_pb_column type=\u00bb4_4&#8243;][et_pb_text _builder_version=\u00bb3.0.64&#8243;]<\/p>\n<h3>Fuentes<\/h3>\n<p>[\/et_pb_text][et_pb_text _builder_version=\u00bb3.0.75&#8243; background_layout=\u00bblight\u00bb border_style=\u00bbsolid\u00bb]<\/p>\n<ul>\n<li>Bosco Occhiena J. M. (1877). <em>El Sistema Preventivo en la educaci\u00f3n de la juventud.<\/em> en Instituto Hist\u00f3rico Salesiano (2015). Fuentes Salesianas: Don Bosco y su obra. Madrid: CCS.<\/li>\n<li>Lenti, A. J. (2011). <em>Don Bosco: Historia y Carisma vol 2.<\/em> Madrid: CCS.<\/li>\n<li>Prellezo, J.M. (2015). <em>Parte 2. Escritos y testimonios de Don Bosco acerca de la educaci\u00f3n y la escuela.<\/em> en Instituto Hist\u00f3rico Salesiano. Fuentes Salesianas: Don Bosco y su obra. Madrid: CCS.<\/li>\n<\/ul>\n<p>[\/et_pb_text][\/et_pb_column][\/et_pb_row][\/et_pb_section]<\/p>\n","protected":false},"excerpt":{"rendered":"<p>El Sistema Preventivo Lorem ipsum dolor sit amet, consectetur adipiscing elit. Integer ornare dui ac ullamcorper dignissim. Nulla non urna tempor, rutrum odio eget, ullamcorper massa. Vestibulum accumsan a erat euismod elementum. Praesent hendrerit sit amet metus et dapibus. Vestibulum at arcu blandit, ultricies turpis non, vulputate nisi. Cras ut lorem et turpis hendrerit gravida. [&hellip;]<\/p>\n","protected":false},"author":2,"featured_media":0,"parent":0,"menu_order":0,"comment_status":"closed","ping_status":"closed","template":"","meta":{"_et_pb_use_builder":"on","_et_pb_old_content":"","_et_gb_content_width":"","footnotes":""},"class_list":["post-4791","page","type-page","status-publish","hentry"],"yoast_head":"<!-- This site is optimized with the Yoast SEO plugin v27.4 - https:\/\/yoast.com\/product\/yoast-seo-wordpress\/ -->\n<title>Sistema Preventivo - Colegio<\/title>\n<meta name=\"robots\" content=\"index, follow, max-snippet:-1, max-image-preview:large, max-video-preview:-1\" \/>\n<link rel=\"canonical\" href=\"https:\/\/palmadelrio.salesianos.edu\/colegio\/sistema-preventivo\/\" \/>\n<meta property=\"og:locale\" content=\"es_ES\" \/>\n<meta property=\"og:type\" content=\"article\" \/>\n<meta property=\"og:title\" content=\"Sistema Preventivo - Colegio\" \/>\n<meta property=\"og:description\" content=\"El Sistema Preventivo Lorem ipsum dolor sit amet, consectetur adipiscing elit. Integer ornare dui ac ullamcorper dignissim. Nulla non urna tempor, rutrum odio eget, ullamcorper massa. Vestibulum accumsan a erat euismod elementum. Praesent hendrerit sit amet metus et dapibus. Vestibulum at arcu blandit, ultricies turpis non, vulputate nisi. Cras ut lorem et turpis hendrerit gravida. [&hellip;]\" \/>\n<meta property=\"og:url\" content=\"https:\/\/palmadelrio.salesianos.edu\/colegio\/sistema-preventivo\/\" \/>\n<meta property=\"og:site_name\" content=\"Colegio\" \/>\n<meta property=\"article:modified_time\" content=\"2017-11-11T22:47:11+00:00\" \/>\n<meta name=\"twitter:card\" content=\"summary_large_image\" \/>\n<meta name=\"twitter:label1\" content=\"Tiempo de lectura\" \/>\n\t<meta name=\"twitter:data1\" content=\"8 minutos\" \/>\n<script type=\"application\/ld+json\" class=\"yoast-schema-graph\">{\"@context\":\"https:\\\/\\\/schema.org\",\"@graph\":[{\"@type\":\"WebPage\",\"@id\":\"https:\\\/\\\/palmadelrio.salesianos.edu\\\/colegio\\\/sistema-preventivo\\\/\",\"url\":\"https:\\\/\\\/palmadelrio.salesianos.edu\\\/colegio\\\/sistema-preventivo\\\/\",\"name\":\"Sistema Preventivo - Colegio\",\"isPartOf\":{\"@id\":\"https:\\\/\\\/palmadelrio.salesianos.edu\\\/colegio\\\/#website\"},\"datePublished\":\"2017-11-11T22:42:26+00:00\",\"dateModified\":\"2017-11-11T22:47:11+00:00\",\"breadcrumb\":{\"@id\":\"https:\\\/\\\/palmadelrio.salesianos.edu\\\/colegio\\\/sistema-preventivo\\\/#breadcrumb\"},\"inLanguage\":\"es\",\"potentialAction\":[{\"@type\":\"ReadAction\",\"target\":[\"https:\\\/\\\/palmadelrio.salesianos.edu\\\/colegio\\\/sistema-preventivo\\\/\"]}]},{\"@type\":\"BreadcrumbList\",\"@id\":\"https:\\\/\\\/palmadelrio.salesianos.edu\\\/colegio\\\/sistema-preventivo\\\/#breadcrumb\",\"itemListElement\":[{\"@type\":\"ListItem\",\"position\":1,\"name\":\"Portada\",\"item\":\"https:\\\/\\\/palmadelrio.salesianos.edu\\\/colegio\\\/\"},{\"@type\":\"ListItem\",\"position\":2,\"name\":\"Sistema Preventivo\"}]},{\"@type\":\"WebSite\",\"@id\":\"https:\\\/\\\/palmadelrio.salesianos.edu\\\/colegio\\\/#website\",\"url\":\"https:\\\/\\\/palmadelrio.salesianos.edu\\\/colegio\\\/\",\"name\":\"Colegio\",\"description\":\"P\u00e1gina oficial Salesianos Palma del R\u00edo\",\"potentialAction\":[{\"@type\":\"SearchAction\",\"target\":{\"@type\":\"EntryPoint\",\"urlTemplate\":\"https:\\\/\\\/palmadelrio.salesianos.edu\\\/colegio\\\/?s={search_term_string}\"},\"query-input\":{\"@type\":\"PropertyValueSpecification\",\"valueRequired\":true,\"valueName\":\"search_term_string\"}}],\"inLanguage\":\"es\"}]}<\/script>\n<!-- \/ Yoast SEO plugin. -->","yoast_head_json":{"title":"Sistema Preventivo - Colegio","robots":{"index":"index","follow":"follow","max-snippet":"max-snippet:-1","max-image-preview":"max-image-preview:large","max-video-preview":"max-video-preview:-1"},"canonical":"https:\/\/palmadelrio.salesianos.edu\/colegio\/sistema-preventivo\/","og_locale":"es_ES","og_type":"article","og_title":"Sistema Preventivo - Colegio","og_description":"El Sistema Preventivo Lorem ipsum dolor sit amet, consectetur adipiscing elit. Integer ornare dui ac ullamcorper dignissim. Nulla non urna tempor, rutrum odio eget, ullamcorper massa. Vestibulum accumsan a erat euismod elementum. Praesent hendrerit sit amet metus et dapibus. Vestibulum at arcu blandit, ultricies turpis non, vulputate nisi. Cras ut lorem et turpis hendrerit gravida. [&hellip;]","og_url":"https:\/\/palmadelrio.salesianos.edu\/colegio\/sistema-preventivo\/","og_site_name":"Colegio","article_modified_time":"2017-11-11T22:47:11+00:00","twitter_card":"summary_large_image","twitter_misc":{"Tiempo de lectura":"8 minutos"},"schema":{"@context":"https:\/\/schema.org","@graph":[{"@type":"WebPage","@id":"https:\/\/palmadelrio.salesianos.edu\/colegio\/sistema-preventivo\/","url":"https:\/\/palmadelrio.salesianos.edu\/colegio\/sistema-preventivo\/","name":"Sistema Preventivo - Colegio","isPartOf":{"@id":"https:\/\/palmadelrio.salesianos.edu\/colegio\/#website"},"datePublished":"2017-11-11T22:42:26+00:00","dateModified":"2017-11-11T22:47:11+00:00","breadcrumb":{"@id":"https:\/\/palmadelrio.salesianos.edu\/colegio\/sistema-preventivo\/#breadcrumb"},"inLanguage":"es","potentialAction":[{"@type":"ReadAction","target":["https:\/\/palmadelrio.salesianos.edu\/colegio\/sistema-preventivo\/"]}]},{"@type":"BreadcrumbList","@id":"https:\/\/palmadelrio.salesianos.edu\/colegio\/sistema-preventivo\/#breadcrumb","itemListElement":[{"@type":"ListItem","position":1,"name":"Portada","item":"https:\/\/palmadelrio.salesianos.edu\/colegio\/"},{"@type":"ListItem","position":2,"name":"Sistema Preventivo"}]},{"@type":"WebSite","@id":"https:\/\/palmadelrio.salesianos.edu\/colegio\/#website","url":"https:\/\/palmadelrio.salesianos.edu\/colegio\/","name":"Colegio","description":"P\u00e1gina oficial Salesianos Palma del R\u00edo","potentialAction":[{"@type":"SearchAction","target":{"@type":"EntryPoint","urlTemplate":"https:\/\/palmadelrio.salesianos.edu\/colegio\/?s={search_term_string}"},"query-input":{"@type":"PropertyValueSpecification","valueRequired":true,"valueName":"search_term_string"}}],"inLanguage":"es"}]}},"_links":{"self":[{"href":"https:\/\/palmadelrio.salesianos.edu\/colegio\/wp-json\/wp\/v2\/pages\/4791","targetHints":{"allow":["GET"]}}],"collection":[{"href":"https:\/\/palmadelrio.salesianos.edu\/colegio\/wp-json\/wp\/v2\/pages"}],"about":[{"href":"https:\/\/palmadelrio.salesianos.edu\/colegio\/wp-json\/wp\/v2\/types\/page"}],"author":[{"embeddable":true,"href":"https:\/\/palmadelrio.salesianos.edu\/colegio\/wp-json\/wp\/v2\/users\/2"}],"replies":[{"embeddable":true,"href":"https:\/\/palmadelrio.salesianos.edu\/colegio\/wp-json\/wp\/v2\/comments?post=4791"}],"version-history":[{"count":4,"href":"https:\/\/palmadelrio.salesianos.edu\/colegio\/wp-json\/wp\/v2\/pages\/4791\/revisions"}],"predecessor-version":[{"id":4797,"href":"https:\/\/palmadelrio.salesianos.edu\/colegio\/wp-json\/wp\/v2\/pages\/4791\/revisions\/4797"}],"wp:attachment":[{"href":"https:\/\/palmadelrio.salesianos.edu\/colegio\/wp-json\/wp\/v2\/media?parent=4791"}],"curies":[{"name":"wp","href":"https:\/\/api.w.org\/{rel}","templated":true}]}}