{"id":5258,"date":"2018-05-22T10:38:08","date_gmt":"2018-05-22T09:38:08","guid":{"rendered":"https:\/\/palmadelrio.salesianos.edu\/colegio\/?page_id=5258"},"modified":"2024-06-18T08:21:21","modified_gmt":"2024-06-18T07:21:21","slug":"fpb_electricidad","status":"publish","type":"page","link":"https:\/\/palmadelrio.salesianos.edu\/colegio\/fpb_electricidad\/","title":{"rendered":"Fpb_electricidad"},"content":{"rendered":"<div id=\"fb-root\"><\/div>\n<p>[et_pb_section fb_built=\u00bb1&#8243; fullwidth=\u00bbon\u00bb _builder_version=\u00bb4.16&#8243; global_colors_info=\u00bb{}\u00bb][et_pb_fullwidth_header title=\u00bbElectricidad y Electr\u00f3nica\u00bb module_class=\u00bbpagina-imagen-cabecera\u00bb _builder_version=\u00bb4.16&#8243; background_color=\u00bbrgba(255, 255, 255, 0)\u00bb background_image=\u00bbhttps:\/\/palmadelrio.salesianos.edu\/wp-content\/uploads\/2017\/09\/fondo.jpg\u00bb background_size=\u00bbinitial\u00bb background_position=\u00bbtop_left\u00bb background_repeat=\u00bbrepeat\u00bb background_layout=\u00bblight\u00bb global_colors_info=\u00bb{}\u00bb button_one_text_size__hover_enabled=\u00bboff\u00bb button_two_text_size__hover_enabled=\u00bboff\u00bb button_one_text_color__hover_enabled=\u00bboff\u00bb button_two_text_color__hover_enabled=\u00bboff\u00bb button_one_border_width__hover_enabled=\u00bboff\u00bb button_two_border_width__hover_enabled=\u00bboff\u00bb button_one_border_color__hover_enabled=\u00bboff\u00bb button_two_border_color__hover_enabled=\u00bboff\u00bb button_one_border_radius__hover_enabled=\u00bboff\u00bb button_two_border_radius__hover_enabled=\u00bboff\u00bb button_one_letter_spacing__hover_enabled=\u00bboff\u00bb button_two_letter_spacing__hover_enabled=\u00bboff\u00bb button_one_bg_color__hover_enabled=\u00bboff\u00bb button_two_bg_color__hover_enabled=\u00bboff\u00bb][\/et_pb_fullwidth_header][\/et_pb_section][et_pb_section fb_built=\u00bb1&#8243; admin_label=\u00bbsection\u00bb _builder_version=\u00bb4.16&#8243; global_colors_info=\u00bb{}\u00bb][et_pb_row admin_label=\u00bbrow\u00bb _builder_version=\u00bb4.16&#8243; background_size=\u00bbinitial\u00bb background_position=\u00bbtop_left\u00bb background_repeat=\u00bbrepeat\u00bb global_colors_info=\u00bb{}\u00bb][et_pb_column type=\u00bb4_4&#8243; _builder_version=\u00bb4.16&#8243; custom_padding=\u00bb|||\u00bb global_colors_info=\u00bb{}\u00bb custom_padding__hover=\u00bb|||\u00bb][et_pb_text _builder_version=\u00bb4.25.1&#8243; hover_enabled=\u00bb0&#8243; global_colors_info=\u00bb{}\u00bb admin_label=\u00bbDescripci\u00f3n del Ciclo\u00bb sticky_enabled=\u00bb0&#8243;]<\/p>\n<h2>Descripci\u00f3n del ciclo<\/h2>\n<p class=\"\">\u00bfDesde siempre te has interesado por la electr\u00f3nica y, en este sentido, te gustar\u00eda orientar tu futuro profesional a este \u00e1mbito<\/p>\n<p class=\"\">Te presentamos el T\u00edtulo Profesional B\u00e1sico en Electricidad y Electr\u00f3nica. Una formaci\u00f3n de metodolog\u00eda docente te\u00f3rico-pr\u00e1ctica, con una carga docente de 2000 horas de estudio.<\/p>\n<p class=\"\">Con este curso adquirir\u00e1s competencias especializadas para trabajar de manera aut\u00f3noma en empresas de montaje y mantenimiento de equipamiento electrot\u00e9cnico de edificios. Todas las actividades que aprendas a desarrollar ser\u00e1n atendiendo al Reglamento Electrot\u00e9cnico de Baja Tensi\u00f3n, as\u00ed como la atenci\u00f3n a la Normativa de las Infraestructuras Comunes de Telecomunicaciones. El plan de estudios te presenta un itinerario formativo en el que repasar\u00e1s los fundamentos de tratamiento y mantenimiento de instalaciones el\u00e9ctricas y dom\u00f3ticas, de telecomunicaciones, gesti\u00f3n de redes para transmisi\u00f3n de datos, as\u00ed como un repaso te\u00f3rico-pr\u00e1ctico a las ciencias aplicadas, comunicaci\u00f3n y sociedad y orientaci\u00f3n a la formaci\u00f3n en centros de trabajo.<\/p>\n<p>[\/et_pb_text][\/et_pb_column][\/et_pb_row][et_pb_row _builder_version=\u00bb4.16&#8243; background_size=\u00bbinitial\u00bb background_position=\u00bbtop_left\u00bb background_repeat=\u00bbrepeat\u00bb global_colors_info=\u00bb{}\u00bb][et_pb_column type=\u00bb4_4&#8243; _builder_version=\u00bb4.16&#8243; custom_padding=\u00bb|||\u00bb global_colors_info=\u00bb{}\u00bb custom_padding__hover=\u00bb|||\u00bb][et_pb_text _builder_version=\u00bb4.25.1&#8243; hover_enabled=\u00bb0&#8243; global_colors_info=\u00bb{}\u00bb admin_label=\u00bbPlan de Estudios\u00bb sticky_enabled=\u00bb0&#8243;]<\/p>\n<h2>Plan de Estudios<\/h2>\n<p>[\/et_pb_text][et_pb_tabs _builder_version=\u00bb4.16&#8243; global_colors_info=\u00bb{}\u00bb][et_pb_tab title=\u00bbPrimer Curso\u00bb _builder_version=\u00bb3.0.89&#8243; body_font=\u00bb||||\u00bb body_line_height=\u00bb2em\u00bb tab_font=\u00bb||||\u00bb tab_line_height=\u00bb2em\u00bb background_size=\u00bbinitial\u00bb background_position=\u00bbtop_left\u00bb background_repeat=\u00bbrepeat\u00bb body_line_height_tablet=\u00bb2em\u00bb body_line_height_phone=\u00bb2em\u00bb tab_line_height_tablet=\u00bb2em\u00bb tab_line_height_phone=\u00bb2em\u00bb global_colors_info=\u00bb{}\u00bb]<\/p>\n<table>\n<tbody>\n<tr>\n<td width=\"60%\"><strong>M\u00d3DULO<\/strong><\/td>\n<td width=\"20%\"><strong>HORAS TOTALES<\/strong><\/td>\n<td width=\"20%\"><strong>HORAS SEMANALES<\/strong><\/td>\n<\/tr>\n<tr>\n<td>Instalaciones el\u00e9ctricas y dom\u00f3ticas<\/td>\n<td>320<\/td>\n<td>10<\/td>\n<\/tr>\n<tr>\n<td>Equipos el\u00e9ctricos y electr\u00f3nicos<\/td>\n<td>255<\/td>\n<td>8<\/td>\n<\/tr>\n<tr>\n<td>Ciencias aplicadas I<\/td>\n<td>160<\/td>\n<td>5<\/td>\n<\/tr>\n<tr>\n<td>Comunicaci\u00f3n y sociedad I<\/td>\n<td>160<\/td>\n<td>5<\/td>\n<\/tr>\n<tr>\n<td>Tutor\u00eda<\/td>\n<td>65<\/td>\n<td>2<\/td>\n<\/tr>\n<tr>\n<td><strong>TOTALES<\/strong><\/td>\n<td><strong>960<\/strong><\/td>\n<td><strong>30<\/strong><\/td>\n<\/tr>\n<\/tbody>\n<\/table>\n<p>[\/et_pb_tab][et_pb_tab title=\u00bbSegundo curso\u00bb _builder_version=\u00bb3.0.89&#8243; body_font=\u00bb||||\u00bb body_line_height=\u00bb2em\u00bb tab_font=\u00bb||||\u00bb tab_line_height=\u00bb2em\u00bb background_size=\u00bbinitial\u00bb background_position=\u00bbtop_left\u00bb background_repeat=\u00bbrepeat\u00bb body_line_height_tablet=\u00bb2em\u00bb body_line_height_phone=\u00bb2em\u00bb tab_line_height_tablet=\u00bb2em\u00bb tab_line_height_phone=\u00bb2em\u00bb global_colors_info=\u00bb{}\u00bb]&nbsp;<\/p>\n<table>\n<tbody>\n<tr>\n<td width=\"60%\"><strong>M\u00d3DULO<\/strong><\/td>\n<td width=\"20%\"><strong>HORAS TOTALES<\/strong><\/td>\n<td width=\"20%\"><strong>HORAS SEMANALES<\/strong><\/td>\n<\/tr>\n<tr>\n<td>Instalaciones de telecomunicaciones<\/td>\n<td>210<\/td>\n<td>8<\/td>\n<\/tr>\n<tr>\n<td>Instalaci\u00f3n y mantenimiento de redes para transmisi\u00f3n de datos<\/td>\n<td>190<\/td>\n<td>7<\/td>\n<\/tr>\n<tr>\n<td>Ciencias Aplicadas II<\/td>\n<td>160<\/td>\n<td>6<\/td>\n<\/tr>\n<tr>\n<td>Comunicaci\u00f3n y Sociedad II<\/td>\n<td>165<\/td>\n<td>6<\/td>\n<\/tr>\n<tr>\n<td>Tutor\u00eda<\/td>\n<td>25<\/td>\n<td>1<\/td>\n<\/tr>\n<tr>\n<td>Iniciaci\u00f3n a la actividad emprendedora y empresarial<\/td>\n<td>50<\/td>\n<td>2<\/td>\n<\/tr>\n<tr>\n<td>Formaci\u00f3n en centros de trabajo<\/td>\n<td>240<\/td>\n<td><\/td>\n<\/tr>\n<tr>\n<td><strong>TOTALES<\/strong><\/td>\n<td><strong>1040<\/strong><\/td>\n<td><strong>30<\/strong><\/td>\n<\/tr>\n<\/tbody>\n<\/table>\n<p>&nbsp;<br \/>\n[\/et_pb_tab][\/et_pb_tabs][\/et_pb_column][\/et_pb_row][et_pb_row _builder_version=\u00bb4.16&#8243; background_size=\u00bbinitial\u00bb background_position=\u00bbtop_left\u00bb background_repeat=\u00bbrepeat\u00bb global_colors_info=\u00bb{}\u00bb][et_pb_column type=\u00bb4_4&#8243; _builder_version=\u00bb4.16&#8243; custom_padding=\u00bb|||\u00bb global_colors_info=\u00bb{}\u00bb custom_padding__hover=\u00bb|||\u00bb][et_pb_text _builder_version=\u00bb4.25.1&#8243; hover_enabled=\u00bb0&#8243; global_colors_info=\u00bb{}\u00bb admin_label=\u00bbRequisitos de acceso\u00bb sticky_enabled=\u00bb0&#8243;]<\/p>\n<h2>Requisitos de Acceso<\/h2>\n<p>[\/et_pb_text][et_pb_text _builder_version=\u00bb4.16&#8243; module_alignment=\u00bbleft\u00bb border_style=\u00bbsolid\u00bb global_colors_info=\u00bb{}\u00bb]El\u00a0<strong>acceso<\/strong> a la Formaci\u00f3n Profesional B\u00e1sica\u00a0requerir\u00e1 el\u00a0cumplimiento simult\u00e1neo\u00a0de las siguientes condiciones:<\/p>\n<ul>\n<li>Tener cumplidos 15 a\u00f1os, o cumplirlos durante el a\u00f1o natural en curso, y no superar los 17 a\u00f1os de edad en el momento del acceso o durante el a\u00f1o natural en curso<\/li>\n<li>Haber cursado 3\u00ba de ESO. Excepcionalmente se puede acceder si has cursado 2\u00ba de ESO.<\/li>\n<li>Haber propuesto el equipo docente a los padres, madres o tutores legales la incorporaci\u00f3n del alumno o alumna a un ciclo de Formaci\u00f3n Profesional B\u00e1sica.<\/li>\n<\/ul>\n<p>[\/et_pb_text][\/et_pb_column][\/et_pb_row][et_pb_row _builder_version=\u00bb4.16&#8243; background_size=\u00bbinitial\u00bb background_position=\u00bbtop_left\u00bb background_repeat=\u00bbrepeat\u00bb global_colors_info=\u00bb{}\u00bb][et_pb_column type=\u00bb4_4&#8243; _builder_version=\u00bb4.16&#8243; custom_padding=\u00bb|||\u00bb global_colors_info=\u00bb{}\u00bb custom_padding__hover=\u00bb|||\u00bb][et_pb_text _builder_version=\u00bb4.25.1&#8243; module_alignment=\u00bbleft\u00bb hover_enabled=\u00bb0&#8243; border_style_all=\u00bbsolid\u00bb border_style=\u00bbsolid\u00bb global_colors_info=\u00bb{}\u00bb admin_label=\u00bbPrepara tu futuro\u00bb sticky_enabled=\u00bb0&#8243;]<\/p>\n<h2>Prepara tu futuro con nosotros<\/h2>\n<p>Si est\u00e1s interesado en estudiar este ciclo de formaci\u00f3n profesional b\u00e1sica con nosotros,\u00a0<strong>a partir de abril publicaremos toda la informaci\u00f3n al respecto<\/strong>. S\u00edguenos en nuestras\u00a0<strong>redes sociales<\/strong>\u00a0y te avisaremos cuando se abra el\u00a0<strong>proceso de pre-inscripci\u00f3n y matr\u00edcula<\/strong><\/p>\n<p>[\/et_pb_text][\/et_pb_column][\/et_pb_row][et_pb_row _builder_version=\u00bb4.16&#8243; background_size=\u00bbinitial\u00bb background_position=\u00bbtop_left\u00bb background_repeat=\u00bbrepeat\u00bb global_colors_info=\u00bb{}\u00bb column_structure=\u00bb1_2,1_2&#8243;][et_pb_column type=\u00bb1_2&#8243; _builder_version=\u00bb4.16&#8243; custom_padding=\u00bb|||\u00bb global_colors_info=\u00bb{}\u00bb custom_padding__hover=\u00bb|||\u00bb][et_pb_cta title=\u00bbSalidas profesionales\u00bb admin_label=\u00bb\u00bfPara qu\u00e9 me preparo?\u00bb _builder_version=\u00bb4.16&#8243; header_font=\u00bbAmatic SC||||\u00bb header_text_color=\u00bb#ffffff\u00bb header_font_size=\u00bb48&#8243; body_font=\u00bbAmatic SC||||\u00bb body_text_color=\u00bb#ffffff\u00bb body_font_size=\u00bb16&#8243; background_image=\u00bbhttps:\/\/palmadelrio.salesianos.edu\/wp-content\/uploads\/2017\/09\/fondo.jpg\u00bb custom_button=\u00bbon\u00bb button_text_size=\u00bb42&#8243; button_text_color=\u00bb#ffffff\u00bb button_border_width=\u00bb0&#8243; button_font=\u00bbAmatic SC|on|||\u00bb button_use_icon=\u00bboff\u00bb text_orientation=\u00bbleft\u00bb border_style_all=\u00bbsolid\u00bb border_style=\u00bbsolid\u00bb saved_tabs=\u00bball\u00bb global_colors_info=\u00bb{}\u00bb button_text_size__hover_enabled=\u00bboff\u00bb button_one_text_size__hover_enabled=\u00bboff\u00bb button_two_text_size__hover_enabled=\u00bboff\u00bb button_text_color__hover_enabled=\u00bboff\u00bb button_one_text_color__hover_enabled=\u00bboff\u00bb button_two_text_color__hover_enabled=\u00bboff\u00bb button_border_width__hover_enabled=\u00bboff\u00bb button_one_border_width__hover_enabled=\u00bboff\u00bb button_two_border_width__hover_enabled=\u00bboff\u00bb button_border_color__hover_enabled=\u00bboff\u00bb button_one_border_color__hover_enabled=\u00bboff\u00bb button_two_border_color__hover_enabled=\u00bboff\u00bb button_border_radius__hover_enabled=\u00bboff\u00bb button_one_border_radius__hover_enabled=\u00bboff\u00bb button_two_border_radius__hover_enabled=\u00bboff\u00bb button_letter_spacing__hover_enabled=\u00bboff\u00bb button_one_letter_spacing__hover_enabled=\u00bboff\u00bb button_two_letter_spacing__hover_enabled=\u00bboff\u00bb button_bg_color__hover_enabled=\u00bboff\u00bb button_one_bg_color__hover_enabled=\u00bboff\u00bb button_two_bg_color__hover_enabled=\u00bboff\u00bb]<\/p>\n<ul>\n<li>Operario de instalaciones el\u00e9ctricas de baja tensi\u00f3n.<\/li>\n<li>Ayudante de montador de antenas receptoras\/ televisi\u00f3n sat\u00e9lites.<\/li>\n<li>Ayudante de instalador y reparador de equipos telef\u00f3nicos y telegr\u00e1ficos.<\/li>\n<li>Ayudante de instalador de equipos y sistemas de comunicaci\u00f3n.<\/li>\n<li>Ayudante de instalador reparador de instalaciones telef\u00f3nicas.<\/li>\n<li>Pe\u00f3n de la industria de producci\u00f3n y distribuci\u00f3n de energ\u00eda el\u00e9ctrica.<\/li>\n<li>Ayudante de montador de sistemas microinform\u00e1ticos.<\/li>\n<li>Operador de ensamblado de equipos el\u00e9ctricos y electr\u00f3nicos.<\/li>\n<li>Auxiliar de mantenimiento de equipos el\u00e9ctricos y electr\u00f3nicos.<\/li>\n<li>Probador\/ajustador de placas y equipos el\u00e9ctricos y electr\u00f3nicos.<\/li>\n<\/ul>\n<p>[\/et_pb_cta][\/et_pb_column][et_pb_column type=\u00bb1_2&#8243; _builder_version=\u00bb4.16&#8243; custom_padding=\u00bb|||\u00bb global_colors_info=\u00bb{}\u00bb custom_padding__hover=\u00bb|||\u00bb][et_pb_cta title=\u00bb\u00bfY qu\u00e9 puedo seguir estudiando?\u00bb admin_label=\u00bb\u00bfY qu\u00e9 puedo seguir estudiando?\u00bb _builder_version=\u00bb4.16&#8243; header_font=\u00bbAmatic SC||||\u00bb header_text_color=\u00bb#ffffff\u00bb header_font_size=\u00bb48&#8243; body_font=\u00bbAmatic SC||||\u00bb body_text_color=\u00bb#ffffff\u00bb body_font_size=\u00bb16&#8243; background_image=\u00bbhttps:\/\/palmadelrio.salesianos.edu\/wp-content\/uploads\/2017\/09\/fondo.jpg\u00bb custom_button=\u00bbon\u00bb button_text_size=\u00bb42&#8243; button_text_color=\u00bb#ffffff\u00bb button_border_width=\u00bb0&#8243; button_font=\u00bbAmatic SC|on|||\u00bb button_use_icon=\u00bboff\u00bb text_orientation=\u00bbleft\u00bb border_style_all=\u00bbsolid\u00bb border_style=\u00bbsolid\u00bb saved_tabs=\u00bball\u00bb global_colors_info=\u00bb{}\u00bb button_text_size__hover_enabled=\u00bboff\u00bb button_one_text_size__hover_enabled=\u00bboff\u00bb button_two_text_size__hover_enabled=\u00bboff\u00bb button_text_color__hover_enabled=\u00bboff\u00bb button_one_text_color__hover_enabled=\u00bboff\u00bb button_two_text_color__hover_enabled=\u00bboff\u00bb button_border_width__hover_enabled=\u00bboff\u00bb button_one_border_width__hover_enabled=\u00bboff\u00bb button_two_border_width__hover_enabled=\u00bboff\u00bb button_border_color__hover_enabled=\u00bboff\u00bb button_one_border_color__hover_enabled=\u00bboff\u00bb button_two_border_color__hover_enabled=\u00bboff\u00bb button_border_radius__hover_enabled=\u00bboff\u00bb button_one_border_radius__hover_enabled=\u00bboff\u00bb button_two_border_radius__hover_enabled=\u00bboff\u00bb button_letter_spacing__hover_enabled=\u00bboff\u00bb button_one_letter_spacing__hover_enabled=\u00bboff\u00bb button_two_letter_spacing__hover_enabled=\u00bboff\u00bb button_bg_color__hover_enabled=\u00bboff\u00bb button_one_bg_color__hover_enabled=\u00bboff\u00bb button_two_bg_color__hover_enabled=\u00bboff\u00bb]Un ciclo formativo de grado medio (Este t\u00edtulo tendr\u00e1 preferencia para la admisi\u00f3n a todos los t\u00edtulos de grado medio de las familias profesionales de Electricidad y Electr\u00f3nica, Inform\u00e1tica y Comunicaciones, Fabricaci\u00f3n Mec\u00e1nica, Instalaci\u00f3n y Mantenimiento, Energ\u00eda y Agua, Industrias Extractivas. Mar\u00edtimo-Pesquera, Qu\u00edmica, Transporte y Mantenimiento de Veh\u00edculos, Madera, Mueble y Corcho y Edificaci\u00f3n y Obra Civil).<br \/>\n[\/et_pb_cta][\/et_pb_column][\/et_pb_row][\/et_pb_section]<\/p>\n","protected":false},"excerpt":{"rendered":"<p>Descripci\u00f3n del ciclo \u00bfDesde siempre te has interesado por la electr\u00f3nica y, en este sentido, te gustar\u00eda orientar tu futuro profesional a este \u00e1mbito Te presentamos el T\u00edtulo Profesional B\u00e1sico en Electricidad y Electr\u00f3nica. Una formaci\u00f3n de metodolog\u00eda docente te\u00f3rico-pr\u00e1ctica, con una carga docente de 2000 horas de estudio. Con este curso adquirir\u00e1s competencias especializadas [&hellip;]<\/p>\n","protected":false},"author":2,"featured_media":0,"parent":0,"menu_order":0,"comment_status":"closed","ping_status":"closed","template":"","meta":{"_et_pb_use_builder":"on","_et_pb_old_content":"","_et_gb_content_width":"","footnotes":""},"class_list":["post-5258","page","type-page","status-publish","hentry"],"yoast_head":"<!-- This site is optimized with the Yoast SEO plugin v27.3 - https:\/\/yoast.com\/product\/yoast-seo-wordpress\/ -->\n<title>Fpb_electricidad - Colegio<\/title>\n<meta name=\"robots\" content=\"index, follow, max-snippet:-1, max-image-preview:large, max-video-preview:-1\" \/>\n<link rel=\"canonical\" href=\"https:\/\/palmadelrio.salesianos.edu\/colegio\/fpb_electricidad\/\" \/>\n<meta property=\"og:locale\" content=\"es_ES\" \/>\n<meta property=\"og:type\" content=\"article\" \/>\n<meta property=\"og:title\" content=\"Fpb_electricidad - Colegio\" \/>\n<meta property=\"og:description\" content=\"Descripci\u00f3n del ciclo \u00bfDesde siempre te has interesado por la electr\u00f3nica y, en este sentido, te gustar\u00eda orientar tu futuro profesional a este \u00e1mbito Te presentamos el T\u00edtulo Profesional B\u00e1sico en Electricidad y Electr\u00f3nica. Una formaci\u00f3n de metodolog\u00eda docente te\u00f3rico-pr\u00e1ctica, con una carga docente de 2000 horas de estudio. Con este curso adquirir\u00e1s competencias especializadas [&hellip;]\" \/>\n<meta property=\"og:url\" content=\"https:\/\/palmadelrio.salesianos.edu\/colegio\/fpb_electricidad\/\" \/>\n<meta property=\"og:site_name\" content=\"Colegio\" \/>\n<meta property=\"article:modified_time\" content=\"2024-06-18T07:21:21+00:00\" \/>\n<meta name=\"twitter:card\" content=\"summary_large_image\" \/>\n<meta name=\"twitter:label1\" content=\"Tiempo de lectura\" \/>\n\t<meta name=\"twitter:data1\" content=\"3 minutos\" \/>\n<script type=\"application\/ld+json\" class=\"yoast-schema-graph\">{\"@context\":\"https:\\\/\\\/schema.org\",\"@graph\":[{\"@type\":\"WebPage\",\"@id\":\"https:\\\/\\\/palmadelrio.salesianos.edu\\\/colegio\\\/fpb_electricidad\\\/\",\"url\":\"https:\\\/\\\/palmadelrio.salesianos.edu\\\/colegio\\\/fpb_electricidad\\\/\",\"name\":\"Fpb_electricidad - Colegio\",\"isPartOf\":{\"@id\":\"https:\\\/\\\/palmadelrio.salesianos.edu\\\/colegio\\\/#website\"},\"datePublished\":\"2018-05-22T09:38:08+00:00\",\"dateModified\":\"2024-06-18T07:21:21+00:00\",\"breadcrumb\":{\"@id\":\"https:\\\/\\\/palmadelrio.salesianos.edu\\\/colegio\\\/fpb_electricidad\\\/#breadcrumb\"},\"inLanguage\":\"es\",\"potentialAction\":[{\"@type\":\"ReadAction\",\"target\":[\"https:\\\/\\\/palmadelrio.salesianos.edu\\\/colegio\\\/fpb_electricidad\\\/\"]}]},{\"@type\":\"BreadcrumbList\",\"@id\":\"https:\\\/\\\/palmadelrio.salesianos.edu\\\/colegio\\\/fpb_electricidad\\\/#breadcrumb\",\"itemListElement\":[{\"@type\":\"ListItem\",\"position\":1,\"name\":\"Portada\",\"item\":\"https:\\\/\\\/palmadelrio.salesianos.edu\\\/colegio\\\/\"},{\"@type\":\"ListItem\",\"position\":2,\"name\":\"Fpb_electricidad\"}]},{\"@type\":\"WebSite\",\"@id\":\"https:\\\/\\\/palmadelrio.salesianos.edu\\\/colegio\\\/#website\",\"url\":\"https:\\\/\\\/palmadelrio.salesianos.edu\\\/colegio\\\/\",\"name\":\"Colegio\",\"description\":\"P\u00e1gina oficial Salesianos Palma del R\u00edo\",\"potentialAction\":[{\"@type\":\"SearchAction\",\"target\":{\"@type\":\"EntryPoint\",\"urlTemplate\":\"https:\\\/\\\/palmadelrio.salesianos.edu\\\/colegio\\\/?s={search_term_string}\"},\"query-input\":{\"@type\":\"PropertyValueSpecification\",\"valueRequired\":true,\"valueName\":\"search_term_string\"}}],\"inLanguage\":\"es\"}]}<\/script>\n<!-- \/ Yoast SEO plugin. -->","yoast_head_json":{"title":"Fpb_electricidad - Colegio","robots":{"index":"index","follow":"follow","max-snippet":"max-snippet:-1","max-image-preview":"max-image-preview:large","max-video-preview":"max-video-preview:-1"},"canonical":"https:\/\/palmadelrio.salesianos.edu\/colegio\/fpb_electricidad\/","og_locale":"es_ES","og_type":"article","og_title":"Fpb_electricidad - Colegio","og_description":"Descripci\u00f3n del ciclo \u00bfDesde siempre te has interesado por la electr\u00f3nica y, en este sentido, te gustar\u00eda orientar tu futuro profesional a este \u00e1mbito Te presentamos el T\u00edtulo Profesional B\u00e1sico en Electricidad y Electr\u00f3nica. Una formaci\u00f3n de metodolog\u00eda docente te\u00f3rico-pr\u00e1ctica, con una carga docente de 2000 horas de estudio. Con este curso adquirir\u00e1s competencias especializadas [&hellip;]","og_url":"https:\/\/palmadelrio.salesianos.edu\/colegio\/fpb_electricidad\/","og_site_name":"Colegio","article_modified_time":"2024-06-18T07:21:21+00:00","twitter_card":"summary_large_image","twitter_misc":{"Tiempo de lectura":"3 minutos"},"schema":{"@context":"https:\/\/schema.org","@graph":[{"@type":"WebPage","@id":"https:\/\/palmadelrio.salesianos.edu\/colegio\/fpb_electricidad\/","url":"https:\/\/palmadelrio.salesianos.edu\/colegio\/fpb_electricidad\/","name":"Fpb_electricidad - Colegio","isPartOf":{"@id":"https:\/\/palmadelrio.salesianos.edu\/colegio\/#website"},"datePublished":"2018-05-22T09:38:08+00:00","dateModified":"2024-06-18T07:21:21+00:00","breadcrumb":{"@id":"https:\/\/palmadelrio.salesianos.edu\/colegio\/fpb_electricidad\/#breadcrumb"},"inLanguage":"es","potentialAction":[{"@type":"ReadAction","target":["https:\/\/palmadelrio.salesianos.edu\/colegio\/fpb_electricidad\/"]}]},{"@type":"BreadcrumbList","@id":"https:\/\/palmadelrio.salesianos.edu\/colegio\/fpb_electricidad\/#breadcrumb","itemListElement":[{"@type":"ListItem","position":1,"name":"Portada","item":"https:\/\/palmadelrio.salesianos.edu\/colegio\/"},{"@type":"ListItem","position":2,"name":"Fpb_electricidad"}]},{"@type":"WebSite","@id":"https:\/\/palmadelrio.salesianos.edu\/colegio\/#website","url":"https:\/\/palmadelrio.salesianos.edu\/colegio\/","name":"Colegio","description":"P\u00e1gina oficial Salesianos Palma del R\u00edo","potentialAction":[{"@type":"SearchAction","target":{"@type":"EntryPoint","urlTemplate":"https:\/\/palmadelrio.salesianos.edu\/colegio\/?s={search_term_string}"},"query-input":{"@type":"PropertyValueSpecification","valueRequired":true,"valueName":"search_term_string"}}],"inLanguage":"es"}]}},"_links":{"self":[{"href":"https:\/\/palmadelrio.salesianos.edu\/colegio\/wp-json\/wp\/v2\/pages\/5258","targetHints":{"allow":["GET"]}}],"collection":[{"href":"https:\/\/palmadelrio.salesianos.edu\/colegio\/wp-json\/wp\/v2\/pages"}],"about":[{"href":"https:\/\/palmadelrio.salesianos.edu\/colegio\/wp-json\/wp\/v2\/types\/page"}],"author":[{"embeddable":true,"href":"https:\/\/palmadelrio.salesianos.edu\/colegio\/wp-json\/wp\/v2\/users\/2"}],"replies":[{"embeddable":true,"href":"https:\/\/palmadelrio.salesianos.edu\/colegio\/wp-json\/wp\/v2\/comments?post=5258"}],"version-history":[{"count":10,"href":"https:\/\/palmadelrio.salesianos.edu\/colegio\/wp-json\/wp\/v2\/pages\/5258\/revisions"}],"predecessor-version":[{"id":6128,"href":"https:\/\/palmadelrio.salesianos.edu\/colegio\/wp-json\/wp\/v2\/pages\/5258\/revisions\/6128"}],"wp:attachment":[{"href":"https:\/\/palmadelrio.salesianos.edu\/colegio\/wp-json\/wp\/v2\/media?parent=5258"}],"curies":[{"name":"wp","href":"https:\/\/api.w.org\/{rel}","templated":true}]}}