{"id":5277,"date":"2018-05-23T11:36:24","date_gmt":"2018-05-23T10:36:24","guid":{"rendered":"https:\/\/palmadelrio.salesianos.edu\/colegio\/?page_id=5277"},"modified":"2024-05-08T09:35:16","modified_gmt":"2024-05-08T08:35:16","slug":"formacion-profesional-basica","status":"publish","type":"page","link":"https:\/\/palmadelrio.salesianos.edu\/colegio\/formacion-profesional-basica\/","title":{"rendered":"formacion-profesional-basica"},"content":{"rendered":"<div id=\"fb-root\"><\/div>\n<p>[et_pb_section fb_built=\u00bb1&#8243; fullwidth=\u00bbon\u00bb _builder_version=\u00bb4.16&#8243; global_colors_info=\u00bb{}\u00bb][et_pb_fullwidth_header title=\u00bbFormaci\u00f3n Profesional de Grado B\u00e1sico\u00bb module_class=\u00bbpagina-imagen-cabecera\u00bb _builder_version=\u00bb4.25.0&#8243; background_color=\u00bbrgba(255, 255, 255, 0)\u00bb background_image=\u00bbhttps:\/\/palmadelrio.salesianos.edu\/wp-content\/uploads\/2017\/09\/fondo.jpg\u00bb background_layout=\u00bblight\u00bb global_colors_info=\u00bb{}\u00bb button_one_text_size__hover_enabled=\u00bboff\u00bb button_two_text_size__hover_enabled=\u00bboff\u00bb button_one_text_color__hover_enabled=\u00bboff\u00bb button_two_text_color__hover_enabled=\u00bboff\u00bb button_one_border_width__hover_enabled=\u00bboff\u00bb button_two_border_width__hover_enabled=\u00bboff\u00bb button_one_border_color__hover_enabled=\u00bboff\u00bb button_two_border_color__hover_enabled=\u00bboff\u00bb button_one_border_radius__hover_enabled=\u00bboff\u00bb button_two_border_radius__hover_enabled=\u00bboff\u00bb button_one_letter_spacing__hover_enabled=\u00bboff\u00bb button_two_letter_spacing__hover_enabled=\u00bboff\u00bb button_one_bg_color__hover_enabled=\u00bboff\u00bb button_two_bg_color__hover_enabled=\u00bboff\u00bb][\/et_pb_fullwidth_header][\/et_pb_section][et_pb_section fb_built=\u00bb1&#8243; admin_label=\u00bbsection\u00bb _builder_version=\u00bb4.16&#8243; global_colors_info=\u00bb{}\u00bb][et_pb_row _builder_version=\u00bb4.16&#8243; background_size=\u00bbinitial\u00bb background_position=\u00bbtop_left\u00bb background_repeat=\u00bbrepeat\u00bb global_colors_info=\u00bb{}\u00bb][et_pb_column type=\u00bb4_4&#8243; _builder_version=\u00bb4.16&#8243; custom_padding=\u00bb|||\u00bb global_colors_info=\u00bb{}\u00bb custom_padding__hover=\u00bb|||\u00bb][et_pb_text _builder_version=\u00bb4.25.0&#8243; module_alignment=\u00bbleft\u00bb hover_enabled=\u00bb0&#8243; border_style_all=\u00bbsolid\u00bb border_style=\u00bbsolid\u00bb global_colors_info=\u00bb{}\u00bb sticky_enabled=\u00bb0&#8243;]<\/p>\n<h2>Formaci\u00f3n profesional de grado b\u00e1sico<\/h2>\n<hr \/>\n<p style=\"text-align: justify;\">Los Ciclos de<strong> Formaci\u00f3n Profesional de Grado B\u00e1sico<\/strong> son ciclos formativos de una duraci\u00f3n de 2 a\u00f1os acad\u00e9micos destinados a personas que no han finalizado la ESO y quieren proseguir sus estudios hacia a un campo de la\u00a0<strong>Formaci\u00f3n Profesional<\/strong>. Estos estudios forman parte de la educaci\u00f3n obligatoria y gratuita.<\/p>\n<p style=\"text-align: justify;\">Las caracter\u00edsticas pedag\u00f3gicas se adaptan a las caracter\u00edsticas espec\u00edficas del alumnado. Se fomenta el trabajo en equipo, la tutor\u00eda y la\u00a0<strong>orientaci\u00f3n educativa y profesional<\/strong>.<\/p>\n<p>[\/et_pb_text][\/et_pb_column][\/et_pb_row][et_pb_row column_structure=\u00bb1_2,1_2&#8243; admin_label=\u00bbrow\u00bb _builder_version=\u00bb4.16&#8243; background_size=\u00bbinitial\u00bb background_position=\u00bbtop_left\u00bb background_repeat=\u00bbrepeat\u00bb global_colors_info=\u00bb{}\u00bb][et_pb_column type=\u00bb1_2&#8243; _builder_version=\u00bb4.16&#8243; custom_padding=\u00bb|||\u00bb global_colors_info=\u00bb{}\u00bb custom_padding__hover=\u00bb|||\u00bb][et_pb_cta button_url=\u00bb\/colegio\/fpb_electricidad\u00bb button_text=\u00bbElectricidad y electr\u00f3nica\u00bb admin_label=\u00bbElectricidad y electr\u00f3nica\u00bb _builder_version=\u00bb4.16&#8243; header_font=\u00bbAmatic SC||||\u00bb body_font=\u00bbAmatic SC||||\u00bb body_text_color=\u00bb#ffffff\u00bb body_font_size=\u00bb22&#8243; body_line_height=\u00bb2.2em\u00bb background_image=\u00bbhttps:\/\/palmadelrio.salesianos.edu\/colegio\/wp-content\/uploads\/sites\/2\/2018\/05\/electricidad-electronica.jpg\u00bb custom_button=\u00bbon\u00bb button_text_size=\u00bb34&#8243; button_text_color=\u00bb#ffffff\u00bb button_border_width=\u00bb0&#8243; button_font=\u00bbAmatic SC|on|||\u00bb button_use_icon=\u00bboff\u00bb saved_tabs=\u00bball\u00bb global_colors_info=\u00bb{}\u00bb button_text_size__hover_enabled=\u00bboff\u00bb button_one_text_size__hover_enabled=\u00bboff\u00bb button_two_text_size__hover_enabled=\u00bboff\u00bb button_text_color__hover_enabled=\u00bboff\u00bb button_one_text_color__hover_enabled=\u00bboff\u00bb button_two_text_color__hover_enabled=\u00bboff\u00bb button_border_width__hover_enabled=\u00bboff\u00bb button_one_border_width__hover_enabled=\u00bboff\u00bb button_two_border_width__hover_enabled=\u00bboff\u00bb button_border_color__hover_enabled=\u00bboff\u00bb button_one_border_color__hover_enabled=\u00bboff\u00bb button_two_border_color__hover_enabled=\u00bboff\u00bb button_border_radius__hover_enabled=\u00bboff\u00bb button_one_border_radius__hover_enabled=\u00bboff\u00bb button_two_border_radius__hover_enabled=\u00bboff\u00bb button_letter_spacing__hover_enabled=\u00bboff\u00bb button_one_letter_spacing__hover_enabled=\u00bboff\u00bb button_two_letter_spacing__hover_enabled=\u00bboff\u00bb button_bg_color__hover_enabled=\u00bboff\u00bb button_one_bg_color__hover_enabled=\u00bboff\u00bb button_two_bg_color__hover_enabled=\u00bboff\u00bb][\/et_pb_cta][\/et_pb_column][et_pb_column type=\u00bb1_2&#8243; _builder_version=\u00bb4.16&#8243; custom_padding=\u00bb|||\u00bb global_colors_info=\u00bb{}\u00bb custom_padding__hover=\u00bb|||\u00bb][et_pb_cta button_url=\u00bb\/colegio\/fpb_administrativo\u00bb button_text=\u00bbServicios Administrativos\u00bb admin_label=\u00bbServicios Administrativos\u00bb _builder_version=\u00bb4.16&#8243; header_font=\u00bbAmatic SC||||\u00bb body_font=\u00bbAmatic SC||||\u00bb body_text_color=\u00bb#ffffff\u00bb body_font_size=\u00bb22&#8243; body_line_height=\u00bb2.2em\u00bb background_image=\u00bbhttps:\/\/palmadelrio.salesianos.edu\/colegio\/wp-content\/uploads\/sites\/2\/2018\/05\/servicios-administrativos.jpg\u00bb custom_button=\u00bbon\u00bb button_text_size=\u00bb34&#8243; button_text_color=\u00bb#ffffff\u00bb button_border_width=\u00bb0&#8243; button_font=\u00bbAmatic SC|on|||\u00bb button_use_icon=\u00bboff\u00bb saved_tabs=\u00bball\u00bb global_colors_info=\u00bb{}\u00bb button_text_size__hover_enabled=\u00bboff\u00bb button_one_text_size__hover_enabled=\u00bboff\u00bb button_two_text_size__hover_enabled=\u00bboff\u00bb button_text_color__hover_enabled=\u00bboff\u00bb button_one_text_color__hover_enabled=\u00bboff\u00bb button_two_text_color__hover_enabled=\u00bboff\u00bb button_border_width__hover_enabled=\u00bboff\u00bb button_one_border_width__hover_enabled=\u00bboff\u00bb button_two_border_width__hover_enabled=\u00bboff\u00bb button_border_color__hover_enabled=\u00bboff\u00bb button_one_border_color__hover_enabled=\u00bboff\u00bb button_two_border_color__hover_enabled=\u00bboff\u00bb button_border_radius__hover_enabled=\u00bboff\u00bb button_one_border_radius__hover_enabled=\u00bboff\u00bb button_two_border_radius__hover_enabled=\u00bboff\u00bb button_letter_spacing__hover_enabled=\u00bboff\u00bb button_one_letter_spacing__hover_enabled=\u00bboff\u00bb button_two_letter_spacing__hover_enabled=\u00bboff\u00bb button_bg_color__hover_enabled=\u00bboff\u00bb button_one_bg_color__hover_enabled=\u00bboff\u00bb button_two_bg_color__hover_enabled=\u00bboff\u00bb][\/et_pb_cta][\/et_pb_column][\/et_pb_row][\/et_pb_section]<\/p>\n","protected":false},"excerpt":{"rendered":"<p>Formaci\u00f3n profesional de grado b\u00e1sico Los Ciclos de Formaci\u00f3n Profesional de Grado B\u00e1sico son ciclos formativos de una duraci\u00f3n de 2 a\u00f1os acad\u00e9micos destinados a personas que no han finalizado la ESO y quieren proseguir sus estudios hacia a un campo de la\u00a0Formaci\u00f3n Profesional. Estos estudios forman parte de la educaci\u00f3n obligatoria y gratuita. Las [&hellip;]<\/p>\n","protected":false},"author":2,"featured_media":0,"parent":0,"menu_order":0,"comment_status":"closed","ping_status":"closed","template":"","meta":{"_et_pb_use_builder":"on","_et_pb_old_content":"","_et_gb_content_width":"","footnotes":""},"class_list":["post-5277","page","type-page","status-publish","hentry"],"yoast_head":"<!-- This site is optimized with the Yoast SEO plugin v27.4 - https:\/\/yoast.com\/product\/yoast-seo-wordpress\/ -->\n<title>formacion-profesional-basica - Colegio<\/title>\n<meta name=\"robots\" content=\"index, follow, max-snippet:-1, max-image-preview:large, max-video-preview:-1\" \/>\n<link rel=\"canonical\" href=\"https:\/\/palmadelrio.salesianos.edu\/colegio\/formacion-profesional-basica\/\" \/>\n<meta property=\"og:locale\" content=\"es_ES\" \/>\n<meta property=\"og:type\" content=\"article\" \/>\n<meta property=\"og:title\" content=\"formacion-profesional-basica - Colegio\" \/>\n<meta property=\"og:description\" content=\"Formaci\u00f3n profesional de grado b\u00e1sico Los Ciclos de Formaci\u00f3n Profesional de Grado B\u00e1sico son ciclos formativos de una duraci\u00f3n de 2 a\u00f1os acad\u00e9micos destinados a personas que no han finalizado la ESO y quieren proseguir sus estudios hacia a un campo de la\u00a0Formaci\u00f3n Profesional. Estos estudios forman parte de la educaci\u00f3n obligatoria y gratuita. Las [&hellip;]\" \/>\n<meta property=\"og:url\" content=\"https:\/\/palmadelrio.salesianos.edu\/colegio\/formacion-profesional-basica\/\" \/>\n<meta property=\"og:site_name\" content=\"Colegio\" \/>\n<meta property=\"article:modified_time\" content=\"2024-05-08T08:35:16+00:00\" \/>\n<meta name=\"twitter:card\" content=\"summary_large_image\" \/>\n<meta name=\"twitter:label1\" content=\"Tiempo de lectura\" \/>\n\t<meta name=\"twitter:data1\" content=\"1 minuto\" \/>\n<script type=\"application\/ld+json\" class=\"yoast-schema-graph\">{\"@context\":\"https:\\\/\\\/schema.org\",\"@graph\":[{\"@type\":\"WebPage\",\"@id\":\"https:\\\/\\\/palmadelrio.salesianos.edu\\\/colegio\\\/formacion-profesional-basica\\\/\",\"url\":\"https:\\\/\\\/palmadelrio.salesianos.edu\\\/colegio\\\/formacion-profesional-basica\\\/\",\"name\":\"formacion-profesional-basica - Colegio\",\"isPartOf\":{\"@id\":\"https:\\\/\\\/palmadelrio.salesianos.edu\\\/colegio\\\/#website\"},\"datePublished\":\"2018-05-23T10:36:24+00:00\",\"dateModified\":\"2024-05-08T08:35:16+00:00\",\"breadcrumb\":{\"@id\":\"https:\\\/\\\/palmadelrio.salesianos.edu\\\/colegio\\\/formacion-profesional-basica\\\/#breadcrumb\"},\"inLanguage\":\"es\",\"potentialAction\":[{\"@type\":\"ReadAction\",\"target\":[\"https:\\\/\\\/palmadelrio.salesianos.edu\\\/colegio\\\/formacion-profesional-basica\\\/\"]}]},{\"@type\":\"BreadcrumbList\",\"@id\":\"https:\\\/\\\/palmadelrio.salesianos.edu\\\/colegio\\\/formacion-profesional-basica\\\/#breadcrumb\",\"itemListElement\":[{\"@type\":\"ListItem\",\"position\":1,\"name\":\"Portada\",\"item\":\"https:\\\/\\\/palmadelrio.salesianos.edu\\\/colegio\\\/\"},{\"@type\":\"ListItem\",\"position\":2,\"name\":\"formacion-profesional-basica\"}]},{\"@type\":\"WebSite\",\"@id\":\"https:\\\/\\\/palmadelrio.salesianos.edu\\\/colegio\\\/#website\",\"url\":\"https:\\\/\\\/palmadelrio.salesianos.edu\\\/colegio\\\/\",\"name\":\"Colegio\",\"description\":\"P\u00e1gina oficial Salesianos Palma del R\u00edo\",\"potentialAction\":[{\"@type\":\"SearchAction\",\"target\":{\"@type\":\"EntryPoint\",\"urlTemplate\":\"https:\\\/\\\/palmadelrio.salesianos.edu\\\/colegio\\\/?s={search_term_string}\"},\"query-input\":{\"@type\":\"PropertyValueSpecification\",\"valueRequired\":true,\"valueName\":\"search_term_string\"}}],\"inLanguage\":\"es\"}]}<\/script>\n<!-- \/ Yoast SEO plugin. -->","yoast_head_json":{"title":"formacion-profesional-basica - Colegio","robots":{"index":"index","follow":"follow","max-snippet":"max-snippet:-1","max-image-preview":"max-image-preview:large","max-video-preview":"max-video-preview:-1"},"canonical":"https:\/\/palmadelrio.salesianos.edu\/colegio\/formacion-profesional-basica\/","og_locale":"es_ES","og_type":"article","og_title":"formacion-profesional-basica - Colegio","og_description":"Formaci\u00f3n profesional de grado b\u00e1sico Los Ciclos de Formaci\u00f3n Profesional de Grado B\u00e1sico son ciclos formativos de una duraci\u00f3n de 2 a\u00f1os acad\u00e9micos destinados a personas que no han finalizado la ESO y quieren proseguir sus estudios hacia a un campo de la\u00a0Formaci\u00f3n Profesional. Estos estudios forman parte de la educaci\u00f3n obligatoria y gratuita. Las [&hellip;]","og_url":"https:\/\/palmadelrio.salesianos.edu\/colegio\/formacion-profesional-basica\/","og_site_name":"Colegio","article_modified_time":"2024-05-08T08:35:16+00:00","twitter_card":"summary_large_image","twitter_misc":{"Tiempo de lectura":"1 minuto"},"schema":{"@context":"https:\/\/schema.org","@graph":[{"@type":"WebPage","@id":"https:\/\/palmadelrio.salesianos.edu\/colegio\/formacion-profesional-basica\/","url":"https:\/\/palmadelrio.salesianos.edu\/colegio\/formacion-profesional-basica\/","name":"formacion-profesional-basica - Colegio","isPartOf":{"@id":"https:\/\/palmadelrio.salesianos.edu\/colegio\/#website"},"datePublished":"2018-05-23T10:36:24+00:00","dateModified":"2024-05-08T08:35:16+00:00","breadcrumb":{"@id":"https:\/\/palmadelrio.salesianos.edu\/colegio\/formacion-profesional-basica\/#breadcrumb"},"inLanguage":"es","potentialAction":[{"@type":"ReadAction","target":["https:\/\/palmadelrio.salesianos.edu\/colegio\/formacion-profesional-basica\/"]}]},{"@type":"BreadcrumbList","@id":"https:\/\/palmadelrio.salesianos.edu\/colegio\/formacion-profesional-basica\/#breadcrumb","itemListElement":[{"@type":"ListItem","position":1,"name":"Portada","item":"https:\/\/palmadelrio.salesianos.edu\/colegio\/"},{"@type":"ListItem","position":2,"name":"formacion-profesional-basica"}]},{"@type":"WebSite","@id":"https:\/\/palmadelrio.salesianos.edu\/colegio\/#website","url":"https:\/\/palmadelrio.salesianos.edu\/colegio\/","name":"Colegio","description":"P\u00e1gina oficial Salesianos Palma del R\u00edo","potentialAction":[{"@type":"SearchAction","target":{"@type":"EntryPoint","urlTemplate":"https:\/\/palmadelrio.salesianos.edu\/colegio\/?s={search_term_string}"},"query-input":{"@type":"PropertyValueSpecification","valueRequired":true,"valueName":"search_term_string"}}],"inLanguage":"es"}]}},"_links":{"self":[{"href":"https:\/\/palmadelrio.salesianos.edu\/colegio\/wp-json\/wp\/v2\/pages\/5277","targetHints":{"allow":["GET"]}}],"collection":[{"href":"https:\/\/palmadelrio.salesianos.edu\/colegio\/wp-json\/wp\/v2\/pages"}],"about":[{"href":"https:\/\/palmadelrio.salesianos.edu\/colegio\/wp-json\/wp\/v2\/types\/page"}],"author":[{"embeddable":true,"href":"https:\/\/palmadelrio.salesianos.edu\/colegio\/wp-json\/wp\/v2\/users\/2"}],"replies":[{"embeddable":true,"href":"https:\/\/palmadelrio.salesianos.edu\/colegio\/wp-json\/wp\/v2\/comments?post=5277"}],"version-history":[{"count":6,"href":"https:\/\/palmadelrio.salesianos.edu\/colegio\/wp-json\/wp\/v2\/pages\/5277\/revisions"}],"predecessor-version":[{"id":6052,"href":"https:\/\/palmadelrio.salesianos.edu\/colegio\/wp-json\/wp\/v2\/pages\/5277\/revisions\/6052"}],"wp:attachment":[{"href":"https:\/\/palmadelrio.salesianos.edu\/colegio\/wp-json\/wp\/v2\/media?parent=5277"}],"curies":[{"name":"wp","href":"https:\/\/api.w.org\/{rel}","templated":true}]}}