{"id":5478,"date":"2020-03-12T13:46:56","date_gmt":"2020-03-12T12:46:56","guid":{"rendered":"https:\/\/palmadelrio.salesianos.edu\/colegio\/?page_id=5478"},"modified":"2026-02-27T13:34:23","modified_gmt":"2026-02-27T12:34:23","slug":"informacion-familias","status":"publish","type":"page","link":"https:\/\/palmadelrio.salesianos.edu\/colegio\/informacion-familias\/","title":{"rendered":"Informaci\u00f3n Familias"},"content":{"rendered":"<div id=\"fb-root\"><\/div>\n<p>[et_pb_section fb_built=\u00bb1&#8243; fullwidth=\u00bbon\u00bb _builder_version=\u00bb4.16&#8243; global_colors_info=\u00bb{}\u00bb][et_pb_fullwidth_header title=\u00bbInformaci\u00f3n a Familias\u00bb content_max_width=\u00bbnone\u00bb module_class=\u00bbpagina-imagen-cabecera\u00bb _builder_version=\u00bb4.16&#8243; background_color=\u00bbrgba(255, 255, 255, 0)\u00bb background_image=\u00bbhttps:\/\/palmadelrio.salesianos.edu\/wp-content\/uploads\/2017\/09\/fondo.jpg\u00bb background_layout=\u00bblight\u00bb global_colors_info=\u00bb{}\u00bb button_one_text_size__hover_enabled=\u00bboff\u00bb button_two_text_size__hover_enabled=\u00bboff\u00bb button_one_text_color__hover_enabled=\u00bboff\u00bb button_two_text_color__hover_enabled=\u00bboff\u00bb button_one_border_width__hover_enabled=\u00bboff\u00bb button_two_border_width__hover_enabled=\u00bboff\u00bb button_one_border_color__hover_enabled=\u00bboff\u00bb button_two_border_color__hover_enabled=\u00bboff\u00bb button_one_border_radius__hover_enabled=\u00bboff\u00bb button_two_border_radius__hover_enabled=\u00bboff\u00bb button_one_letter_spacing__hover_enabled=\u00bboff\u00bb button_two_letter_spacing__hover_enabled=\u00bboff\u00bb button_one_bg_color__hover_enabled=\u00bboff\u00bb button_two_bg_color__hover_enabled=\u00bboff\u00bb][\/et_pb_fullwidth_header][\/et_pb_section][et_pb_section fb_built=\u00bb1&#8243; admin_label=\u00bbsection\u00bb _builder_version=\u00bb4.16&#8243; global_colors_info=\u00bb{}\u00bb][et_pb_row admin_label=\u00bbrow\u00bb _builder_version=\u00bb4.16&#8243; background_size=\u00bbinitial\u00bb background_position=\u00bbtop_left\u00bb background_repeat=\u00bbrepeat\u00bb global_colors_info=\u00bb{}\u00bb][et_pb_column type=\u00bb4_4&#8243; _builder_version=\u00bb4.16&#8243; custom_padding=\u00bb|||\u00bb global_colors_info=\u00bb{}\u00bb custom_padding__hover=\u00bb|||\u00bb][et_pb_text admin_label=\u00bbTexto Informacion Familias\u00bb _builder_version=\u00bb4.27.4&#8243; header_font_size=\u00bb40px\u00bb background_size=\u00bbinitial\u00bb background_position=\u00bbtop_left\u00bb background_repeat=\u00bbrepeat\u00bb hover_enabled=\u00bb0&#8243; border_style_all=\u00bbsolid\u00bb border_style=\u00bbsolid\u00bb global_colors_info=\u00bb{}\u00bb sticky_enabled=\u00bb0&#8243;]<\/p>\n<p style=\"text-align: justify;\">Elaborar la <strong>Programaci\u00f3n General Anual<\/strong> (PGA) significa plasmar por escrito nuestra realidad y, sobre todo, nuestro deseo de seguir avanzando en la <strong>mejora<\/strong> de nuestra misi\u00f3n <strong>educativa<\/strong>. Dejar constancia en un documento de la <strong>planificaci\u00f3n<\/strong> realizada, no es el fin \u00faltimo, sino el proceso que nos ayuda a hacer un <strong>ejercicio de an\u00e1lisis y reflexi\u00f3n<\/strong>, para fijar con claridad nuestro rumbo. Al mismo tiempo que seguimos <strong>potenciando<\/strong> nuestras <strong>fortalezas<\/strong>, no podemos dejar de <strong>crecer<\/strong> y seguir mejorando en nuestra <strong>acci\u00f3n educativo-pastoral<\/strong>.<\/p>\n<p style=\"text-align: justify;\">Confiamos en que esta <strong>Programaci\u00f3n<\/strong> nos ayude a realizar nuestro trabajo con <strong>mayor eficacia y calidad<\/strong>, procurando siempre ofrecer lo mejor de esta <strong>Comunidad Educativo-Pastoral<\/strong> a nuestros <strong>alumnos<\/strong> y a sus <strong>familias<\/strong>.<\/p>\n<p style=\"text-align: justify;\">Es por ello por lo que queremos hacerla <strong>p\u00fablica<\/strong> en nuestra <strong>web<\/strong> para que todos ustedes la tengan a su disposici\u00f3n en cualquier momento. Para poder consultar nuestra <strong>PGA<\/strong>, se puede hacer pulsando <a href=\"https:\/\/palmadelrio.salesianos.edu\/colegio\/wp-content\/uploads\/sites\/2\/2026\/02\/14005213-PGA-2025-26.pdf\" target=\"_blank\" rel=\"attachment noopener wp-att-5915\">aqu\u00ed<\/a>. Tambi\u00e9n puede verse y descargarse el <strong>Proyecto Educativo<\/strong> pulsando <a href=\"https:\/\/palmadelrio.salesianos.edu\/colegio\/wp-content\/uploads\/sites\/2\/2024\/06\/Proyecto-Educativo-de-Centro-23-24.pdf\" target=\"_blank\" rel=\"attachment noopener wp-att-5914\">aqu\u00ed<\/a>.<\/p>\n<p>Los d\u00edpticos informativos de las diferentes etapas se pueden ver y descargar en los siguientes enlaces:<\/p>\n<ul>\n<li><strong>Primaria<\/strong>: Para poder ver el d\u00edptico informativo haz click <a href=\"https:\/\/palmadelrio.salesianos.edu\/colegio\/wp-content\/uploads\/sites\/2\/2022\/11\/Diptico-de-primaria.pdf\" target=\"_blank\" rel=\"noopener\">aqu\u00ed<\/a>.<\/li>\n<li><strong>Secundaria<\/strong>: Para poder ver el d\u00edptico informativo haz click <a href=\"#\" target=\"_blank\" rel=\"noopener\">aqu\u00ed<\/a>.<\/li>\n<li><strong>1\u00ba Bachillerato<\/strong>: Puedes descargarte El d\u00edptico Informativo haciendo click <a href=\"https:\/\/palmadelrio.salesianos.edu\/colegio\/wp-content\/uploads\/sites\/2\/2023\/12\/Diptico-1o-Bach-2023-2024.pdf\" target=\"_blank\" rel=\"noopener\">aqu\u00ed<\/a>.<\/li>\n<li><strong>2\u00ba Bachillerato<\/strong>: Puedes descargarte El d\u00edptico Informativo haciendo click <a href=\"https:\/\/palmadelrio.salesianos.edu\/colegio\/wp-content\/uploads\/sites\/2\/2023\/12\/Diptico-2o-de-Bachillerato-2023-2024.pdf\" target=\"_blank\" rel=\"noopener\">aqu\u00ed<\/a>.<\/li>\n<li><strong>Ciclos Formativos<\/strong>: Para poder ver el d\u00edptico informativo haz click <a href=\"https:\/\/palmadelrio.salesianos.edu\/colegio\/wp-content\/uploads\/sites\/2\/2024\/10\/diptico-grupal-padres-24-v03.pdf\" target=\"_blank\" rel=\"attachment noopener wp-att-5886\">aqu\u00ed<\/a>.<\/li>\n<\/ul>\n<p>[\/et_pb_text][\/et_pb_column][\/et_pb_row][\/et_pb_section]<\/p>\n","protected":false},"excerpt":{"rendered":"<p>Elaborar la Programaci\u00f3n General Anual (PGA) significa plasmar por escrito nuestra realidad y, sobre todo, nuestro deseo de seguir avanzando en la mejora de nuestra misi\u00f3n educativa. Dejar constancia en un documento de la planificaci\u00f3n realizada, no es el fin \u00faltimo, sino el proceso que nos ayuda a hacer un ejercicio de an\u00e1lisis y reflexi\u00f3n, [&hellip;]<\/p>\n","protected":false},"author":2,"featured_media":0,"parent":0,"menu_order":0,"comment_status":"closed","ping_status":"closed","template":"","meta":{"_et_pb_use_builder":"on","_et_pb_old_content":"","_et_gb_content_width":"","footnotes":""},"class_list":["post-5478","page","type-page","status-publish","hentry"],"yoast_head":"<!-- This site is optimized with the Yoast SEO plugin v27.3 - https:\/\/yoast.com\/product\/yoast-seo-wordpress\/ -->\n<title>Informaci\u00f3n Familias - Colegio<\/title>\n<meta name=\"robots\" content=\"index, follow, max-snippet:-1, max-image-preview:large, max-video-preview:-1\" \/>\n<link rel=\"canonical\" href=\"https:\/\/palmadelrio.salesianos.edu\/colegio\/informacion-familias\/\" \/>\n<meta property=\"og:locale\" content=\"es_ES\" \/>\n<meta property=\"og:type\" content=\"article\" \/>\n<meta property=\"og:title\" content=\"Informaci\u00f3n Familias - Colegio\" \/>\n<meta property=\"og:description\" content=\"Elaborar la Programaci\u00f3n General Anual (PGA) significa plasmar por escrito nuestra realidad y, sobre todo, nuestro deseo de seguir avanzando en la mejora de nuestra misi\u00f3n educativa. Dejar constancia en un documento de la planificaci\u00f3n realizada, no es el fin \u00faltimo, sino el proceso que nos ayuda a hacer un ejercicio de an\u00e1lisis y reflexi\u00f3n, [&hellip;]\" \/>\n<meta property=\"og:url\" content=\"https:\/\/palmadelrio.salesianos.edu\/colegio\/informacion-familias\/\" \/>\n<meta property=\"og:site_name\" content=\"Colegio\" \/>\n<meta property=\"article:modified_time\" content=\"2026-02-27T12:34:23+00:00\" \/>\n<meta name=\"twitter:card\" content=\"summary_large_image\" \/>\n<meta name=\"twitter:label1\" content=\"Tiempo de lectura\" \/>\n\t<meta name=\"twitter:data1\" content=\"2 minutos\" \/>\n<script type=\"application\/ld+json\" class=\"yoast-schema-graph\">{\"@context\":\"https:\\\/\\\/schema.org\",\"@graph\":[{\"@type\":\"WebPage\",\"@id\":\"https:\\\/\\\/palmadelrio.salesianos.edu\\\/colegio\\\/informacion-familias\\\/\",\"url\":\"https:\\\/\\\/palmadelrio.salesianos.edu\\\/colegio\\\/informacion-familias\\\/\",\"name\":\"Informaci\u00f3n Familias - Colegio\",\"isPartOf\":{\"@id\":\"https:\\\/\\\/palmadelrio.salesianos.edu\\\/colegio\\\/#website\"},\"datePublished\":\"2020-03-12T12:46:56+00:00\",\"dateModified\":\"2026-02-27T12:34:23+00:00\",\"breadcrumb\":{\"@id\":\"https:\\\/\\\/palmadelrio.salesianos.edu\\\/colegio\\\/informacion-familias\\\/#breadcrumb\"},\"inLanguage\":\"es\",\"potentialAction\":[{\"@type\":\"ReadAction\",\"target\":[\"https:\\\/\\\/palmadelrio.salesianos.edu\\\/colegio\\\/informacion-familias\\\/\"]}]},{\"@type\":\"BreadcrumbList\",\"@id\":\"https:\\\/\\\/palmadelrio.salesianos.edu\\\/colegio\\\/informacion-familias\\\/#breadcrumb\",\"itemListElement\":[{\"@type\":\"ListItem\",\"position\":1,\"name\":\"Portada\",\"item\":\"https:\\\/\\\/palmadelrio.salesianos.edu\\\/colegio\\\/\"},{\"@type\":\"ListItem\",\"position\":2,\"name\":\"Informaci\u00f3n Familias\"}]},{\"@type\":\"WebSite\",\"@id\":\"https:\\\/\\\/palmadelrio.salesianos.edu\\\/colegio\\\/#website\",\"url\":\"https:\\\/\\\/palmadelrio.salesianos.edu\\\/colegio\\\/\",\"name\":\"Colegio\",\"description\":\"P\u00e1gina oficial Salesianos Palma del R\u00edo\",\"potentialAction\":[{\"@type\":\"SearchAction\",\"target\":{\"@type\":\"EntryPoint\",\"urlTemplate\":\"https:\\\/\\\/palmadelrio.salesianos.edu\\\/colegio\\\/?s={search_term_string}\"},\"query-input\":{\"@type\":\"PropertyValueSpecification\",\"valueRequired\":true,\"valueName\":\"search_term_string\"}}],\"inLanguage\":\"es\"}]}<\/script>\n<!-- \/ Yoast SEO plugin. -->","yoast_head_json":{"title":"Informaci\u00f3n Familias - Colegio","robots":{"index":"index","follow":"follow","max-snippet":"max-snippet:-1","max-image-preview":"max-image-preview:large","max-video-preview":"max-video-preview:-1"},"canonical":"https:\/\/palmadelrio.salesianos.edu\/colegio\/informacion-familias\/","og_locale":"es_ES","og_type":"article","og_title":"Informaci\u00f3n Familias - Colegio","og_description":"Elaborar la Programaci\u00f3n General Anual (PGA) significa plasmar por escrito nuestra realidad y, sobre todo, nuestro deseo de seguir avanzando en la mejora de nuestra misi\u00f3n educativa. Dejar constancia en un documento de la planificaci\u00f3n realizada, no es el fin \u00faltimo, sino el proceso que nos ayuda a hacer un ejercicio de an\u00e1lisis y reflexi\u00f3n, [&hellip;]","og_url":"https:\/\/palmadelrio.salesianos.edu\/colegio\/informacion-familias\/","og_site_name":"Colegio","article_modified_time":"2026-02-27T12:34:23+00:00","twitter_card":"summary_large_image","twitter_misc":{"Tiempo de lectura":"2 minutos"},"schema":{"@context":"https:\/\/schema.org","@graph":[{"@type":"WebPage","@id":"https:\/\/palmadelrio.salesianos.edu\/colegio\/informacion-familias\/","url":"https:\/\/palmadelrio.salesianos.edu\/colegio\/informacion-familias\/","name":"Informaci\u00f3n Familias - Colegio","isPartOf":{"@id":"https:\/\/palmadelrio.salesianos.edu\/colegio\/#website"},"datePublished":"2020-03-12T12:46:56+00:00","dateModified":"2026-02-27T12:34:23+00:00","breadcrumb":{"@id":"https:\/\/palmadelrio.salesianos.edu\/colegio\/informacion-familias\/#breadcrumb"},"inLanguage":"es","potentialAction":[{"@type":"ReadAction","target":["https:\/\/palmadelrio.salesianos.edu\/colegio\/informacion-familias\/"]}]},{"@type":"BreadcrumbList","@id":"https:\/\/palmadelrio.salesianos.edu\/colegio\/informacion-familias\/#breadcrumb","itemListElement":[{"@type":"ListItem","position":1,"name":"Portada","item":"https:\/\/palmadelrio.salesianos.edu\/colegio\/"},{"@type":"ListItem","position":2,"name":"Informaci\u00f3n Familias"}]},{"@type":"WebSite","@id":"https:\/\/palmadelrio.salesianos.edu\/colegio\/#website","url":"https:\/\/palmadelrio.salesianos.edu\/colegio\/","name":"Colegio","description":"P\u00e1gina oficial Salesianos Palma del R\u00edo","potentialAction":[{"@type":"SearchAction","target":{"@type":"EntryPoint","urlTemplate":"https:\/\/palmadelrio.salesianos.edu\/colegio\/?s={search_term_string}"},"query-input":{"@type":"PropertyValueSpecification","valueRequired":true,"valueName":"search_term_string"}}],"inLanguage":"es"}]}},"_links":{"self":[{"href":"https:\/\/palmadelrio.salesianos.edu\/colegio\/wp-json\/wp\/v2\/pages\/5478","targetHints":{"allow":["GET"]}}],"collection":[{"href":"https:\/\/palmadelrio.salesianos.edu\/colegio\/wp-json\/wp\/v2\/pages"}],"about":[{"href":"https:\/\/palmadelrio.salesianos.edu\/colegio\/wp-json\/wp\/v2\/types\/page"}],"author":[{"embeddable":true,"href":"https:\/\/palmadelrio.salesianos.edu\/colegio\/wp-json\/wp\/v2\/users\/2"}],"replies":[{"embeddable":true,"href":"https:\/\/palmadelrio.salesianos.edu\/colegio\/wp-json\/wp\/v2\/comments?post=5478"}],"version-history":[{"count":21,"href":"https:\/\/palmadelrio.salesianos.edu\/colegio\/wp-json\/wp\/v2\/pages\/5478\/revisions"}],"predecessor-version":[{"id":6601,"href":"https:\/\/palmadelrio.salesianos.edu\/colegio\/wp-json\/wp\/v2\/pages\/5478\/revisions\/6601"}],"wp:attachment":[{"href":"https:\/\/palmadelrio.salesianos.edu\/colegio\/wp-json\/wp\/v2\/media?parent=5478"}],"curies":[{"name":"wp","href":"https:\/\/api.w.org\/{rel}","templated":true}]}}