{"id":5771,"date":"2021-12-02T19:12:09","date_gmt":"2021-12-02T18:12:09","guid":{"rendered":"https:\/\/palmadelrio.salesianos.edu\/colegio\/?page_id=5771"},"modified":"2021-12-02T19:12:13","modified_gmt":"2021-12-02T18:12:13","slug":"politica-uso-google-workspace","status":"publish","type":"page","link":"https:\/\/palmadelrio.salesianos.edu\/colegio\/politica-uso-google-workspace\/","title":{"rendered":"politica uso google workspace"},"content":{"rendered":"<div id=\"fb-root\"><\/div>\n<p>[et_pb_section fb_built=\u00bb1&#8243; admin_label=\u00bbsection\u00bb _builder_version=\u00bb3.22&#8243; global_colors_info=\u00bb{}\u00bb theme_builder_area=\u00bbpost_content\u00bb][et_pb_row admin_label=\u00bbrow\u00bb _builder_version=\u00bb4.9.4&#8243; background_size=\u00bbinitial\u00bb background_position=\u00bbtop_left\u00bb background_repeat=\u00bbrepeat\u00bb box_shadow_style=\u00bbpreset2&#8243; global_colors_info=\u00bb{}\u00bb theme_builder_area=\u00bbpost_content\u00bb][et_pb_column type=\u00bb4_4&#8243; _builder_version=\u00bb3.25&#8243; custom_padding=\u00bb|||\u00bb global_colors_info=\u00bb{}\u00bb custom_padding__hover=\u00bb|||\u00bb theme_builder_area=\u00bbpost_content\u00bb][et_pb_divider show_divider=\u00bboff\u00bb _builder_version=\u00bb3.21.3&#8243; hover_enabled=\u00bb0&#8243; global_colors_info=\u00bb{}\u00bb theme_builder_area=\u00bbpost_content\u00bb sticky_enabled=\u00bb0&#8243;][\/et_pb_divider][et_pb_text admin_label=\u00bbTitulo (texto)\u00bb _builder_version=\u00bb4.14.1&#8243; text_font=\u00bb|on|||\u00bb text_text_color=\u00bb#dc001b\u00bb text_font_size=\u00bb18&#8243; header_2_font=\u00bbLato|300|||||||\u00bb header_2_font_size=\u00bb30px\u00bb background_size=\u00bbinitial\u00bb background_position=\u00bbtop_left\u00bb background_repeat=\u00bbrepeat\u00bb hover_enabled=\u00bb0&#8243; use_border_color=\u00bboff\u00bb border_color=\u00bb#ffffff\u00bb border_style=\u00bbsolid\u00bb global_colors_info=\u00bb{}\u00bb theme_builder_area=\u00bbpost_content\u00bb sticky_enabled=\u00bb0&#8243;]<\/p>\n<h2 style=\"text-align: center;\"><strong>Pol\u00edtica de uso de Google Workspace del <\/strong><\/h2>\n<h2 style=\"text-align: center;\"><strong>Colegio Salesiano San Luis Rey<br \/><\/strong><\/h2>\n<p>[\/et_pb_text][\/et_pb_column][\/et_pb_row][et_pb_row _builder_version=\u00bb3.25&#8243; background_size=\u00bbinitial\u00bb background_position=\u00bbtop_left\u00bb background_repeat=\u00bbrepeat\u00bb global_colors_info=\u00bb{}\u00bb theme_builder_area=\u00bbpost_content\u00bb][et_pb_column type=\u00bb4_4&#8243; _builder_version=\u00bb3.25&#8243; custom_padding=\u00bb|||\u00bb global_colors_info=\u00bb{}\u00bb custom_padding__hover=\u00bb|||\u00bb theme_builder_area=\u00bbpost_content\u00bb][et_pb_text _builder_version=\u00bb4.14.1&#8243; text_orientation=\u00bbjustified\u00bb hover_enabled=\u00bb0&#8243; use_border_color=\u00bboff\u00bb border_color=\u00bb#ffffff\u00bb border_style=\u00bbsolid\u00bb global_colors_info=\u00bb{}\u00bb theme_builder_area=\u00bbpost_content\u00bb sticky_enabled=\u00bb0&#8243;]<\/p>\n<p>&nbsp;<\/p>\n<p>&nbsp;<\/p>\n<p>&nbsp;<\/p>\n<p style=\"text-align: justify;\"><span style=\"font-size: 14px;\">El <\/span><strong style=\"font-size: 14px;\">Colegio San Luis Rey &#8211; Salesianos Palma del R\u00edo<\/strong><span style=\"font-size: 14px;\"> lleg\u00f3 a un acuerdo con Google para la utilizaci\u00f3n de la plataforma Google Workspace para Centros Educativos. Google Workspace para Centros Educativos es un conjunto de herramientas gratuitas de comunicaci\u00f3n y productividad educativas de Google (Gmail, Calendar Documentos, Classroom etc).<\/span><\/p>\n<p style=\"text-align: justify;\">Para que el alumnado pueda utilizar los servicios principales de <span style=\"font-size: 14px;\">Google Workspace<\/span> es necesario de que dispongan de una cuenta de acceso previa aceptaci\u00f3n y autorizaci\u00f3n de la <strong>Pol\u00edtica de Uso de Cuentas <span style=\"font-size: 14px;\">Google Workspace<\/span> del Colegio Salesiano San Luis Rey para menores de 14 a\u00f1os.<\/strong><\/p>\n<p>&nbsp;<\/p>\n<p>[\/et_pb_text][et_pb_button button_url=\u00bbhttps:\/\/palmadelrio.salesianos.edu\/colegio\/wp-content\/uploads\/sites\/2\/2021\/12\/POLITICA-DE-USO-GOOGLE-WORKSPACE-PALMADELRIO-NOV21-V01.pdf\u00bb url_new_window=\u00bbon\u00bb button_text=\u00bbPol\u00edtica de uso de cuentas Google Workspace\u00bb admin_label=\u00bbPol\u00edtica\u00bb _builder_version=\u00bb4.14.1&#8243; _module_preset=\u00bbdefault\u00bb hover_enabled=\u00bb0&#8243; box_shadow_style=\u00bbpreset1&#8243; global_colors_info=\u00bb{}\u00bb theme_builder_area=\u00bbpost_content\u00bb sticky_enabled=\u00bb0&#8243;][\/et_pb_button][et_pb_button button_url=\u00bbhttps:\/\/palmadelrio.salesianos.edu\/colegio\/wp-content\/uploads\/sites\/2\/2021\/12\/POLITICA-DE-USO-GOOGLE-WORKSPACE-PALMADELRIO-NOV21-V01.pdf\u00bb url_new_window=\u00bbon\u00bb button_text=\u00bbAutorizaci\u00f3n y Aceptaci\u00f3n de la Pol\u00edtica de Uso de cuentas Google Workspace\u00bb admin_label=\u00bbAutorizaci\u00f3n\u00bb _builder_version=\u00bb4.14.1&#8243; _module_preset=\u00bbdefault\u00bb hover_enabled=\u00bb0&#8243; box_shadow_style=\u00bbpreset1&#8243; global_colors_info=\u00bb{}\u00bb theme_builder_area=\u00bbpost_content\u00bb sticky_enabled=\u00bb0&#8243;][\/et_pb_button][et_pb_text _builder_version=\u00bb4.14.1&#8243; text_orientation=\u00bbjustified\u00bb hover_enabled=\u00bb0&#8243; use_border_color=\u00bboff\u00bb border_color=\u00bb#ffffff\u00bb border_style=\u00bbsolid\u00bb global_colors_info=\u00bb{}\u00bb theme_builder_area=\u00bbpost_content\u00bb sticky_enabled=\u00bb0&#8243;]<\/p>\n<div>\n<p style=\"text-align: justify;\"><span style=\"font-size: 14px;\">Google Workspace<\/span>\u00a0para centros Educativos ofrece dos categor\u00edas de servicios de Google:<\/p>\n<p style=\"text-align: justify;\"><strong><a href=\"https:\/\/workspace.google.com\/intl\/es\/terms\/user_features.html\">Los servicios principales<\/a><\/strong> de <span style=\"font-size: 14px;\">Google Workspace<\/span> como Gmail, Calendar, Classroom son la base de la oferta de Google para los centros educativos.<\/p>\n<p style=\"text-align: justify;\"><strong><a href=\"https:\/\/support.google.com\/a\/answer\/181865\">Los servicios adicionales<\/a><\/strong> (como YouTube, Maps, y Blogger son dise\u00f1ados para los usuarios de cuentas personales y se pueden utilizar de forma opcional con las cuentas de <span style=\"font-size: 14px;\">Google Workspace<\/span> para Centros Educativos si el administrador del Dominio de cada centro autoriza su uso con fines educativos.<\/p>\n<p style=\"text-align: justify;\">El <strong>Colegio Salesiano San Luis Rey<\/strong> permite a su alumnado el acceso a los Servicios Principales de <span style=\"font-size: 14px;\">Google Workspace<\/span> y a los adicionales indicados a continuaci\u00f3n.<\/p>\n<p style=\"text-align: justify;\">\n<p style=\"text-align: justify;\"><strong>AVISO PARA PADRES, MADRES Y TUTORES LEGALES<\/strong><\/p>\n<p style=\"text-align: justify;\">Con sus cuentas de <span style=\"font-size: 14px;\">Google Workspace<\/span> para centros Educativos, el alumnado puede acceder a los siguientes \u201cservicios principales\u201d que ofrece Google y utilizarlos (Se describen en <a href=\"https:\/\/workspace.google.com\/terms\/user_features.html\">https:\/\/workspace.google.com\/terms\/user_features.html<\/a>)<\/p>\n<p style=\"text-align: justify;\"><strong>SERVICIOS PRINCIPALES<\/strong><strong>:<\/strong><\/p>\n<ul style=\"text-align: justify;\">\n<li>Gmail (incluido Inbox by Gmail)<\/li>\n<li>Calendar<\/li>\n<li>Classroom<\/li>\n<li>Contactos<\/li>\n<li>Drive<\/li>\n<li>Documentos<\/li>\n<li>Formularios<\/li>\n<li>Grupos<\/li>\n<li>Hojas de calculo<\/li>\n<li>Sitios web<\/li>\n<li>Meet<\/li>\n<li>Vault<\/li>\n<\/ul>\n<p style=\"text-align: justify;\"><strong>SERVICIOS ADICIONALES:<\/strong><\/p>\n<ul style=\"text-align: justify;\">\n<li>Blogger<\/li>\n<li>YouTube<\/li>\n<li>Maps<\/li>\n<\/ul>\n<p style=\"text-align: justify;\">Google proporciona informaci\u00f3n sobre los datos que recoge as\u00ed como la forma en que utiliza y divulga estos datos de las Cuentas de <span style=\"font-size: 14px;\">Google Workspace<\/span> para Centros Educativos en su Aviso de Privacidad, podr\u00e1s leer en online en <a href=\"https:\/\/workspace.google.com\/terms\/education_privacy.html\">https:llgsuite.google.com\/terms\/education privacy.html<\/a>. Aunque le recomendamos que lea toda la informaci\u00f3n que ah\u00ed se facilita, incluimos a continuaci\u00f3n las respuestas a algunas preguntas frecuentes:<\/p>\n<p style=\"text-align: justify;\"><strong>\u00bfQu\u00e9 informaci\u00f3n personal recoge Google?<\/strong><\/p>\n<p style=\"text-align: justify;\">Al crear una cuenta de alumno, el <strong>Colegio Salesiano San Luis Rey<\/strong> puede proporcionar a Google determinada informaci\u00f3n personal sobre el alumnado (por ej. el nombre, la direcci\u00f3n de correo electr\u00f3nico y la contrase\u00f1a. Google tambi\u00e9n puede recabar informaci\u00f3n personal directamente del alumnado como el n\u00famero de tel\u00e9fono para recuperar la cuenta o una foto de perfil que se a\u00f1ada a la cuenta de <span style=\"font-size: 14px;\">Google Workspace<\/span> para el centro Educativo. Cuando el alumnado use los servicios de Google tambi\u00e9n recabar\u00e1 la informaci\u00f3n basada en el uso de esos servicios. Algunas de sus responsabilidades son:<\/p>\n<ul style=\"text-align: justify;\">\n<li><em>Informaci\u00f3n de dispositivo<\/em> como, por ejemplo, el modelo de hardware, la versi\u00f3n de sistema operativo, los identificadores exclusivos del dispositivo y la informaci\u00f3n de la red m\u00f3vil, incluido en el n\u00famero de tel\u00e9fono.<\/li>\n<li><em>Informaci\u00f3n de registro<\/em>, incluidos los detales de c\u00f3mo ha utilizado el usuario los servicios de Google, los datos de los eventos del dispositivo y la direcci\u00f3n del protocolo de internet del usuario (IP).<\/li>\n<li><em>Informaci\u00f3n de la ubicaci\u00f3n<\/em> seg\u00fan determinen distintas tecnolog\u00edas (p ej. la direcci\u00f3n IP, el GPS y otros sensores).<\/li>\n<li><em>N\u00fameros exclusivos de la aplicaci\u00f3n<\/em> (como el n\u00famero de la versi\u00f3n de la aplicaci\u00f3n).<\/li>\n<li><em>Cookies<\/em> o tecnolog\u00edas similares que se utilizan para recabar y almacenar informaci\u00f3n sobre un navegador o un dispositivo (p. ej., el idioma preferido y otros ajustes).<\/li>\n<\/ul>\n<p style=\"text-align: justify;\">\n<p style=\"text-align: justify;\"><strong>\u00bfUtiliza Google la informaci\u00f3n personal de los alumnos para los usuarios de centros educativos de ense\u00f1anza primaria y secundaria con el fin de orientar la publicidad?<\/strong><\/p>\n<p style=\"text-align: justify;\">No, cuando los usuarios de <span style=\"font-size: 14px;\">Google Workspace<\/span> para Centros Educativos sea alumnado de centros de ense\u00f1anza primaria o secundara Google no utilizar\u00e1 ninguna informaci\u00f3n personal (ni ninguna informaci\u00f3n asociada a una cuenta de <span style=\"font-size: 14px;\">Google Workspace<\/span> para Centros Educativos) con el fin de orientar los anuncios, ya sea en los servicios principales o en otros servicios adicionales a los que se acceda al utilizar una cuenta de <span style=\"font-size: 14px;\">Google Workspace<\/span> para Centros Educativos.<\/p>\n<p style=\"text-align: justify;\"><strong>\u00bfDivulgar\u00e1 Google la informaci\u00f3n personal de mi hijo\/a?<\/strong><\/p>\n<p style=\"text-align: justify;\">Google no compartir\u00e1 informaci\u00f3n personal con empresas organizaciones y particulares fuera de Google a menos que se d\u00e9 una de las circunstancias siguientes:<\/p>\n<ul style=\"text-align: justify;\">\n<li><strong>Con el consentimiento del padre, madre o tutor.<\/strong> Google compartir\u00e1 informaci\u00f3n personal con empresas, organizaciones o particulares no relacionados con Google cuando disponga del consentimiento de los padres, madres o tutores (para los usuarios cuya edad requiera el consentimiento), que se podr\u00e1 obtener a trav\u00e9s de los centros educativos de <span style=\"font-size: 14px;\">Google Workspace<\/span> para Centros Educativos.<\/li>\n<li>Al tratarse de cuentas gestionadas por los centros las cuentas de <span style=\"font-size: 14px;\">Google Workspace<\/span> para Centros Educativos proporcionan a los administradores acceso a la informaci\u00f3n almacenada en ellas.<\/li>\n<li><strong>Para el procesamiento externo<\/strong>: Google puede proporcionar informaci\u00f3n personal a los afiliados o a otras personas o empresas de confianza para que la procesen en nombre de Google, siguiendo nuestras instrucciones de Google y de conformidad con el Aviso de Privacidad de <span style=\"font-size: 14px;\">Google Workspace<\/span> para Centros Educativos y otras medidas de seguridad y confidencialidad adecuadas.<\/li>\n<li><strong>Por motivos legales<\/strong>: Google compartir\u00e1 la informaci\u00f3n personal con empresas, organizaciones o personas a Google si cree de buena fe que acceder, utilizar preservar o divulgar informaci\u00f3n es razonablemente necesario para:<\/li>\n<\/ul>\n<p style=\"text-align: justify;\">\n<ul style=\"text-align: justify;\">\n<li>Cumplir cualquier requisito previsto en la legislaci\u00f3n o normativa aplicable o atender cualquier requerimiento de un \u00f3rgano administrativo o judicial.<\/li>\n<li>Cumplir lo previsto en las condiciones de servicio vigentes, incluida la investigaci\u00f3n de posibles infracciones.<\/li>\n<li>Detectar o impedir cualquier fraude o incidencia t\u00e9cnica o de seguridad, o hacerles frente de otro modo.<\/li>\n<li>Proteger los derechos, los bienes o la seguridad de Google, de nuestros usuarios o del p\u00fablico en general en la medida exigida o permitida por la legislaci\u00f3n vigente. Google tambi\u00e9n comparte informaci\u00f3n no personal (como las tendencias sobre el uso de sus servicios) de forma p\u00fablica y con nuestros partners.<\/li>\n<\/ul>\n<p style=\"text-align: justify;\"><strong>\u00a0<\/strong><\/p>\n<p style=\"text-align: justify;\"><strong>\u00bfQu\u00e9 opciones tengo como padre, madre o tutor?<\/strong><\/p>\n<p style=\"text-align: justify;\">En primer lugar, puedes dar tu consentimiento para que Google recabe y utilice informaci\u00f3n de tu hijo\/a. Si no da su consentimiento, no crearemos una Cuenta de <span style=\"font-size: 14px;\">Google Workspace<\/span> para Centros Educativos para su hijo\/a, y Google no recabar\u00e1 ni utilizar\u00e1 informaci\u00f3n de \u00e9ste, tal y como se describe en este aviso.\u00a0 Si da su consentimiento para que su hijo\/a utilice <span style=\"font-size: 14px;\">Google Workspace<\/span> para Centros Educativos puede ponerse en contacto con el Colegio San Luis Rey para acceder o solicitar la eliminaci\u00f3n de la cuenta de <span style=\"font-size: 14px;\">Google Workspace<\/span> para Centros Educativos de su hijo\/a. Si no quiere que se siga recabando informaci\u00f3n de su hijo\/a, puedes solicitar que utilicemos los controles de servicio disponibles para limitar el acceso de su hijo\/a a las funciones o servicios, o bien eliminar por completo la cuenta de su hijo\/a. Tanto usted como su hijo\/a podr\u00e1n visitar <a href=\"https:\/\/myaccount.google.com\/\">https:myaccount.google.com<\/a> mientras est\u00e1n conectados a la cuenta de <span style=\"font-size: 14px;\">Google Workspace<\/span> para Centros Educativos para ver y gestionar a informaci\u00f3n personal y la configuraci\u00f3n de la Cuenta.<\/p>\n<p style=\"text-align: justify;\">\n<p style=\"text-align: justify;\"><strong>\u00bfQu\u00e9 pasa si tiene m\u00e1s preguntas o le gustar\u00eda leer m\u00e1s?<\/strong><\/p>\n<p style=\"text-align: justify;\">Si tiene alguna pregunta sobre como utilizamos las cuentas de <span style=\"font-size: 14px;\">Google Workspace<\/span> para Centros Educativos de Google o las opciones con las que cuentas, pongase en Contacto con el <strong>Colegio Salesiano San Luis Rey<\/strong>. Para obtener m\u00e1s informaci\u00f3n, puede consultar:<\/p>\n<ul style=\"text-align: justify;\">\n<li><strong><a href=\"https:\/\/workspace.google.com\/terms\/education_privacy.html\">Aviso de Privacidad de <span style=\"font-size: 14px;\">Google Workspace<\/span> para Centros Educativos<\/a><\/strong><strong>, <\/strong>se describe como recaban y utilizan la informaci\u00f3n, los productos y servicios de cuando se usan con cuentas de <span style=\"font-size: 14px;\">Google Workspace<\/span> para Centros Educativos.<\/li>\n<li>Centro de Ayuda, puedes consultar los <strong><a href=\"https:\/\/support.google.com\/a\/answer\/6356441\">compromisos jur\u00eddicos de Google respecto a los servicios principales y adicionales de <span style=\"font-size: 14px;\">Google Workspace<\/span> para Centros Educativos<\/a><\/strong><\/li>\n<li>En la <strong><a href=\"https:\/\/policies.google.com\/technologies\/product-privacy?hl=es\">Gu\u00eda sobre privacidad en los productos de Google<\/a><\/strong> se describen los mecanismos de protecci\u00f3n de la privacidad utilizados en nuestros productos que tambi\u00e9n se explican en <strong><a href=\"https:\/\/safety.google\/\">https:\/\/safety.google\/com<\/a><\/strong> .Ten en cuenta que Google no utiliza informaci\u00f3n personal (ni informaci\u00f3n asociada a una cuenta de <span style=\"font-size: 14px;\">Google Workspace<\/span> para Centros Educativos) para orientar los anuncios a los usuarios de este servicio de los centros de ense\u00f1anza primara y secundaria. Asimismo, esta restricci\u00f3n de nuestro <strong><a href=\"https:\/\/workspace.google.com\/terms\/education_privacy.html\">Aviso de Privacidad<\/a><\/strong> reemplazar\u00e1 a cualquier declaraci\u00f3n sobre el uso de esas p\u00e1ginas.<\/li>\n<li>La informaci\u00f3n sobre el cumplimiento de Google con las obligaciones legales internacionales sobre protecci\u00f3n de datos se puede ver en la <strong><a href=\"https:\/\/workspace.google.com\/terms\/dpa_terms.html\">Agenda sobre Tratamiento de Datos del acuerdo de <span style=\"font-size: 14px;\">Google Workspace<\/span> o de producto complementario<\/a><\/strong> donde se describen las exhaustivas medidas para proteger la seguridad de los datos que Google y sus clientes han acordado.<\/li>\n<li>En la <strong><a href=\"https:\/\/edu.google.com\/why-google\/privacy-security\/\">p\u00e1gina de informaci\u00f3n sobre privacidad y seguridad de Google for Education<\/a><\/strong> encontraras las respuestas a las preguntas m\u00e1s frecuentes sobre estos temas.<\/li>\n<\/ul>\n<p style=\"text-align: justify;\">Los padres, madres o tutores pueden visitar <strong><a href=\"https:\/\/myaccount.google.com\/\">google.com<\/a><\/strong> cuando hayan iniciado sesi\u00f3n en la cuenta de <span style=\"font-size: 14px;\">Google Workspace<\/span> para Centros Educativos de sus hijos\/as para ver y gestionar la informaci\u00f3n personal y la configuraci\u00f3n.<\/p>\n<\/div>\n<p>[\/et_pb_text][\/et_pb_column][\/et_pb_row][\/et_pb_section]<\/p>\n","protected":false},"excerpt":{"rendered":"<p>Pol\u00edtica de uso de Google Workspace del Colegio Salesiano San Luis Rey&nbsp; &nbsp; &nbsp; El Colegio San Luis Rey &#8211; Salesianos Palma del R\u00edo lleg\u00f3 a un acuerdo con Google para la utilizaci\u00f3n de la plataforma Google Workspace para Centros Educativos. Google Workspace para Centros Educativos es un conjunto de herramientas gratuitas de comunicaci\u00f3n y [&hellip;]<\/p>\n","protected":false},"author":2,"featured_media":0,"parent":0,"menu_order":0,"comment_status":"closed","ping_status":"closed","template":"","meta":{"_et_pb_use_builder":"on","_et_pb_old_content":"","_et_gb_content_width":"","footnotes":""},"class_list":["post-5771","page","type-page","status-publish","hentry"],"yoast_head":"<!-- This site is optimized with the Yoast SEO plugin v27.4 - https:\/\/yoast.com\/product\/yoast-seo-wordpress\/ -->\n<title>politica uso google workspace - Colegio<\/title>\n<meta name=\"robots\" content=\"index, follow, max-snippet:-1, max-image-preview:large, max-video-preview:-1\" \/>\n<link rel=\"canonical\" href=\"https:\/\/palmadelrio.salesianos.edu\/colegio\/politica-uso-google-workspace\/\" \/>\n<meta property=\"og:locale\" content=\"es_ES\" \/>\n<meta property=\"og:type\" content=\"article\" \/>\n<meta property=\"og:title\" content=\"politica uso google workspace - Colegio\" \/>\n<meta property=\"og:description\" content=\"Pol\u00edtica de uso de Google Workspace del Colegio Salesiano San Luis Rey&nbsp; &nbsp; &nbsp; El Colegio San Luis Rey - Salesianos Palma del R\u00edo lleg\u00f3 a un acuerdo con Google para la utilizaci\u00f3n de la plataforma Google Workspace para Centros Educativos. Google Workspace para Centros Educativos es un conjunto de herramientas gratuitas de comunicaci\u00f3n y [&hellip;]\" \/>\n<meta property=\"og:url\" content=\"https:\/\/palmadelrio.salesianos.edu\/colegio\/politica-uso-google-workspace\/\" \/>\n<meta property=\"og:site_name\" content=\"Colegio\" \/>\n<meta property=\"article:modified_time\" content=\"2021-12-02T18:12:13+00:00\" \/>\n<meta name=\"twitter:card\" content=\"summary_large_image\" \/>\n<meta name=\"twitter:label1\" content=\"Tiempo de lectura\" \/>\n\t<meta name=\"twitter:data1\" content=\"10 minutos\" \/>\n<script type=\"application\/ld+json\" class=\"yoast-schema-graph\">{\"@context\":\"https:\\\/\\\/schema.org\",\"@graph\":[{\"@type\":\"WebPage\",\"@id\":\"https:\\\/\\\/palmadelrio.salesianos.edu\\\/colegio\\\/politica-uso-google-workspace\\\/\",\"url\":\"https:\\\/\\\/palmadelrio.salesianos.edu\\\/colegio\\\/politica-uso-google-workspace\\\/\",\"name\":\"politica uso google workspace - Colegio\",\"isPartOf\":{\"@id\":\"https:\\\/\\\/palmadelrio.salesianos.edu\\\/colegio\\\/#website\"},\"datePublished\":\"2021-12-02T18:12:09+00:00\",\"dateModified\":\"2021-12-02T18:12:13+00:00\",\"breadcrumb\":{\"@id\":\"https:\\\/\\\/palmadelrio.salesianos.edu\\\/colegio\\\/politica-uso-google-workspace\\\/#breadcrumb\"},\"inLanguage\":\"es\",\"potentialAction\":[{\"@type\":\"ReadAction\",\"target\":[\"https:\\\/\\\/palmadelrio.salesianos.edu\\\/colegio\\\/politica-uso-google-workspace\\\/\"]}]},{\"@type\":\"BreadcrumbList\",\"@id\":\"https:\\\/\\\/palmadelrio.salesianos.edu\\\/colegio\\\/politica-uso-google-workspace\\\/#breadcrumb\",\"itemListElement\":[{\"@type\":\"ListItem\",\"position\":1,\"name\":\"Portada\",\"item\":\"https:\\\/\\\/palmadelrio.salesianos.edu\\\/colegio\\\/\"},{\"@type\":\"ListItem\",\"position\":2,\"name\":\"politica uso google workspace\"}]},{\"@type\":\"WebSite\",\"@id\":\"https:\\\/\\\/palmadelrio.salesianos.edu\\\/colegio\\\/#website\",\"url\":\"https:\\\/\\\/palmadelrio.salesianos.edu\\\/colegio\\\/\",\"name\":\"Colegio\",\"description\":\"P\u00e1gina oficial Salesianos Palma del R\u00edo\",\"potentialAction\":[{\"@type\":\"SearchAction\",\"target\":{\"@type\":\"EntryPoint\",\"urlTemplate\":\"https:\\\/\\\/palmadelrio.salesianos.edu\\\/colegio\\\/?s={search_term_string}\"},\"query-input\":{\"@type\":\"PropertyValueSpecification\",\"valueRequired\":true,\"valueName\":\"search_term_string\"}}],\"inLanguage\":\"es\"}]}<\/script>\n<!-- \/ Yoast SEO plugin. -->","yoast_head_json":{"title":"politica uso google workspace - Colegio","robots":{"index":"index","follow":"follow","max-snippet":"max-snippet:-1","max-image-preview":"max-image-preview:large","max-video-preview":"max-video-preview:-1"},"canonical":"https:\/\/palmadelrio.salesianos.edu\/colegio\/politica-uso-google-workspace\/","og_locale":"es_ES","og_type":"article","og_title":"politica uso google workspace - Colegio","og_description":"Pol\u00edtica de uso de Google Workspace del Colegio Salesiano San Luis Rey&nbsp; &nbsp; &nbsp; El Colegio San Luis Rey - Salesianos Palma del R\u00edo lleg\u00f3 a un acuerdo con Google para la utilizaci\u00f3n de la plataforma Google Workspace para Centros Educativos. Google Workspace para Centros Educativos es un conjunto de herramientas gratuitas de comunicaci\u00f3n y [&hellip;]","og_url":"https:\/\/palmadelrio.salesianos.edu\/colegio\/politica-uso-google-workspace\/","og_site_name":"Colegio","article_modified_time":"2021-12-02T18:12:13+00:00","twitter_card":"summary_large_image","twitter_misc":{"Tiempo de lectura":"10 minutos"},"schema":{"@context":"https:\/\/schema.org","@graph":[{"@type":"WebPage","@id":"https:\/\/palmadelrio.salesianos.edu\/colegio\/politica-uso-google-workspace\/","url":"https:\/\/palmadelrio.salesianos.edu\/colegio\/politica-uso-google-workspace\/","name":"politica uso google workspace - Colegio","isPartOf":{"@id":"https:\/\/palmadelrio.salesianos.edu\/colegio\/#website"},"datePublished":"2021-12-02T18:12:09+00:00","dateModified":"2021-12-02T18:12:13+00:00","breadcrumb":{"@id":"https:\/\/palmadelrio.salesianos.edu\/colegio\/politica-uso-google-workspace\/#breadcrumb"},"inLanguage":"es","potentialAction":[{"@type":"ReadAction","target":["https:\/\/palmadelrio.salesianos.edu\/colegio\/politica-uso-google-workspace\/"]}]},{"@type":"BreadcrumbList","@id":"https:\/\/palmadelrio.salesianos.edu\/colegio\/politica-uso-google-workspace\/#breadcrumb","itemListElement":[{"@type":"ListItem","position":1,"name":"Portada","item":"https:\/\/palmadelrio.salesianos.edu\/colegio\/"},{"@type":"ListItem","position":2,"name":"politica uso google workspace"}]},{"@type":"WebSite","@id":"https:\/\/palmadelrio.salesianos.edu\/colegio\/#website","url":"https:\/\/palmadelrio.salesianos.edu\/colegio\/","name":"Colegio","description":"P\u00e1gina oficial Salesianos Palma del R\u00edo","potentialAction":[{"@type":"SearchAction","target":{"@type":"EntryPoint","urlTemplate":"https:\/\/palmadelrio.salesianos.edu\/colegio\/?s={search_term_string}"},"query-input":{"@type":"PropertyValueSpecification","valueRequired":true,"valueName":"search_term_string"}}],"inLanguage":"es"}]}},"_links":{"self":[{"href":"https:\/\/palmadelrio.salesianos.edu\/colegio\/wp-json\/wp\/v2\/pages\/5771","targetHints":{"allow":["GET"]}}],"collection":[{"href":"https:\/\/palmadelrio.salesianos.edu\/colegio\/wp-json\/wp\/v2\/pages"}],"about":[{"href":"https:\/\/palmadelrio.salesianos.edu\/colegio\/wp-json\/wp\/v2\/types\/page"}],"author":[{"embeddable":true,"href":"https:\/\/palmadelrio.salesianos.edu\/colegio\/wp-json\/wp\/v2\/users\/2"}],"replies":[{"embeddable":true,"href":"https:\/\/palmadelrio.salesianos.edu\/colegio\/wp-json\/wp\/v2\/comments?post=5771"}],"version-history":[{"count":2,"href":"https:\/\/palmadelrio.salesianos.edu\/colegio\/wp-json\/wp\/v2\/pages\/5771\/revisions"}],"predecessor-version":[{"id":5777,"href":"https:\/\/palmadelrio.salesianos.edu\/colegio\/wp-json\/wp\/v2\/pages\/5771\/revisions\/5777"}],"wp:attachment":[{"href":"https:\/\/palmadelrio.salesianos.edu\/colegio\/wp-json\/wp\/v2\/media?parent=5771"}],"curies":[{"name":"wp","href":"https:\/\/api.w.org\/{rel}","templated":true}]}}