{"id":3169,"date":"2017-09-28T11:47:44","date_gmt":"2017-09-28T10:47:44","guid":{"rendered":"https:\/\/palmadelrio.salesianos.edu\/familiasalesiana\/?page_id=3169"},"modified":"2024-06-25T08:45:24","modified_gmt":"2024-06-25T07:45:24","slug":"salesianos-cooperadores","status":"publish","type":"page","link":"https:\/\/palmadelrio.salesianos.edu\/familiasalesiana\/salesianos-cooperadores\/","title":{"rendered":"Salesianos Cooperadores"},"content":{"rendered":"<div id=\"fb-root\"><\/div>\n<p>[et_pb_section fb_built=\u00bb1&#8243; fullwidth=\u00bbon\u00bb admin_label=\u00bbSecci\u00f3n\u00bb _builder_version=\u00bb4.16&#8243; global_colors_info=\u00bb{}\u00bb][et_pb_fullwidth_header title=\u00bbSalesianos Cooperadores\u00bb content_max_width=\u00bbnone\u00bb admin_label=\u00bbT\u00edtulo de anchura completa\u00bb module_class=\u00bbpagina-imagen-cabecera\u00bb _builder_version=\u00bb4.16&#8243; background_color=\u00bbrgba(255, 255, 255, 0)\u00bb background_image=\u00bbhttps:\/\/palmadelrio.salesianos.edu\/familiasalesiana\/wp-content\/uploads\/sites\/4\/2017\/09\/fondo.jpg\u00bb background_layout=\u00bblight\u00bb button_one_letter_spacing_hover=\u00bb0&#8243; button_two_letter_spacing_hover=\u00bb0&#8243; global_colors_info=\u00bb{}\u00bb button_one_text_size__hover_enabled=\u00bboff\u00bb button_two_text_size__hover_enabled=\u00bboff\u00bb button_one_text_color__hover_enabled=\u00bboff\u00bb button_two_text_color__hover_enabled=\u00bboff\u00bb button_one_border_width__hover_enabled=\u00bboff\u00bb button_two_border_width__hover_enabled=\u00bboff\u00bb button_one_border_color__hover_enabled=\u00bboff\u00bb button_two_border_color__hover_enabled=\u00bboff\u00bb button_one_border_radius__hover_enabled=\u00bboff\u00bb button_two_border_radius__hover_enabled=\u00bboff\u00bb button_one_letter_spacing__hover_enabled=\u00bbon\u00bb button_one_letter_spacing__hover=\u00bb0&#8243; button_two_letter_spacing__hover_enabled=\u00bbon\u00bb button_two_letter_spacing__hover=\u00bb0&#8243; button_one_bg_color__hover_enabled=\u00bboff\u00bb button_two_bg_color__hover_enabled=\u00bboff\u00bb][\/et_pb_fullwidth_header][\/et_pb_section][et_pb_section fb_built=\u00bb1&#8243; admin_label=\u00bbsection\u00bb _builder_version=\u00bb4.16&#8243; global_colors_info=\u00bb{}\u00bb][et_pb_row admin_label=\u00bbrow\u00bb _builder_version=\u00bb4.16&#8243; background_size=\u00bbinitial\u00bb background_position=\u00bbtop_left\u00bb background_repeat=\u00bbrepeat\u00bb global_colors_info=\u00bb{}\u00bb][et_pb_column type=\u00bb4_4&#8243; _builder_version=\u00bb4.16&#8243; custom_padding=\u00bb|||\u00bb global_colors_info=\u00bb{}\u00bb custom_padding__hover=\u00bb|||\u00bb][et_pb_text admin_label=\u00bbT\u00edtulo\u00bb _builder_version=\u00bb4.25.1&#8243; header_font_size=\u00bb40px\u00bb background_size=\u00bbinitial\u00bb background_position=\u00bbtop_left\u00bb background_repeat=\u00bbrepeat\u00bb hover_enabled=\u00bb0&#8243; border_style=\u00bbsolid\u00bb global_colors_info=\u00bb{}\u00bb sticky_enabled=\u00bb0&#8243;]<\/p>\n<p>&nbsp;<\/p>\n<h3><strong>SALESIANOS COOPERADORES EN LA CASA SALESIANA DE PALMA DEL R\u00cdO<\/strong><\/h3>\n<p>&nbsp;<\/p>\n<p>[\/et_pb_text][et_pb_text admin_label=\u00bbTexto\u00bb _builder_version=\u00bb4.25.1&#8243; hover_enabled=\u00bb0&#8243; border_style=\u00bbsolid\u00bb global_colors_info=\u00bb{}\u00bb sticky_enabled=\u00bb0&#8243;]<\/p>\n<p style=\"text-align: justify;\">Los salesianos cooperadores est\u00e1n presentes en Palma del R\u00edo desde 2006, cuando hicieron su promesa los primeros aspirantes palme\u00f1os.\u00a0 Despu\u00e9s de eso se han ido formando distintos grupos de aspirantes a Salesianos Cooperadores, habiendo realizado ya tres tandas de promesas desde su inicio.<\/p>\n<p style=\"text-align: justify;\">Pertenecemos a la asociaci\u00f3n de Salesianos Cooperadores dentro de la provincia Mar\u00eda Auxiliadora que abarca Andaluc\u00eda, Extremadura y Canarias.<\/p>\n<p style=\"text-align: justify;\">Actualmente nos encontramos como centro en formaci\u00f3n un grupo de 9 salesianos cooperadores en activo y un grupo de aspirantes que vamos caminando juntos formando un comunidad de referencia en la casa salesiana de Palma del R\u00edo, donde participan de la misi\u00f3n compartida salesiana como animadores de grupos de fe, profesores, miembros de ADMAS, perteneciendo a la Hermandad de la Borriquita,\u00a0 antiguos alumnos, etc.<\/p>\n<p style=\"text-align: justify;\">Adem\u00e1s de participar activamente en la vida salesiana de la casa de Palma del R\u00edo, participar en el Consejo de la CEP,\u00a0 el centro local de Palma del R\u00edo, participa activamente en la vida asociativa con los salesianos cooperadores de la provincia Mar\u00eda Auxiliadora\u00a0 participando en las asambleas, ejercicios espirituales, encuentros de zona, promesas etc.<\/p>\n<p>[\/et_pb_text][\/et_pb_column][\/et_pb_row][et_pb_row admin_label=\u00bbFila\u00bb _builder_version=\u00bb4.16&#8243; background_size=\u00bbinitial\u00bb background_position=\u00bbtop_left\u00bb background_repeat=\u00bbrepeat\u00bb hover_enabled=\u00bb0&#8243; global_colors_info=\u00bb{}\u00bb column_structure=\u00bb1_3,1_3,1_3&#8243; sticky_enabled=\u00bb0&#8243;][et_pb_column type=\u00bb1_3&#8243; _builder_version=\u00bb4.16&#8243; custom_padding=\u00bb|||\u00bb global_colors_info=\u00bb{}\u00bb custom_padding__hover=\u00bb|||\u00bb][et_pb_image src=\u00bbhttps:\/\/palmadelrio.salesianos.edu\/familiasalesiana\/wp-content\/uploads\/sites\/4\/2024\/06\/Imagen-de-WhatsApp-2024-06-18-a-las-09.24.22_bb25e302.jpg\u00bb align=\u00bbcenter\u00bb align_tablet=\u00bbcenter\u00bb align_last_edited=\u00bbon|desktop\u00bb admin_label=\u00bbImagen\u00bb _builder_version=\u00bb4.25.1&#8243; animation_style=\u00bbslide\u00bb animation_direction=\u00bbleft\u00bb animation_duration=\u00bb500ms\u00bb animation_intensity_slide=\u00bb10%\u00bb hover_enabled=\u00bb0&#8243; sticky=\u00bboff\u00bb border_style=\u00bbsolid\u00bb always_center_on_mobile=\u00bbon\u00bb global_colors_info=\u00bb{}\u00bb title_text=\u00bbImagen de WhatsApp 2024-06-18 a las 09.24.22_bb25e302&#8243; sticky_enabled=\u00bb0&#8243; align_phone=\u00bbcenter\u00bb][\/et_pb_image][et_pb_image src=\u00bbhttps:\/\/palmadelrio.salesianos.edu\/familiasalesiana\/wp-content\/uploads\/sites\/4\/2024\/06\/Imagen-de-WhatsApp-2024-06-18-a-las-09.24.22_a23504fc.jpg\u00bb align=\u00bbcenter\u00bb align_tablet=\u00bbcenter\u00bb align_last_edited=\u00bbon|desktop\u00bb admin_label=\u00bbImagen\u00bb _builder_version=\u00bb4.25.1&#8243; animation_style=\u00bbslide\u00bb animation_direction=\u00bbleft\u00bb animation_duration=\u00bb500ms\u00bb animation_intensity_slide=\u00bb10%\u00bb hover_enabled=\u00bb0&#8243; sticky=\u00bboff\u00bb border_style=\u00bbsolid\u00bb always_center_on_mobile=\u00bbon\u00bb global_colors_info=\u00bb{}\u00bb title_text=\u00bbImagen de WhatsApp 2024-06-18 a las 09.24.22_a23504fc\u00bb sticky_enabled=\u00bb0&#8243; align_phone=\u00bbcenter\u00bb][\/et_pb_image][\/et_pb_column][et_pb_column type=\u00bb1_3&#8243; _builder_version=\u00bb4.16&#8243; custom_padding=\u00bb|||\u00bb global_colors_info=\u00bb{}\u00bb custom_padding__hover=\u00bb|||\u00bb][et_pb_image src=\u00bbhttps:\/\/palmadelrio.salesianos.edu\/familiasalesiana\/wp-content\/uploads\/sites\/4\/2024\/06\/Imagen-de-WhatsApp-2024-06-18-a-las-09.24.22_2dffc4bc.jpg\u00bb align=\u00bbcenter\u00bb align_tablet=\u00bbcenter\u00bb align_last_edited=\u00bbon|desktop\u00bb admin_label=\u00bbImagen\u00bb _builder_version=\u00bb4.25.1&#8243; animation_style=\u00bbslide\u00bb animation_direction=\u00bbleft\u00bb animation_duration=\u00bb500ms\u00bb animation_intensity_slide=\u00bb10%\u00bb hover_enabled=\u00bb0&#8243; sticky=\u00bboff\u00bb border_style=\u00bbsolid\u00bb always_center_on_mobile=\u00bbon\u00bb global_colors_info=\u00bb{}\u00bb title_text=\u00bbImagen de WhatsApp 2024-06-18 a las 09.24.22_2dffc4bc\u00bb sticky_enabled=\u00bb0&#8243; align_phone=\u00bbcenter\u00bb][\/et_pb_image][et_pb_image src=\u00bbhttps:\/\/palmadelrio.salesianos.edu\/familiasalesiana\/wp-content\/uploads\/sites\/4\/2024\/06\/Imagen-de-WhatsApp-2024-06-18-a-las-09.24.22_51aa060b.jpg\u00bb align=\u00bbcenter\u00bb align_tablet=\u00bbcenter\u00bb align_last_edited=\u00bbon|desktop\u00bb admin_label=\u00bbImagen\u00bb _builder_version=\u00bb4.25.1&#8243; animation_style=\u00bbslide\u00bb animation_direction=\u00bbleft\u00bb animation_duration=\u00bb500ms\u00bb animation_intensity_slide=\u00bb10%\u00bb hover_enabled=\u00bb0&#8243; sticky=\u00bboff\u00bb border_style=\u00bbsolid\u00bb always_center_on_mobile=\u00bbon\u00bb global_colors_info=\u00bb{}\u00bb title_text=\u00bbImagen de WhatsApp 2024-06-18 a las 09.24.22_51aa060b\u00bb sticky_enabled=\u00bb0&#8243; align_phone=\u00bbcenter\u00bb][\/et_pb_image][\/et_pb_column][et_pb_column type=\u00bb1_3&#8243; _builder_version=\u00bb4.16&#8243; custom_padding=\u00bb|||\u00bb global_colors_info=\u00bb{}\u00bb custom_padding__hover=\u00bb|||\u00bb][et_pb_image src=\u00bbhttps:\/\/palmadelrio.salesianos.edu\/familiasalesiana\/wp-content\/uploads\/sites\/4\/2024\/06\/Imagen-de-WhatsApp-2024-06-18-a-las-09.24.22_e537d5ff.jpg\u00bb align=\u00bbcenter\u00bb align_tablet=\u00bbcenter\u00bb align_last_edited=\u00bbon|desktop\u00bb admin_label=\u00bbImagen\u00bb _builder_version=\u00bb4.25.1&#8243; animation_style=\u00bbslide\u00bb animation_direction=\u00bbleft\u00bb animation_duration=\u00bb500ms\u00bb animation_intensity_slide=\u00bb10%\u00bb hover_enabled=\u00bb0&#8243; sticky=\u00bboff\u00bb border_style=\u00bbsolid\u00bb always_center_on_mobile=\u00bbon\u00bb global_colors_info=\u00bb{}\u00bb title_text=\u00bbImagen de WhatsApp 2024-06-18 a las 09.24.22_e537d5ff\u00bb sticky_enabled=\u00bb0&#8243; align_phone=\u00bbcenter\u00bb][\/et_pb_image][et_pb_image src=\u00bbhttps:\/\/palmadelrio.salesianos.edu\/familiasalesiana\/wp-content\/uploads\/sites\/4\/2024\/06\/Imagen-de-WhatsApp-2024-06-18-a-las-09.24.22_860dfd58.jpg\u00bb align=\u00bbcenter\u00bb align_tablet=\u00bbcenter\u00bb align_last_edited=\u00bbon|desktop\u00bb admin_label=\u00bbImagen\u00bb _builder_version=\u00bb4.25.1&#8243; animation_style=\u00bbslide\u00bb animation_direction=\u00bbleft\u00bb animation_duration=\u00bb500ms\u00bb animation_intensity_slide=\u00bb10%\u00bb hover_enabled=\u00bb0&#8243; sticky=\u00bboff\u00bb border_style=\u00bbsolid\u00bb always_center_on_mobile=\u00bbon\u00bb global_colors_info=\u00bb{}\u00bb title_text=\u00bbImagen de WhatsApp 2024-06-18 a las 09.24.22_860dfd58&#8243; sticky_enabled=\u00bb0&#8243; align_phone=\u00bbcenter\u00bb][\/et_pb_image][\/et_pb_column][\/et_pb_row][\/et_pb_section]<\/p>\n","protected":false},"excerpt":{"rendered":"<p>&nbsp; SALESIANOS COOPERADORES EN LA CASA SALESIANA DE PALMA DEL R\u00cdO &nbsp;Los salesianos cooperadores est\u00e1n presentes en Palma del R\u00edo desde 2006, cuando hicieron su promesa los primeros aspirantes palme\u00f1os.\u00a0 Despu\u00e9s de eso se han ido formando distintos grupos de aspirantes a Salesianos Cooperadores, habiendo realizado ya tres tandas de promesas desde su inicio. Pertenecemos [&hellip;]<\/p>\n","protected":false},"author":2,"featured_media":0,"parent":0,"menu_order":0,"comment_status":"closed","ping_status":"closed","template":"","meta":{"_et_pb_use_builder":"on","_et_pb_old_content":"","_et_gb_content_width":"","footnotes":""},"class_list":["post-3169","page","type-page","status-publish","hentry"],"yoast_head":"<!-- This site is optimized with the Yoast SEO plugin v27.4 - https:\/\/yoast.com\/product\/yoast-seo-wordpress\/ -->\n<title>Salesianos Cooperadores - Familia Salesiana<\/title>\n<meta name=\"robots\" content=\"index, follow, max-snippet:-1, max-image-preview:large, max-video-preview:-1\" \/>\n<link rel=\"canonical\" href=\"https:\/\/palmadelrio.salesianos.edu\/familiasalesiana\/salesianos-cooperadores\/\" \/>\n<meta property=\"og:locale\" content=\"es_ES\" \/>\n<meta property=\"og:type\" content=\"article\" \/>\n<meta property=\"og:title\" content=\"Salesianos Cooperadores - Familia Salesiana\" \/>\n<meta property=\"og:description\" content=\"&nbsp; SALESIANOS COOPERADORES EN LA CASA SALESIANA DE PALMA DEL R\u00cdO &nbsp;Los salesianos cooperadores est\u00e1n presentes en Palma del R\u00edo desde 2006, cuando hicieron su promesa los primeros aspirantes palme\u00f1os.\u00a0 Despu\u00e9s de eso se han ido formando distintos grupos de aspirantes a Salesianos Cooperadores, habiendo realizado ya tres tandas de promesas desde su inicio. Pertenecemos [&hellip;]\" \/>\n<meta property=\"og:url\" content=\"https:\/\/palmadelrio.salesianos.edu\/familiasalesiana\/salesianos-cooperadores\/\" \/>\n<meta property=\"og:site_name\" content=\"Familia Salesiana\" \/>\n<meta property=\"article:modified_time\" content=\"2024-06-25T07:45:24+00:00\" \/>\n<meta name=\"twitter:card\" content=\"summary_large_image\" \/>\n<meta name=\"twitter:label1\" content=\"Tiempo de lectura\" \/>\n\t<meta name=\"twitter:data1\" content=\"3 minutos\" \/>\n<script type=\"application\/ld+json\" class=\"yoast-schema-graph\">{\"@context\":\"https:\\\/\\\/schema.org\",\"@graph\":[{\"@type\":\"WebPage\",\"@id\":\"https:\\\/\\\/palmadelrio.salesianos.edu\\\/familiasalesiana\\\/salesianos-cooperadores\\\/\",\"url\":\"https:\\\/\\\/palmadelrio.salesianos.edu\\\/familiasalesiana\\\/salesianos-cooperadores\\\/\",\"name\":\"Salesianos Cooperadores - Familia Salesiana\",\"isPartOf\":{\"@id\":\"https:\\\/\\\/palmadelrio.salesianos.edu\\\/familiasalesiana\\\/#website\"},\"datePublished\":\"2017-09-28T10:47:44+00:00\",\"dateModified\":\"2024-06-25T07:45:24+00:00\",\"breadcrumb\":{\"@id\":\"https:\\\/\\\/palmadelrio.salesianos.edu\\\/familiasalesiana\\\/salesianos-cooperadores\\\/#breadcrumb\"},\"inLanguage\":\"es\",\"potentialAction\":[{\"@type\":\"ReadAction\",\"target\":[\"https:\\\/\\\/palmadelrio.salesianos.edu\\\/familiasalesiana\\\/salesianos-cooperadores\\\/\"]}]},{\"@type\":\"BreadcrumbList\",\"@id\":\"https:\\\/\\\/palmadelrio.salesianos.edu\\\/familiasalesiana\\\/salesianos-cooperadores\\\/#breadcrumb\",\"itemListElement\":[{\"@type\":\"ListItem\",\"position\":1,\"name\":\"Portada\",\"item\":\"https:\\\/\\\/palmadelrio.salesianos.edu\\\/familiasalesiana\\\/\"},{\"@type\":\"ListItem\",\"position\":2,\"name\":\"Salesianos Cooperadores\"}]},{\"@type\":\"WebSite\",\"@id\":\"https:\\\/\\\/palmadelrio.salesianos.edu\\\/familiasalesiana\\\/#website\",\"url\":\"https:\\\/\\\/palmadelrio.salesianos.edu\\\/familiasalesiana\\\/\",\"name\":\"Familia Salesiana\",\"description\":\"P\u00e1gina oficial Salesianos Palma del R\u00edo\",\"potentialAction\":[{\"@type\":\"SearchAction\",\"target\":{\"@type\":\"EntryPoint\",\"urlTemplate\":\"https:\\\/\\\/palmadelrio.salesianos.edu\\\/familiasalesiana\\\/?s={search_term_string}\"},\"query-input\":{\"@type\":\"PropertyValueSpecification\",\"valueRequired\":true,\"valueName\":\"search_term_string\"}}],\"inLanguage\":\"es\"}]}<\/script>\n<!-- \/ Yoast SEO plugin. -->","yoast_head_json":{"title":"Salesianos Cooperadores - Familia Salesiana","robots":{"index":"index","follow":"follow","max-snippet":"max-snippet:-1","max-image-preview":"max-image-preview:large","max-video-preview":"max-video-preview:-1"},"canonical":"https:\/\/palmadelrio.salesianos.edu\/familiasalesiana\/salesianos-cooperadores\/","og_locale":"es_ES","og_type":"article","og_title":"Salesianos Cooperadores - Familia Salesiana","og_description":"&nbsp; SALESIANOS COOPERADORES EN LA CASA SALESIANA DE PALMA DEL R\u00cdO &nbsp;Los salesianos cooperadores est\u00e1n presentes en Palma del R\u00edo desde 2006, cuando hicieron su promesa los primeros aspirantes palme\u00f1os.\u00a0 Despu\u00e9s de eso se han ido formando distintos grupos de aspirantes a Salesianos Cooperadores, habiendo realizado ya tres tandas de promesas desde su inicio. Pertenecemos [&hellip;]","og_url":"https:\/\/palmadelrio.salesianos.edu\/familiasalesiana\/salesianos-cooperadores\/","og_site_name":"Familia Salesiana","article_modified_time":"2024-06-25T07:45:24+00:00","twitter_card":"summary_large_image","twitter_misc":{"Tiempo de lectura":"3 minutos"},"schema":{"@context":"https:\/\/schema.org","@graph":[{"@type":"WebPage","@id":"https:\/\/palmadelrio.salesianos.edu\/familiasalesiana\/salesianos-cooperadores\/","url":"https:\/\/palmadelrio.salesianos.edu\/familiasalesiana\/salesianos-cooperadores\/","name":"Salesianos Cooperadores - Familia Salesiana","isPartOf":{"@id":"https:\/\/palmadelrio.salesianos.edu\/familiasalesiana\/#website"},"datePublished":"2017-09-28T10:47:44+00:00","dateModified":"2024-06-25T07:45:24+00:00","breadcrumb":{"@id":"https:\/\/palmadelrio.salesianos.edu\/familiasalesiana\/salesianos-cooperadores\/#breadcrumb"},"inLanguage":"es","potentialAction":[{"@type":"ReadAction","target":["https:\/\/palmadelrio.salesianos.edu\/familiasalesiana\/salesianos-cooperadores\/"]}]},{"@type":"BreadcrumbList","@id":"https:\/\/palmadelrio.salesianos.edu\/familiasalesiana\/salesianos-cooperadores\/#breadcrumb","itemListElement":[{"@type":"ListItem","position":1,"name":"Portada","item":"https:\/\/palmadelrio.salesianos.edu\/familiasalesiana\/"},{"@type":"ListItem","position":2,"name":"Salesianos Cooperadores"}]},{"@type":"WebSite","@id":"https:\/\/palmadelrio.salesianos.edu\/familiasalesiana\/#website","url":"https:\/\/palmadelrio.salesianos.edu\/familiasalesiana\/","name":"Familia Salesiana","description":"P\u00e1gina oficial Salesianos Palma del R\u00edo","potentialAction":[{"@type":"SearchAction","target":{"@type":"EntryPoint","urlTemplate":"https:\/\/palmadelrio.salesianos.edu\/familiasalesiana\/?s={search_term_string}"},"query-input":{"@type":"PropertyValueSpecification","valueRequired":true,"valueName":"search_term_string"}}],"inLanguage":"es"}]}},"_links":{"self":[{"href":"https:\/\/palmadelrio.salesianos.edu\/familiasalesiana\/wp-json\/wp\/v2\/pages\/3169","targetHints":{"allow":["GET"]}}],"collection":[{"href":"https:\/\/palmadelrio.salesianos.edu\/familiasalesiana\/wp-json\/wp\/v2\/pages"}],"about":[{"href":"https:\/\/palmadelrio.salesianos.edu\/familiasalesiana\/wp-json\/wp\/v2\/types\/page"}],"author":[{"embeddable":true,"href":"https:\/\/palmadelrio.salesianos.edu\/familiasalesiana\/wp-json\/wp\/v2\/users\/2"}],"replies":[{"embeddable":true,"href":"https:\/\/palmadelrio.salesianos.edu\/familiasalesiana\/wp-json\/wp\/v2\/comments?post=3169"}],"version-history":[{"count":9,"href":"https:\/\/palmadelrio.salesianos.edu\/familiasalesiana\/wp-json\/wp\/v2\/pages\/3169\/revisions"}],"predecessor-version":[{"id":4348,"href":"https:\/\/palmadelrio.salesianos.edu\/familiasalesiana\/wp-json\/wp\/v2\/pages\/3169\/revisions\/4348"}],"wp:attachment":[{"href":"https:\/\/palmadelrio.salesianos.edu\/familiasalesiana\/wp-json\/wp\/v2\/media?parent=3169"}],"curies":[{"name":"wp","href":"https:\/\/api.w.org\/{rel}","templated":true}]}}