{"id":4253,"date":"2017-11-10T13:49:43","date_gmt":"2017-11-10T12:49:43","guid":{"rendered":"https:\/\/palmadelrio.salesianos.edu\/familiasalesiana\/educacion-primaria\/"},"modified":"2022-02-01T10:47:08","modified_gmt":"2022-02-01T09:47:08","slug":"adma","status":"publish","type":"page","link":"https:\/\/palmadelrio.salesianos.edu\/familiasalesiana\/adma\/","title":{"rendered":"Asociaci\u00f3n de Mar\u00eda Auxiliadora"},"content":{"rendered":"<div id=\"fb-root\"><\/div>\n<p>[et_pb_section fb_built=\u00bb1&#8243; fullwidth=\u00bbon\u00bb admin_label=\u00bbsection\u00bb _builder_version=\u00bb3.22&#8243; background_color=\u00bb#2ea3f2&#8243; global_colors_info=\u00bb{}\u00bb][et_pb_fullwidth_header title=\u00bbAsociaci\u00f3n de Mar\u00eda Auxiliadora (ADMA)\u00bb content_max_width=\u00bbnone\u00bb admin_label=\u00bbAsociaci\u00f3n de Mar\u00eda Auxiliadora\u00bb module_class=\u00bbpagina-imagen-cabecera\u00bb _builder_version=\u00bb4.14.7&#8243; background_color=\u00bbrgba(255, 255, 255, 0)\u00bb background_image=\u00bbhttps:\/\/palmadelrio.salesianos.edu\/wp-content\/uploads\/2017\/09\/fondo.jpg\u00bb background_layout=\u00bblight\u00bb button_one_letter_spacing_hover=\u00bb0&#8243; button_two_letter_spacing_hover=\u00bb0&#8243; global_colors_info=\u00bb{}\u00bb button_one_text_size__hover_enabled=\u00bboff\u00bb button_two_text_size__hover_enabled=\u00bboff\u00bb button_one_text_color__hover_enabled=\u00bboff\u00bb button_two_text_color__hover_enabled=\u00bboff\u00bb button_one_border_width__hover_enabled=\u00bboff\u00bb button_two_border_width__hover_enabled=\u00bboff\u00bb button_one_border_color__hover_enabled=\u00bboff\u00bb button_two_border_color__hover_enabled=\u00bboff\u00bb button_one_border_radius__hover_enabled=\u00bboff\u00bb button_two_border_radius__hover_enabled=\u00bboff\u00bb button_one_letter_spacing__hover_enabled=\u00bbon\u00bb button_one_letter_spacing__hover=\u00bb0&#8243; button_two_letter_spacing__hover_enabled=\u00bbon\u00bb button_two_letter_spacing__hover=\u00bb0&#8243; button_one_bg_color__hover_enabled=\u00bboff\u00bb button_two_bg_color__hover_enabled=\u00bboff\u00bb][\/et_pb_fullwidth_header][\/et_pb_section][et_pb_section fb_built=\u00bb1&#8243; admin_label=\u00bbsection\u00bb _builder_version=\u00bb3.22&#8243; global_colors_info=\u00bb{}\u00bb][et_pb_row admin_label=\u00bbrow\u00bb _builder_version=\u00bb3.25&#8243; background_size=\u00bbinitial\u00bb background_position=\u00bbtop_left\u00bb background_repeat=\u00bbrepeat\u00bb global_colors_info=\u00bb{}\u00bb][et_pb_column type=\u00bb4_4&#8243; _builder_version=\u00bb3.25&#8243; custom_padding=\u00bb|||\u00bb global_colors_info=\u00bb{}\u00bb custom_padding__hover=\u00bb|||\u00bb][et_pb_text admin_label=\u00bbHistoria\u00bb _builder_version=\u00bb4.14.7&#8243; background_size=\u00bbinitial\u00bb background_position=\u00bbtop_left\u00bb background_repeat=\u00bbrepeat\u00bb module_alignment=\u00bbleft\u00bb border_style=\u00bbsolid\u00bb global_colors_info=\u00bb{}\u00bb]<\/p>\n<p style=\"text-align: justify;\"><strong>Don Bosco<\/strong> dio tambi\u00e9n vida a la <strong>Asociaci\u00f3n de Mar\u00eda Auxiliadora<\/strong> responsabiliz\u00e1ndola, con compromisos compatibles a la mayor parte de la gente sencilla, en la <strong>espiritualidad<\/strong> y en la <strong>misi\u00f3n<\/strong> de la <strong>Congregaci\u00f3n salesiana<\/strong>. Esto es, promover la veneraci\u00f3n al <strong>sant\u00edsimo sacramento<\/strong> y la devoci\u00f3n a <strong>Mar\u00eda Auxiliadora<\/strong> de los cristianos. Adem\u00e1s, ofrecer un itinerario de <strong>santi\ufb01caci\u00f3n<\/strong> y de <strong>apostolado<\/strong> (Cfr Reglamento).<\/p>\n<p>&nbsp;<\/p>\n<h2 style=\"text-align: justify;\">Historia<\/h2>\n<p style=\"text-align: justify;\">El 9 de junio de 1868, d\u00eda de la consagraci\u00f3n del <strong>Santuario de Mar\u00eda Auxiliadora<\/strong> de <strong>Tur\u00edn<\/strong>, <strong>San Juan Bosco<\/strong> vio realizados buena parte de sus sue\u00f1os. Surge una casa santa donde llegan los peregrinos\u2026 y a ellos Don Bosco conf\u00eda la misi\u00f3n de propagar la <strong>gloria<\/strong> y la <strong>devoci\u00f3n<\/strong> de la Auxiliadora \u201cen todo el mundo\u201d uni\u00e9ndolos mediante la <strong>Asociaci\u00f3n<\/strong> de Mar\u00eda Auxiliadora. Don Bosco consigue la erecci\u00f3n can\u00f3nica de la <strong>Asociaci\u00f3n del arzobispo de Tur\u00edn<\/strong> el 18 de abril de 1869.<\/p>\n<p style=\"text-align: justify;\">Luego, P\u00edo IX, el 5 de abril de 1870, la eleva a la categor\u00eda de <strong>Archicofrad\u00eda<\/strong> con facultad de agregar las asociaciones del mismo nombre y reglamento en la <strong>arquidi\u00f3cesis<\/strong> de Tur\u00edn, y en 1877 la facultad se extiende a todas las di\u00f3cesis de <strong>Piamonte<\/strong>. La <strong>ADMA<\/strong> tiene, \ufb01nalmente, una indiscutible autonom\u00eda y precisa \ufb01sonom\u00eda.<br \/>El 5 de julio de 1989 el Rector Mayor, <strong>Don Egidio Vigan\u00f3<\/strong> con el Consejo General reconoce la pertenencia de la Asociaci\u00f3n de la <strong>Familia salesiana<\/strong>.<\/p>\n<p style=\"text-align: justify;\">La Asociaci\u00f3n tiene el grande y preciado privilegio de constituir hist\u00f3ricamente el segundo grupo de la Familia Salesiana fundado por Don Bosco con consiguiente reglamento escrito por \u00e9l mismo.<\/p>\n<p>&nbsp;<\/p>\n<h2>En Palma del R\u00edo<\/h2>\n<p style=\"text-align: justify;\">La Asociaci\u00f3n, con su <strong>Consejo Local<\/strong> trabaja con ilusi\u00f3n, contin\u00faa con fuerza fortaleciendo la vida <strong>cristiana<\/strong>, profundizando la devoci\u00f3n a <strong>Mar\u00eda Auxiliadora<\/strong>, con la <strong>formaci\u00f3n<\/strong>, la <strong>caridad<\/strong>, la <strong>participaci\u00f3n<\/strong> en la vida <strong>lit\u00fargica<\/strong> de la Iglesia en Palma del R\u00edo y expresamente en nuestra Capilla, lugar de fe, encuentro y peregrinaci\u00f3n, para vivir y difundir la devoci\u00f3n a la Madre de todos, seg\u00fan el esp\u00edritu de <strong>D. Bosco<\/strong>, con diversas y numerosas actividades, la conmemoraci\u00f3n de los d\u00edas 24 y la solemne celebraci\u00f3n de sus \ufb01estas, para ayudar a <strong>renovar<\/strong>, <strong>potenciar<\/strong> y <strong>enriquecer<\/strong> las pr\u00e1cticas de piedad popular e imitar a Mar\u00eda cultivando en la propia <strong>familia<\/strong> un <strong>ambiente<\/strong> <strong>cristiano<\/strong> de <strong>acogida<\/strong>, con esp\u00edritu evang\u00e9lico, recordando las palabras de la Madre del Se\u00f1or: \u201chaced lo que \u00c9l os diga\u201d (Jn 2,5).<\/p>\n<p style=\"text-align: justify;\">Y enriqueciendo este n\u00facleo de la <strong>Familia Salesiana<\/strong> en nuestra ciudad, teniendo en la base de nuestro trabajo a los <strong>j\u00f3venes<\/strong> y especialmente a los <strong>m\u00e1s necesitados<\/strong> y atendiendo a las clases populares de nuestro entorno.<\/p>\n<p>&nbsp;<\/p>\n<p>[\/et_pb_text][et_pb_text admin_label=\u00bbConsejo Local\u00bb _builder_version=\u00bb4.14.7&#8243; module_alignment=\u00bbleft\u00bb hover_enabled=\u00bb0&#8243; border_style=\u00bbsolid\u00bb global_colors_info=\u00bb{}\u00bb sticky_enabled=\u00bb0&#8243;]<\/p>\n<h2>Consejo Local<\/h2>\n<p><span lang=\"ES-TRAD\"><em>Consejo Local de la Asociaci\u00f3n de Mar\u00eda Auxiliadora de Palma del R\u00edo, para el cuatrienio del 31 de enero de 2022 al 31 de enero del 2026.<\/em><\/span><\/p>\n<table style=\"text-align: center; width: 67.6383%; margin: 0px auto; height: 207px;\" border=\"1\" align=\"left\">\n<tbody>\n<tr style=\"height: 23px;\" bgcolor=\"#FFFFFF\">\n<td style=\"width: 43.3701%; height: 23px;\"><strong>D. Fco. Javier Gonz\u00e1lez Cabrera<\/strong><\/td>\n<td style=\"width: 29.3604%; height: 23px;\"><strong>Animador Espiritual\u00a0<\/strong><\/td>\n<\/tr>\n<tr style=\"height: 23px;\">\n<td style=\"width: 43.3701%; height: 23px;\"><strong>D\u00aa Mar\u00eda del Carmen Jim\u00e9nez L\u00f3pez<\/strong><\/td>\n<td style=\"width: 29.3604%; height: 23px;\"><strong>Presidenta\u00a0<\/strong><\/td>\n<\/tr>\n<tr style=\"height: 23px;\">\n<td style=\"width: 43.3701%; height: 23px;\"><strong>D. Francisco S\u00e1nchez Maraver<\/strong><\/td>\n<td style=\"width: 29.3604%; height: 23px;\"><strong> Vicepresidente<\/strong><\/td>\n<\/tr>\n<tr style=\"height: 23px;\">\n<td style=\"width: 43.3701%; height: 23px;\"><strong>D\u00aa Virginia Regal Moreno<\/strong><\/td>\n<td style=\"width: 29.3604%; height: 23px;\"><strong>Secretaria\u00a0<\/strong><\/td>\n<\/tr>\n<tr style=\"height: 23px;\">\n<td style=\"width: 43.3701%; height: 23px;\"><strong>D. \u00c1ngel Ruiz L\u00f3pez<\/strong><\/td>\n<td style=\"width: 29.3604%; height: 23px;\"><strong>Tesorero\u00a0<\/strong><\/td>\n<\/tr>\n<tr style=\"height: 23px;\">\n<td style=\"width: 43.3701%; height: 23px;\"><strong>D. El\u00edas Llamas Ruiz<\/strong><\/td>\n<td style=\"width: 29.3604%; height: 23px;\"><strong>Vocal de Comunicaci\u00f3n\u00a0<\/strong><\/td>\n<\/tr>\n<tr style=\"height: 23px;\">\n<td style=\"width: 43.3701%; height: 23px;\"><strong>D\u00aa Roc\u00edo M\u00e9ndez Almenara<\/strong><\/td>\n<td style=\"width: 29.3604%; height: 23px;\"><strong>Vocal de Liturgia\u00a0<\/strong><\/td>\n<\/tr>\n<tr style=\"height: 23px;\">\n<td style=\"width: 43.3701%; height: 23px;\"><strong>D\u00aa Rosario Rueda Le\u00f3n<\/strong><\/td>\n<td style=\"width: 29.3604%; height: 23px;\"><strong> Vocal de Solidaridad<\/strong><\/td>\n<\/tr>\n<tr style=\"height: 23px;\">\n<td style=\"width: 43.3701%; height: 23px;\"><strong>D\u00aa Mar\u00eda A. Betania Higueras Garc\u00eda<\/strong><\/td>\n<td style=\"width: 29.3604%; height: 23px;\"><strong>Vocal de Solidaridad\u00a0<\/strong><\/td>\n<\/tr>\n<tr>\n<td style=\"width: 43.3701%;\"><strong>D\u00aa Mar\u00eda Jos\u00e9 Montero Gal\u00e1n<\/strong><\/td>\n<td style=\"width: 29.3604%;\"><strong>Vocal de Celadoras<\/strong><\/td>\n<\/tr>\n<tr>\n<td style=\"width: 43.3701%;\"><strong>D\u00aa Mar\u00eda Rosario Gamero Peso<\/strong><\/td>\n<td style=\"width: 29.3604%;\"><strong>Vocal<\/strong><\/td>\n<\/tr>\n<tr>\n<td style=\"width: 43.3701%;\"><strong>D\u00aa Marta S\u00e1nchez Almenara<\/strong><\/td>\n<td style=\"width: 29.3604%;\"><strong>Vocal<\/strong><\/td>\n<\/tr>\n<\/tbody>\n<\/table>\n<p>&nbsp;<\/p>\n<p>&nbsp;<\/p>\n<p>&nbsp;<\/p>\n<p>&nbsp;<\/p>\n<p>&nbsp;<\/p>\n<p>&nbsp;<\/p>\n<p>&nbsp;<\/p>\n<p>&nbsp;<\/p>\n<h3>\u00a0<\/h3>\n<h3>\u00a0<\/h3>\n<h3>\u00a0<\/h3>\n<p>&nbsp;<\/p>\n<h3>\u00a0<\/h3>\n<h3>Direcci\u00f3n y Contacto:<\/h3>\n<p>Asociaci\u00f3n de Mar\u00eda Auxiliadora \u2013 Colegio Salesiano San Luis Rey-<\/p>\n<p>Avda. M\u00aa Auxiliadora, n\u00ba 2 14700 -PALMA DEL R\u00cdO (C\u00f3rdoba)<\/p>\n<p>e-mail: adma.palmadelrio@salesianos.edu<\/p>\n<p>&nbsp;<\/p>\n<p>[\/et_pb_text][et_pb_text disabled_on=\u00bboff|off|off\u00bb admin_label=\u00bbImagen Consejo Local\u00bb _builder_version=\u00bb4.14.7&#8243; module_alignment=\u00bbleft\u00bb border_style=\u00bbsolid\u00bb global_colors_info=\u00bb{}\u00bb]<\/p>\n<h2><a href=\"https:\/\/palmadelrio.salesianos.edu\/familiasalesiana\/wp-content\/uploads\/sites\/4\/2022\/02\/ConsejoADMA-07-scaled.jpg\" target=\"_blank\" rel=\"noopener\"><img loading=\"lazy\" decoding=\"async\" class=\"wp-image-4274 alignleft size-medium\" src=\"https:\/\/palmadelrio.salesianos.edu\/familiasalesiana\/wp-content\/uploads\/sites\/4\/2022\/02\/ConsejoADMA-07-300x200.jpg\" alt=\"\" width=\"900\" height=\"600\" srcset=\"https:\/\/palmadelrio.salesianos.edu\/familiasalesiana\/wp-content\/uploads\/sites\/4\/2022\/02\/ConsejoADMA-07-300x200.jpg 300w, https:\/\/palmadelrio.salesianos.edu\/familiasalesiana\/wp-content\/uploads\/sites\/4\/2022\/02\/ConsejoADMA-07-1024x683.jpg 1024w, https:\/\/palmadelrio.salesianos.edu\/familiasalesiana\/wp-content\/uploads\/sites\/4\/2022\/02\/ConsejoADMA-07-768x512.jpg 768w, https:\/\/palmadelrio.salesianos.edu\/familiasalesiana\/wp-content\/uploads\/sites\/4\/2022\/02\/ConsejoADMA-07-1536x1024.jpg 1536w\" sizes=\"(max-width: 900px) 100vw, 900px\" \/><\/a><\/h2>\n<p>&nbsp;[\/et_pb_text][\/et_pb_column][\/et_pb_row][et_pb_row admin_label=\u00bbrow\u00bb _builder_version=\u00bb3.25&#8243; background_size=\u00bbinitial\u00bb background_position=\u00bbtop_left\u00bb background_repeat=\u00bbrepeat\u00bb global_colors_info=\u00bb{}\u00bb][et_pb_column type=\u00bb4_4&#8243; _builder_version=\u00bb3.25&#8243; custom_padding=\u00bb|||\u00bb global_colors_info=\u00bb{}\u00bb custom_padding__hover=\u00bb|||\u00bb][\/et_pb_column][\/et_pb_row][\/et_pb_section]<\/p>\n","protected":false},"excerpt":{"rendered":"<p>Don Bosco dio tambi\u00e9n vida a la Asociaci\u00f3n de Mar\u00eda Auxiliadora responsabiliz\u00e1ndola, con compromisos compatibles a la mayor parte de la gente sencilla, en la espiritualidad y en la misi\u00f3n de la Congregaci\u00f3n salesiana. Esto es, promover la veneraci\u00f3n al sant\u00edsimo sacramento y la devoci\u00f3n a Mar\u00eda Auxiliadora de los cristianos. Adem\u00e1s, ofrecer un itinerario [&hellip;]<\/p>\n","protected":false},"author":2,"featured_media":0,"parent":0,"menu_order":0,"comment_status":"closed","ping_status":"closed","template":"","meta":{"_et_pb_use_builder":"on","_et_pb_old_content":"","_et_gb_content_width":"","footnotes":""},"class_list":["post-4253","page","type-page","status-publish","hentry"],"yoast_head":"<!-- This site is optimized with the Yoast SEO plugin v27.4 - https:\/\/yoast.com\/product\/yoast-seo-wordpress\/ -->\n<title>Asociaci\u00f3n de Mar\u00eda Auxiliadora - Familia Salesiana<\/title>\n<meta name=\"robots\" content=\"index, follow, max-snippet:-1, max-image-preview:large, max-video-preview:-1\" \/>\n<link rel=\"canonical\" href=\"https:\/\/palmadelrio.salesianos.edu\/familiasalesiana\/adma\/\" \/>\n<meta property=\"og:locale\" content=\"es_ES\" \/>\n<meta property=\"og:type\" content=\"article\" \/>\n<meta property=\"og:title\" content=\"Asociaci\u00f3n de Mar\u00eda Auxiliadora - Familia Salesiana\" \/>\n<meta property=\"og:description\" content=\"Don Bosco dio tambi\u00e9n vida a la Asociaci\u00f3n de Mar\u00eda Auxiliadora responsabiliz\u00e1ndola, con compromisos compatibles a la mayor parte de la gente sencilla, en la espiritualidad y en la misi\u00f3n de la Congregaci\u00f3n salesiana. Esto es, promover la veneraci\u00f3n al sant\u00edsimo sacramento y la devoci\u00f3n a Mar\u00eda Auxiliadora de los cristianos. Adem\u00e1s, ofrecer un itinerario [&hellip;]\" \/>\n<meta property=\"og:url\" content=\"https:\/\/palmadelrio.salesianos.edu\/familiasalesiana\/adma\/\" \/>\n<meta property=\"og:site_name\" content=\"Familia Salesiana\" \/>\n<meta property=\"article:modified_time\" content=\"2022-02-01T09:47:08+00:00\" \/>\n<meta property=\"og:image\" content=\"https:\/\/palmadelrio.salesianos.edu\/familiasalesiana\/wp-content\/uploads\/sites\/4\/2022\/02\/ConsejoADMA-07-300x200.jpg\" \/>\n<meta name=\"twitter:card\" content=\"summary_large_image\" \/>\n<meta name=\"twitter:label1\" content=\"Tiempo de lectura\" \/>\n\t<meta name=\"twitter:data1\" content=\"5 minutos\" \/>\n<script type=\"application\/ld+json\" class=\"yoast-schema-graph\">{\"@context\":\"https:\\\/\\\/schema.org\",\"@graph\":[{\"@type\":\"WebPage\",\"@id\":\"https:\\\/\\\/palmadelrio.salesianos.edu\\\/familiasalesiana\\\/adma\\\/\",\"url\":\"https:\\\/\\\/palmadelrio.salesianos.edu\\\/familiasalesiana\\\/adma\\\/\",\"name\":\"Asociaci\u00f3n de Mar\u00eda Auxiliadora - Familia Salesiana\",\"isPartOf\":{\"@id\":\"https:\\\/\\\/palmadelrio.salesianos.edu\\\/familiasalesiana\\\/#website\"},\"primaryImageOfPage\":{\"@id\":\"https:\\\/\\\/palmadelrio.salesianos.edu\\\/familiasalesiana\\\/adma\\\/#primaryimage\"},\"image\":{\"@id\":\"https:\\\/\\\/palmadelrio.salesianos.edu\\\/familiasalesiana\\\/adma\\\/#primaryimage\"},\"thumbnailUrl\":\"https:\\\/\\\/palmadelrio.salesianos.edu\\\/familiasalesiana\\\/wp-content\\\/uploads\\\/sites\\\/4\\\/2022\\\/02\\\/ConsejoADMA-07-300x200.jpg\",\"datePublished\":\"2017-11-10T12:49:43+00:00\",\"dateModified\":\"2022-02-01T09:47:08+00:00\",\"breadcrumb\":{\"@id\":\"https:\\\/\\\/palmadelrio.salesianos.edu\\\/familiasalesiana\\\/adma\\\/#breadcrumb\"},\"inLanguage\":\"es\",\"potentialAction\":[{\"@type\":\"ReadAction\",\"target\":[\"https:\\\/\\\/palmadelrio.salesianos.edu\\\/familiasalesiana\\\/adma\\\/\"]}]},{\"@type\":\"ImageObject\",\"inLanguage\":\"es\",\"@id\":\"https:\\\/\\\/palmadelrio.salesianos.edu\\\/familiasalesiana\\\/adma\\\/#primaryimage\",\"url\":\"https:\\\/\\\/palmadelrio.salesianos.edu\\\/familiasalesiana\\\/wp-content\\\/uploads\\\/sites\\\/4\\\/2022\\\/02\\\/ConsejoADMA-07-scaled.jpg\",\"contentUrl\":\"https:\\\/\\\/palmadelrio.salesianos.edu\\\/familiasalesiana\\\/wp-content\\\/uploads\\\/sites\\\/4\\\/2022\\\/02\\\/ConsejoADMA-07-scaled.jpg\",\"width\":2560,\"height\":1707},{\"@type\":\"BreadcrumbList\",\"@id\":\"https:\\\/\\\/palmadelrio.salesianos.edu\\\/familiasalesiana\\\/adma\\\/#breadcrumb\",\"itemListElement\":[{\"@type\":\"ListItem\",\"position\":1,\"name\":\"Portada\",\"item\":\"https:\\\/\\\/palmadelrio.salesianos.edu\\\/familiasalesiana\\\/\"},{\"@type\":\"ListItem\",\"position\":2,\"name\":\"Asociaci\u00f3n de Mar\u00eda Auxiliadora\"}]},{\"@type\":\"WebSite\",\"@id\":\"https:\\\/\\\/palmadelrio.salesianos.edu\\\/familiasalesiana\\\/#website\",\"url\":\"https:\\\/\\\/palmadelrio.salesianos.edu\\\/familiasalesiana\\\/\",\"name\":\"Familia Salesiana\",\"description\":\"P\u00e1gina oficial Salesianos Palma del R\u00edo\",\"potentialAction\":[{\"@type\":\"SearchAction\",\"target\":{\"@type\":\"EntryPoint\",\"urlTemplate\":\"https:\\\/\\\/palmadelrio.salesianos.edu\\\/familiasalesiana\\\/?s={search_term_string}\"},\"query-input\":{\"@type\":\"PropertyValueSpecification\",\"valueRequired\":true,\"valueName\":\"search_term_string\"}}],\"inLanguage\":\"es\"}]}<\/script>\n<!-- \/ Yoast SEO plugin. -->","yoast_head_json":{"title":"Asociaci\u00f3n de Mar\u00eda Auxiliadora - Familia Salesiana","robots":{"index":"index","follow":"follow","max-snippet":"max-snippet:-1","max-image-preview":"max-image-preview:large","max-video-preview":"max-video-preview:-1"},"canonical":"https:\/\/palmadelrio.salesianos.edu\/familiasalesiana\/adma\/","og_locale":"es_ES","og_type":"article","og_title":"Asociaci\u00f3n de Mar\u00eda Auxiliadora - Familia Salesiana","og_description":"Don Bosco dio tambi\u00e9n vida a la Asociaci\u00f3n de Mar\u00eda Auxiliadora responsabiliz\u00e1ndola, con compromisos compatibles a la mayor parte de la gente sencilla, en la espiritualidad y en la misi\u00f3n de la Congregaci\u00f3n salesiana. Esto es, promover la veneraci\u00f3n al sant\u00edsimo sacramento y la devoci\u00f3n a Mar\u00eda Auxiliadora de los cristianos. Adem\u00e1s, ofrecer un itinerario [&hellip;]","og_url":"https:\/\/palmadelrio.salesianos.edu\/familiasalesiana\/adma\/","og_site_name":"Familia Salesiana","article_modified_time":"2022-02-01T09:47:08+00:00","og_image":[{"url":"https:\/\/palmadelrio.salesianos.edu\/familiasalesiana\/wp-content\/uploads\/sites\/4\/2022\/02\/ConsejoADMA-07-300x200.jpg","type":"","width":"","height":""}],"twitter_card":"summary_large_image","twitter_misc":{"Tiempo de lectura":"5 minutos"},"schema":{"@context":"https:\/\/schema.org","@graph":[{"@type":"WebPage","@id":"https:\/\/palmadelrio.salesianos.edu\/familiasalesiana\/adma\/","url":"https:\/\/palmadelrio.salesianos.edu\/familiasalesiana\/adma\/","name":"Asociaci\u00f3n de Mar\u00eda Auxiliadora - Familia Salesiana","isPartOf":{"@id":"https:\/\/palmadelrio.salesianos.edu\/familiasalesiana\/#website"},"primaryImageOfPage":{"@id":"https:\/\/palmadelrio.salesianos.edu\/familiasalesiana\/adma\/#primaryimage"},"image":{"@id":"https:\/\/palmadelrio.salesianos.edu\/familiasalesiana\/adma\/#primaryimage"},"thumbnailUrl":"https:\/\/palmadelrio.salesianos.edu\/familiasalesiana\/wp-content\/uploads\/sites\/4\/2022\/02\/ConsejoADMA-07-300x200.jpg","datePublished":"2017-11-10T12:49:43+00:00","dateModified":"2022-02-01T09:47:08+00:00","breadcrumb":{"@id":"https:\/\/palmadelrio.salesianos.edu\/familiasalesiana\/adma\/#breadcrumb"},"inLanguage":"es","potentialAction":[{"@type":"ReadAction","target":["https:\/\/palmadelrio.salesianos.edu\/familiasalesiana\/adma\/"]}]},{"@type":"ImageObject","inLanguage":"es","@id":"https:\/\/palmadelrio.salesianos.edu\/familiasalesiana\/adma\/#primaryimage","url":"https:\/\/palmadelrio.salesianos.edu\/familiasalesiana\/wp-content\/uploads\/sites\/4\/2022\/02\/ConsejoADMA-07-scaled.jpg","contentUrl":"https:\/\/palmadelrio.salesianos.edu\/familiasalesiana\/wp-content\/uploads\/sites\/4\/2022\/02\/ConsejoADMA-07-scaled.jpg","width":2560,"height":1707},{"@type":"BreadcrumbList","@id":"https:\/\/palmadelrio.salesianos.edu\/familiasalesiana\/adma\/#breadcrumb","itemListElement":[{"@type":"ListItem","position":1,"name":"Portada","item":"https:\/\/palmadelrio.salesianos.edu\/familiasalesiana\/"},{"@type":"ListItem","position":2,"name":"Asociaci\u00f3n de Mar\u00eda Auxiliadora"}]},{"@type":"WebSite","@id":"https:\/\/palmadelrio.salesianos.edu\/familiasalesiana\/#website","url":"https:\/\/palmadelrio.salesianos.edu\/familiasalesiana\/","name":"Familia Salesiana","description":"P\u00e1gina oficial Salesianos Palma del R\u00edo","potentialAction":[{"@type":"SearchAction","target":{"@type":"EntryPoint","urlTemplate":"https:\/\/palmadelrio.salesianos.edu\/familiasalesiana\/?s={search_term_string}"},"query-input":{"@type":"PropertyValueSpecification","valueRequired":true,"valueName":"search_term_string"}}],"inLanguage":"es"}]}},"_links":{"self":[{"href":"https:\/\/palmadelrio.salesianos.edu\/familiasalesiana\/wp-json\/wp\/v2\/pages\/4253","targetHints":{"allow":["GET"]}}],"collection":[{"href":"https:\/\/palmadelrio.salesianos.edu\/familiasalesiana\/wp-json\/wp\/v2\/pages"}],"about":[{"href":"https:\/\/palmadelrio.salesianos.edu\/familiasalesiana\/wp-json\/wp\/v2\/types\/page"}],"author":[{"embeddable":true,"href":"https:\/\/palmadelrio.salesianos.edu\/familiasalesiana\/wp-json\/wp\/v2\/users\/2"}],"replies":[{"embeddable":true,"href":"https:\/\/palmadelrio.salesianos.edu\/familiasalesiana\/wp-json\/wp\/v2\/comments?post=4253"}],"version-history":[{"count":20,"href":"https:\/\/palmadelrio.salesianos.edu\/familiasalesiana\/wp-json\/wp\/v2\/pages\/4253\/revisions"}],"predecessor-version":[{"id":4297,"href":"https:\/\/palmadelrio.salesianos.edu\/familiasalesiana\/wp-json\/wp\/v2\/pages\/4253\/revisions\/4297"}],"wp:attachment":[{"href":"https:\/\/palmadelrio.salesianos.edu\/familiasalesiana\/wp-json\/wp\/v2\/media?parent=4253"}],"curies":[{"name":"wp","href":"https:\/\/api.w.org\/{rel}","templated":true}]}}